{"id":8987,"date":"2022-07-17T18:11:38","date_gmt":"2022-07-31T19:46:15","guid":{"rendered":"https:\/\/peugada.pt\/colecao\/beflamboyant-ux-68-white\/"},"modified":"2022-07-31T20:46:16","modified_gmt":"2022-07-31T19:46:16","slug":"beflamboyant-ux-68-white","status":"publish","type":"product","link":"https:\/\/peugada.pt\/es\/coleccion\/beflamboyant-ux-68-white\/","title":{"rendered":"Beflamboyant :: UX-68 White"},"content":{"rendered":"<section class=\"wpb-content-wrapper\"><p>[vc_row full_width=\u00bbstretch_row_content_no_spaces\u00bb content_placement=\u00bbmiddle\u00bb css=\u00bb.vc_custom_1656762282467{background-color: #f2f1ed !important;background-position: center !important;background-repeat: no-repeat !important;background-size: cover !important;}\u00bb el_class=\u00bbrow_columns_reverse_mobile\u00bb][vc_column width=\u00bb1\/2&#8243;][vc_row_inner][vc_column_inner offset=\u00bbvc_col-lg-offset-2 vc_col-lg-9 vc_col-xs-offset-1 vc_col-xs-10&#8243;][vc_column_text]<\/p>\n<h2>Zapatillas deportivas estilo a\u00f1os 90,<br \/>\nreimaginado<\/h2>\n<p>[\/vc_column_text][vc_column_text]Con un dise\u00f1o inspirado en los 90, estas <strong>UX-68<\/strong> de Beflamboyant son unas zapatillas veganas con un dise\u00f1o llamativo.<\/p>\n<p>Este modelo se distingue por una gran comodidad en el pie, especialmente en la zona del tobillo, en gran parte gracias al forro interior de bamb\u00fa reciclado.<\/p>\n<p>Robustos pero ligeros y flexibles en los movimientos del pie al caminar, dado por su plantilla reciclada y el material de \u00faltima generaci\u00f3n a base de ma\u00edz (63% org\u00e1nico).[\/vc_column_text][\/vc_column_inner][\/vc_row_inner][\/vc_column][vc_column width=\u00bb1\/2&#8243;][vc_row_inner][vc_column_inner offset=\u00bbvc_col-lg-10&#8243;][vc_single_image image=\u00bb8326&#8243; img_size=\u00bbfull\u00bb alignment=\u00bbcenter\u00bb][\/vc_column_inner][\/vc_row_inner][\/vc_column][\/vc_row][vc_row full_width=\u00bbstretch_row_content_no_spaces\u00bb content_placement=\u00bbmiddle\u00bb css=\u00bb.vc_custom_1648403405623{padding-top: 42px !important;padding-bottom: 42px !important;}\u00bb][vc_column width=\u00bb1\/2&#8243;][vc_row_inner][vc_column_inner offset=\u00bbvc_col-lg-offset-2 vc_col-lg-10&#8243;][vc_single_image image=\u00bb8306&#8243; img_size=\u00bbfull\u00bb alignment=\u00bbcenter\u00bb][\/vc_column_inner][\/vc_row_inner][\/vc_column][vc_column width=\u00bb1\/2&#8243;][vc_row_inner][vc_column_inner offset=\u00bbvc_col-lg-offset-2 vc_col-lg-8 vc_col-xs-offset-1 vc_col-xs-10&#8243;][vc_column_text]<\/p>\n<h2>En el exterior con residuos de ma\u00edz<\/h2>\n<p>El exterior de la parte superior de estas zapatillas veganas utiliza un 63% de residuos de ma\u00edz de origen org\u00e1nico.<\/p>\n<p>Los cordones est\u00e1n hechos de algod\u00f3n org\u00e1nico.[\/vc_column_text][\/vc_column_inner][\/vc_row_inner][\/vc_column][\/vc_row][vc_row full_width=\u00bbstretch_row_content_no_spaces\u00bb content_placement=\u00bbmiddle\u00bb el_class=\u00bbrow_columns_reverse_mobile\u00bb css=\u00bb.vc_custom_1648404590174{padding-bottom: 42px !important;}\u00bb][vc_column width=\u00bb1\/2&#8243;][vc_row_inner][vc_column_inner width=\u00bb5\/6&#8243; offset=\u00bbvc_col-lg-offset-2 vc_col-lg-8 vc_col-md-offset-1 vc_col-md-10 vc_col-sm-offset-1 vc_col-xs-offset-1 vc_col-xs-10&#8243;][vc_column_text]<\/p>\n<h2>Forro interior reciclado<strong><br \/>\n<\/strong><\/h2>\n<p>El forro interior utiliza bamb\u00fa reciclado, que se trabaja para dar un tacto muy suave.[\/vc_column_text][\/vc_column_inner][\/vc_row_inner][\/vc_column][vc_column width=\u00bb1\/2&#8243;][vc_row_inner][vc_column_inner offset=\u00bbvc_col-lg-10&#8243;][vc_single_image image=\u00bb8310&#8243; img_size=\u00bbfull\u00bb alignment=\u00bbcenter\u00bb][\/vc_column_inner][\/vc_row_inner][\/vc_column][\/vc_row][vc_row full_width=\u00bbstretch_row_content_no_spaces\u00bb content_placement=\u00bbmiddle\u00bb css=\u00bb.vc_custom_1648412937952{padding-bottom: 42px !important;}\u00bb][vc_column width=\u00bb1\/2&#8243;][vc_row_inner][vc_column_inner offset=\u00bbvc_col-lg-offset-2 vc_col-lg-10&#8243;][vc_single_image image=\u00bb8318&#8243; img_size=\u00bbfull\u00bb alignment=\u00bbcenter\u00bb][\/vc_column_inner][\/vc_row_inner][\/vc_column][vc_column width=\u00bb1\/2&#8243;][vc_row_inner][vc_column_inner offset=\u00bbvc_col-lg-offset-2 vc_col-lg-8 vc_col-xs-offset-1 vc_col-xs-10&#8243;][vc_column_text]<\/p>\n<h2>Plantilla reciclada s\u00faper c\u00f3moda<\/h2>\n<p>[\/vc_column_text][vc_column_text]Las plantillas est\u00e1n fabricadas \u00edntegramente con materiales reciclados, con carb\u00f3n activo de origen vegetal.<\/p>\n<p>Esta combinaci\u00f3n de materiales en la plantilla, que se adapta perfectamente a la forma del zapato, es una de las principales razones por las que siempre podemos caminar o correr durante kil\u00f3metros con gran comodidad.<\/p>\n<p>La plantilla es extra\u00edble.[\/vc_column_text][\/vc_column_inner][\/vc_row_inner][\/vc_column][\/vc_row][vc_row full_width=\u00bbstretch_row_content_no_spaces\u00bb content_placement=\u00bbmiddle\u00bb el_class=\u00bbrow_columns_reverse_mobile\u00bb css=\u00bb.vc_custom_1648404590174{padding-bottom: 42px !important;}\u00bb][vc_column width=\u00bb1\/2&#8243;][vc_row_inner][vc_column_inner width=\u00bb5\/6&#8243; offset=\u00bbvc_col-lg-offset-2 vc_col-lg-8 vc_col-md-offset-1 vc_col-md-10 vc_col-sm-offset-1 vc_col-xs-offset-1 vc_col-xs-10&#8243;][vc_column_text]<\/p>\n<h2>Suela de goma reciclada<strong><br \/>\n<\/strong><\/h2>\n<p>La suela est\u00e1 hecha de caucho reciclado, con una altura generosa para un paseo seguro y c\u00f3modo.<\/p>\n<p>La suela est\u00e1 cosida para a\u00f1adir un factor de durabilidad adicional.[\/vc_column_text][\/vc_column_inner][\/vc_row_inner][\/vc_column][vc_column width=\u00bb1\/2&#8243;][vc_row_inner][vc_column_inner offset=\u00bbvc_col-lg-10&#8243;][vc_single_image image=\u00bb8322&#8243; img_size=\u00bbfull\u00bb alignment=\u00bbcenter\u00bb][\/vc_column_inner][\/vc_row_inner][\/vc_column][\/vc_row][vc_row full_width=\u00bbstretch_row_content_no_spaces\u00bb content_placement=\u00bbmiddle\u00bb css=\u00bb.vc_custom_1648412937952{padding-bottom: 42px !important;}\u00bb][vc_column width=\u00bb1\/2&#8243;][vc_row_inner][vc_column_inner offset=\u00bbvc_col-lg-offset-2 vc_col-lg-10&#8243;][vc_single_image image=\u00bb7940&#8243; img_size=\u00bbfull\u00bb alignment=\u00bbcenter\u00bb][\/vc_column_inner][\/vc_row_inner][\/vc_column][vc_column width=\u00bb1\/2&#8243;][vc_row_inner][vc_column_inner offset=\u00bbvc_col-lg-offset-2 vc_col-lg-8 vc_col-xs-offset-1 vc_col-xs-10&#8243;][vc_column_text]<\/p>\n<h2>Producido \u00e9ticamente en Portugal<\/h2>\n<p>[\/vc_column_text][vc_column_text]Estas zapatillas se fabrican en Felgueiras, Portugal, a trav\u00e9s de una empresa que garantiza salarios y condiciones de trabajo justos.<\/p>\n<p>Los proveedores de materiales est\u00e1n certificados, sin tener que cruzar continentes gracias a estar situados entre Portugal, Espa\u00f1a e Italia.[\/vc_column_text][\/vc_column_inner][\/vc_row_inner][\/vc_column][\/vc_row]<\/p>\n<\/section>","protected":false},"excerpt":{"rendered":"<p>[vc_row full_width=\u00bbstretch_row_content_no_spaces\u00bb content_placement=\u00bbmiddle\u00bb css=\u00bb.vc_custom_1656762282467{background-color: #f2f1ed !important;background-position: center !important;background-repeat: no-repeat !important;background-size: cover !important;}\u00bb el_class=\u00bbrow_columns_reverse_mobile\u00bb][vc_column width=\u00bb1\/2&#8243;][vc_row_inner][vc_column_inner offset=\u00bbvc_col-lg-offset-2 vc_col-lg-9 vc_col-xs-offset-1 vc_col-xs-10&#8243;][vc_column_text] Zapatillas deportivas\u2026<\/p>\n","protected":false},"featured_media":8321,"template":"","meta":{"_acf_changed":false,"_seopress_robots_primary_cat":"0","_seopress_titles_title":"","_seopress_titles_desc":"","_seopress_robots_index":""},"product_cat":[306],"product_tag":[],"class_list":["post-8987","product","type-product","status-publish","has-post-thumbnail","hentry","product_cat-tenis-es"],"acf":[],"_links":{"self":[{"href":"https:\/\/peugada.pt\/es\/wp-json\/wp\/v2\/product\/8987","targetHints":{"allow":["GET"]}}],"collection":[{"href":"https:\/\/peugada.pt\/es\/wp-json\/wp\/v2\/product"}],"about":[{"href":"https:\/\/peugada.pt\/es\/wp-json\/wp\/v2\/types\/product"}],"wp:featuredmedia":[{"embeddable":true,"href":"https:\/\/peugada.pt\/es\/wp-json\/wp\/v2\/media\/8321"}],"wp:attachment":[{"href":"https:\/\/peugada.pt\/es\/wp-json\/wp\/v2\/media?parent=8987"}],"wp:term":[{"taxonomy":"product_cat","embeddable":true,"href":"https:\/\/peugada.pt\/es\/wp-json\/wp\/v2\/product_cat?post=8987"},{"taxonomy":"product_tag","embeddable":true,"href":"https:\/\/peugada.pt\/es\/wp-json\/wp\/v2\/product_tag?post=8987"}],"curies":[{"name":"wp","href":"https:\/\/api.w.org\/{rel}","templated":true}]}}