{"id":8969,"date":"2022-05-15T14:34:45","date_gmt":"2022-07-31T19:43:41","guid":{"rendered":"https:\/\/peugada.pt\/colecao\/wayz-the-grit-kaki\/"},"modified":"2022-07-31T20:43:42","modified_gmt":"2022-07-31T19:43:42","slug":"wayz-the-grit-kaki","status":"publish","type":"product","link":"https:\/\/peugada.pt\/es\/coleccion\/wayz-the-grit-kaki\/","title":{"rendered":"Wayz :: The Grit &#8211; KaKi"},"content":{"rendered":"<section class=\"wpb-content-wrapper\"><p>[vc_row full_width=\u00bbstretch_row_content_no_spaces\u00bb content_placement=\u00bbmiddle\u00bb css=\u00bb.vc_custom_1648404757439{background-color: #dcd8cf !important;background-position: center !important;background-repeat: no-repeat !important;background-size: cover !important;}\u00bb el_class=\u00bbrow_columns_reverse_mobile\u00bb][vc_column width=\u00bb1\/2&#8243;][vc_row_inner][vc_column_inner offset=\u00bbvc_col-lg-offset-2 vc_col-lg-10 vc_col-xs-offset-1 vc_col-xs-10&#8243;][vc_column_text]<\/p>\n<h2>The Grit,<br \/>\npersonalidad y comodidad<\/h2>\n<p>[\/vc_column_text][vc_column_text]Hac\u00eda tiempo que buscaba unas zapatillas veganas ligeras, con un dise\u00f1o con personalidad pero resistentes y c\u00f3modas. La b\u00fasqueda termin\u00f3 cuando encontr\u00e9 <strong>The Grit<\/strong> de Wayz.<\/p>\n<p>La suela generosa, metida en el tal\u00f3n y cerca del tobillo, permite caminar con confianza y con la m\u00e1xima comodidad en cualquier terreno. Est\u00e9ticamente, son inconfundibles y quedan a\u00fan mejor con los zapatos puestos.<\/p>\n<p>Las Grit son zapatillas veganas, utilizan materiales reciclados de alta calidad y est\u00e1n hechas a mano para garantizar que duren muchos a\u00f1os.[\/vc_column_text][\/vc_column_inner][\/vc_row_inner][\/vc_column][vc_column width=\u00bb1\/2&#8243;][vc_row_inner][vc_column_inner offset=\u00bbvc_col-lg-10&#8243;][vc_single_image image=\u00bb7863&#8243; img_size=\u00bbfull\u00bb alignment=\u00bbcenter\u00bb][\/vc_column_inner][\/vc_row_inner][\/vc_column][\/vc_row][vc_row full_width=\u00bbstretch_row_content_no_spaces\u00bb content_placement=\u00bbmiddle\u00bb css=\u00bb.vc_custom_1648403405623{padding-top: 42px !important;padding-bottom: 42px !important;}\u00bb][vc_column width=\u00bb1\/2&#8243;][vc_row_inner][vc_column_inner offset=\u00bbvc_col-lg-offset-2 vc_col-lg-10&#8243;][vc_single_image image=\u00bb7856&#8243; img_size=\u00bbfull\u00bb alignment=\u00bbcenter\u00bb][\/vc_column_inner][\/vc_row_inner][\/vc_column][vc_column width=\u00bb1\/2&#8243;][vc_row_inner][vc_column_inner offset=\u00bbvc_col-lg-offset-2 vc_col-lg-8 vc_col-xs-offset-1 vc_col-xs-10&#8243;][vc_column_text]<\/p>\n<h2>Exterior y forro de algod\u00f3n reciclado<\/h2>\n<p>[\/vc_column_text][vc_column_text]La parte superior de la zapatilla utiliza algod\u00f3n reciclado con doble costura, combinado con caucho reciclado para las notas.<\/p>\n<p>El interior tiene un forro de algod\u00f3n tambi\u00e9n reciclado, trabajado de forma que deja respirar el pie. Este es uno de los detalles que permiten a The Grit mantener los pies frescos y c\u00f3modos durante todo el d\u00eda.[\/vc_column_text][\/vc_column_inner][\/vc_row_inner][\/vc_column][\/vc_row][vc_row full_width=\u00bbstretch_row_content_no_spaces\u00bb content_placement=\u00bbmiddle\u00bb el_class=\u00bbrow_columns_reverse_mobile\u00bb css=\u00bb.vc_custom_1648404590174{padding-bottom: 42px !important;}\u00bb][vc_column width=\u00bb1\/2&#8243;][vc_row_inner][vc_column_inner width=\u00bb5\/6&#8243; offset=\u00bbvc_col-lg-offset-2 vc_col-lg-8 vc_col-md-offset-1 vc_col-md-10 vc_col-sm-offset-1 vc_col-xs-offset-1 vc_col-xs-10&#8243;][vc_column_text]<\/p>\n<h2>Suela reciclada<strong><br \/>\n<\/strong><\/h2>\n<p>Utilizaci\u00f3n de un 70% de suela reciclada procedente de zapatos viejos y residuos de producci\u00f3n.<\/p>\n<p>Los puntos de color en la suela son peque\u00f1os trozos de goma reciclada que se han dejado a prop\u00f3sito. Estos puntos de color a\u00f1aden un toque de dise\u00f1o vibrante y hacen que cada par The Grit sea visualmente diferente de todos los dem\u00e1s pares.[\/vc_column_text][\/vc_column_inner][\/vc_row_inner][\/vc_column][vc_column width=\u00bb1\/2&#8243;][vc_row_inner][vc_column_inner offset=\u00bbvc_col-lg-10&#8243;][vc_single_image image=\u00bb7836&#8243; img_size=\u00bbfull\u00bb alignment=\u00bbcenter\u00bb][\/vc_column_inner][\/vc_row_inner][\/vc_column][\/vc_row][vc_row full_width=\u00bbstretch_row_content_no_spaces\u00bb content_placement=\u00bbmiddle\u00bb css=\u00bb.vc_custom_1648412937952{padding-bottom: 42px !important;}\u00bb][vc_column width=\u00bb1\/2&#8243;][vc_row_inner][vc_column_inner offset=\u00bbvc_col-lg-offset-2 vc_col-lg-10&#8243;][vc_single_image image=\u00bb7871&#8243; img_size=\u00bbfull\u00bb alignment=\u00bbcenter\u00bb][\/vc_column_inner][\/vc_row_inner][\/vc_column][vc_column width=\u00bb1\/2&#8243;][vc_row_inner][vc_column_inner offset=\u00bbvc_col-lg-offset-2 vc_col-lg-8 vc_col-xs-offset-1 vc_col-xs-10&#8243;][vc_column_text]<\/p>\n<h2>Plantilla reciclada<\/h2>\n<p>[\/vc_column_text][vc_column_text]Cuando te pones The Grit, notas inmediatamente el impecable tacto de la plantilla en la suela.<\/p>\n<p>La elecci\u00f3n del material es en gran medida responsable, con una plantilla de PU reciclado (p<span class=\"VIiyi\" lang=\"pt\"><br \/>\n  <span class=\"JLqJ4b ChMk0b\" data-language-for-alternatives=\"pt\" data-language-to-translate-into=\"en\" data-phrase-index=\"0\" data-number-of-phrases=\"1\">oliuretano<\/span><br \/>\n<\/span>), recubierto con un acabado de tejido de algod\u00f3n que contribuye a la gran comodidad de las zapatillas.<\/p>\n<p>La plantilla es extra\u00edble.[\/vc_column_text][\/vc_column_inner][\/vc_row_inner][\/vc_column][\/vc_row][vc_row full_width=\u00bbstretch_row_content_no_spaces\u00bb content_placement=\u00bbmiddle\u00bb el_class=\u00bbrow_columns_reverse_mobile\u00bb css=\u00bb.vc_custom_1648404590174{padding-bottom: 42px !important;}\u00bb][vc_column width=\u00bb1\/2&#8243;][vc_row_inner][vc_column_inner width=\u00bb5\/6&#8243; offset=\u00bbvc_col-lg-offset-2 vc_col-lg-8 vc_col-md-offset-1 vc_col-md-10 vc_col-sm-offset-1 vc_col-xs-offset-1 vc_col-xs-10&#8243;][vc_column_text]<\/p>\n<h2>Dise\u00f1ado y producido localmente<strong><br \/>\n<\/strong><\/h2>\n<p>El Grit est\u00e1 dise\u00f1ado en <strong>Oporto (Portugal<\/strong>), con materiales y proveedores de producci\u00f3n situados cerca de la regi\u00f3n.<\/p>\n<p>La marca Wayz trabaja \u00fanicamente con empresas familiares, con gran experiencia en la producci\u00f3n de calzado de alta calidad, cuyos trabajadores reciben una remuneraci\u00f3n justa y con buenas condiciones laborales.[\/vc_column_text][\/vc_column_inner][\/vc_row_inner][\/vc_column][vc_column width=\u00bb1\/2&#8243;][vc_row_inner][vc_column_inner offset=\u00bbvc_col-lg-10&#8243;][vc_single_image image=\u00bb7875&#8243; img_size=\u00bbfull\u00bb alignment=\u00bbcenter\u00bb][\/vc_column_inner][\/vc_row_inner][\/vc_column][\/vc_row][vc_row full_width=\u00bbstretch_row_content_no_spaces\u00bb content_placement=\u00bbmiddle\u00bb css=\u00bb.vc_custom_1648412937952{padding-bottom: 42px !important;}\u00bb][vc_column width=\u00bb1\/2&#8243;][vc_row_inner][vc_column_inner offset=\u00bbvc_col-lg-offset-2 vc_col-lg-10&#8243;][vc_single_image image=\u00bb7879&#8243; img_size=\u00bbfull\u00bb alignment=\u00bbcenter\u00bb][\/vc_column_inner][\/vc_row_inner][\/vc_column][vc_column width=\u00bb1\/2&#8243;][vc_row_inner][vc_column_inner offset=\u00bbvc_col-lg-offset-2 vc_col-lg-8 vc_col-xs-offset-1 vc_col-xs-10&#8243;][vc_column_text]<\/p>\n<h2>Cordones y caja reciclada<\/h2>\n<p>[\/vc_column_text][vc_column_text]Los cordones son resistentes, hechos de poli\u00e9ster reciclado.<\/p>\n<p>Las zapatillas vienen dentro de una caja reciclada, utilizando el menor material posible.[\/vc_column_text][\/vc_column_inner][\/vc_row_inner][\/vc_column][\/vc_row]<\/p>\n<\/section>","protected":false},"excerpt":{"rendered":"<p>[vc_row full_width=\u00bbstretch_row_content_no_spaces\u00bb content_placement=\u00bbmiddle\u00bb css=\u00bb.vc_custom_1648404757439{background-color: #dcd8cf !important;background-position: center !important;background-repeat: no-repeat !important;background-size: cover !important;}\u00bb el_class=\u00bbrow_columns_reverse_mobile\u00bb][vc_column width=\u00bb1\/2&#8243;][vc_row_inner][vc_column_inner offset=\u00bbvc_col-lg-offset-2 vc_col-lg-10 vc_col-xs-offset-1 vc_col-xs-10&#8243;][vc_column_text] The Grit,\u2026<\/p>\n","protected":false},"featured_media":8171,"template":"","meta":{"_acf_changed":false,"_seopress_robots_primary_cat":"0","_seopress_titles_title":"","_seopress_titles_desc":"","_seopress_robots_index":""},"product_cat":[306],"product_tag":[],"class_list":["post-8969","product","type-product","status-publish","has-post-thumbnail","hentry","product_cat-tenis-es"],"acf":[],"_links":{"self":[{"href":"https:\/\/peugada.pt\/es\/wp-json\/wp\/v2\/product\/8969","targetHints":{"allow":["GET"]}}],"collection":[{"href":"https:\/\/peugada.pt\/es\/wp-json\/wp\/v2\/product"}],"about":[{"href":"https:\/\/peugada.pt\/es\/wp-json\/wp\/v2\/types\/product"}],"wp:featuredmedia":[{"embeddable":true,"href":"https:\/\/peugada.pt\/es\/wp-json\/wp\/v2\/media\/8171"}],"wp:attachment":[{"href":"https:\/\/peugada.pt\/es\/wp-json\/wp\/v2\/media?parent=8969"}],"wp:term":[{"taxonomy":"product_cat","embeddable":true,"href":"https:\/\/peugada.pt\/es\/wp-json\/wp\/v2\/product_cat?post=8969"},{"taxonomy":"product_tag","embeddable":true,"href":"https:\/\/peugada.pt\/es\/wp-json\/wp\/v2\/product_tag?post=8969"}],"curies":[{"name":"wp","href":"https:\/\/api.w.org\/{rel}","templated":true}]}}