{"id":8939,"date":"2022-04-06T15:47:41","date_gmt":"2022-07-31T19:34:20","guid":{"rendered":"https:\/\/peugada.pt\/colecao\/beflamboyant-street-black\/"},"modified":"2022-07-31T20:34:21","modified_gmt":"2022-07-31T19:34:21","slug":"beflamboyant-street-black","status":"publish","type":"product","link":"https:\/\/peugada.pt\/es\/coleccion\/beflamboyant-street-black\/","title":{"rendered":"Beflamboyant :: Street &#8211; Black"},"content":{"rendered":"<section class=\"wpb-content-wrapper\"><p>[vc_row full_width=\u00bbstretch_row_content_no_spaces\u00bb content_placement=\u00bbmiddle\u00bb css=\u00bb.vc_custom_1658076713705{background-color: #f2f1ed !important;background-position: center !important;background-repeat: no-repeat !important;background-size: cover !important;}\u00bb el_class=\u00bbrow_columns_reverse_mobile\u00bb][vc_column width=\u00bb1\/2&#8243;][vc_row_inner][vc_column_inner offset=\u00bbvc_col-lg-offset-2 vc_col-lg-9 vc_col-xs-offset-1 vc_col-xs-10&#8243;][vc_column_text]<\/p>\n<h2>La calle,<br \/>\ncalzado deportivo vegano<\/h2>\n<p>[\/vc_column_text][vc_column_text]Por \u00faltimo, unas deportivas veganas que son perfectas tanto para correr como para salir. Estas zapatillas de calle de Beflamboyant se adaptan f\u00e1cilmente a cualquier circunstancia.<\/p>\n<p>Son extremadamente ligeros, lo que, combinado con la comodidad al caminar, permite llegar al final del d\u00eda con los pies en buenas condiciones, incluso en los d\u00edas en que se caminan kil\u00f3metros.<\/p>\n<p>Son zapatillas veganas, producidas en <strong>Portugal<\/strong> con materiales reciclados y sostenibles de origen vegetal.[\/vc_column_text][\/vc_column_inner][\/vc_row_inner][\/vc_column][vc_column width=\u00bb1\/2&#8243;][vc_row_inner][vc_column_inner offset=\u00bbvc_col-lg-10&#8243;][vc_single_image image=\u00bb8387&#8243; img_size=\u00bbfull\u00bb alignment=\u00bbcenter\u00bb][\/vc_column_inner][\/vc_row_inner][\/vc_column][\/vc_row][vc_row full_width=\u00bbstretch_row_content_no_spaces\u00bb content_placement=\u00bbmiddle\u00bb css=\u00bb.vc_custom_1648403405623{padding-top: 42px !important;padding-bottom: 42px !important;}\u00bb][vc_column width=\u00bb1\/2&#8243;][vc_row_inner][vc_column_inner offset=\u00bbvc_col-lg-offset-2 vc_col-lg-10&#8243;][vc_single_image image=\u00bb8375&#8243; img_size=\u00bbfull\u00bb alignment=\u00bbcenter\u00bb][\/vc_column_inner][\/vc_row_inner][\/vc_column][vc_column width=\u00bb1\/2&#8243;][vc_row_inner][vc_column_inner offset=\u00bbvc_col-lg-offset-2 vc_col-lg-8 vc_col-xs-offset-1 vc_col-xs-10&#8243;][vc_column_text]<\/p>\n<h2>Exterior de material reciclado y sostenible<\/h2>\n<p>El exterior de la parte superior de estas zapatillas veganas tiene un aspecto inconfundible gracias a una malla hecha de pl\u00e1stico PET reciclado, que cubre gran parte de la zapatilla.<\/p>\n<p>Este exterior se sigue fabricando con residuos org\u00e1nicos de ma\u00edz.<\/p>\n<p>Los cordones est\u00e1n hechos de algod\u00f3n reciclado.[\/vc_column_text][\/vc_column_inner][\/vc_row_inner][\/vc_column][\/vc_row][vc_row full_width=\u00bbstretch_row_content_no_spaces\u00bb content_placement=\u00bbmiddle\u00bb el_class=\u00bbrow_columns_reverse_mobile\u00bb css=\u00bb.vc_custom_1648404590174{padding-bottom: 42px !important;}\u00bb][vc_column width=\u00bb1\/2&#8243;][vc_row_inner][vc_column_inner width=\u00bb5\/6&#8243; offset=\u00bbvc_col-lg-offset-2 vc_col-lg-8 vc_col-md-offset-1 vc_col-md-10 vc_col-sm-offset-1 vc_col-xs-offset-1 vc_col-xs-10&#8243;][vc_column_text]<\/p>\n<h2>Forro interior reciclado<strong><br \/>\n<\/strong><\/h2>\n<p>El forro interior hace uso de un material tipo pl\u00e1stico reciclado, pero extremadamente c\u00f3modo.<\/p>\n<p>El color del forro var\u00eda en funci\u00f3n del color predominante de las zapatillas.[\/vc_column_text][\/vc_column_inner][\/vc_row_inner][\/vc_column][vc_column width=\u00bb1\/2&#8243;][vc_row_inner][vc_column_inner offset=\u00bbvc_col-lg-10&#8243;][vc_single_image image=\u00bb8371&#8243; img_size=\u00bbfull\u00bb alignment=\u00bbcenter\u00bb][\/vc_column_inner][\/vc_row_inner][\/vc_column][\/vc_row][vc_row full_width=\u00bbstretch_row_content_no_spaces\u00bb content_placement=\u00bbmiddle\u00bb css=\u00bb.vc_custom_1648412937952{padding-bottom: 42px !important;}\u00bb][vc_column width=\u00bb1\/2&#8243;][vc_row_inner][vc_column_inner offset=\u00bbvc_col-lg-offset-2 vc_col-lg-10&#8243;][vc_single_image image=\u00bb7932&#8243; img_size=\u00bbfull\u00bb alignment=\u00bbcenter\u00bb][\/vc_column_inner][\/vc_row_inner][\/vc_column][vc_column width=\u00bb1\/2&#8243;][vc_row_inner][vc_column_inner offset=\u00bbvc_col-lg-offset-2 vc_col-lg-8 vc_col-xs-offset-1 vc_col-xs-10&#8243;][vc_column_text]<\/p>\n<h2>Plantilla reciclada<\/h2>\n<p>[\/vc_column_text][vc_column_text]Las plantillas est\u00e1n fabricadas \u00edntegramente con materiales reciclados, con carb\u00f3n activo de origen vegetal.<\/p>\n<p>Esta combinaci\u00f3n de materiales en la plantilla, que se adapta perfectamente a la forma del zapato, es una de las principales razones por las que siempre podemos caminar o correr durante kil\u00f3metros con gran comodidad.<\/p>\n<p>La plantilla es extra\u00edble.[\/vc_column_text][\/vc_column_inner][\/vc_row_inner][\/vc_column][\/vc_row][vc_row full_width=\u00bbstretch_row_content_no_spaces\u00bb content_placement=\u00bbmiddle\u00bb el_class=\u00bbrow_columns_reverse_mobile\u00bb css=\u00bb.vc_custom_1648404590174{padding-bottom: 42px !important;}\u00bb][vc_column width=\u00bb1\/2&#8243;][vc_row_inner][vc_column_inner width=\u00bb5\/6&#8243; offset=\u00bbvc_col-lg-offset-2 vc_col-lg-8 vc_col-md-offset-1 vc_col-md-10 vc_col-sm-offset-1 vc_col-xs-offset-1 vc_col-xs-10&#8243;][vc_column_text]<\/p>\n<h2>Suela reciclada<strong><br \/>\n<\/strong><\/h2>\n<p>Uno de los elementos de mayor fuerza est\u00e9tica de las zapatillas Street es su suela de gran tama\u00f1o.<\/p>\n<p>Los materiales reciclados utilizados dan a la zapatilla un peso muy reducido a pesar del tama\u00f1o de la suela.[\/vc_column_text][\/vc_column_inner][\/vc_row_inner][\/vc_column][vc_column width=\u00bb1\/2&#8243;][vc_row_inner][vc_column_inner offset=\u00bbvc_col-lg-10&#8243;][vc_single_image image=\u00bb8379&#8243; img_size=\u00bbfull\u00bb alignment=\u00bbcenter\u00bb][\/vc_column_inner][\/vc_row_inner][\/vc_column][\/vc_row][vc_row full_width=\u00bbstretch_row_content_no_spaces\u00bb content_placement=\u00bbmiddle\u00bb css=\u00bb.vc_custom_1648412937952{padding-bottom: 42px !important;}\u00bb][vc_column width=\u00bb1\/2&#8243;][vc_row_inner][vc_column_inner offset=\u00bbvc_col-lg-offset-2 vc_col-lg-10&#8243;][vc_single_image image=\u00bb7940&#8243; img_size=\u00bbfull\u00bb alignment=\u00bbcenter\u00bb][\/vc_column_inner][\/vc_row_inner][\/vc_column][vc_column width=\u00bb1\/2&#8243;][vc_row_inner][vc_column_inner offset=\u00bbvc_col-lg-offset-2 vc_col-lg-8 vc_col-xs-offset-1 vc_col-xs-10&#8243;][vc_column_text]<\/p>\n<h2>Producido \u00e9ticamente en Portugal<\/h2>\n<p>[\/vc_column_text][vc_column_text]Estas zapatillas se fabrican en Felgueiras, Portugal, a trav\u00e9s de una empresa que garantiza salarios y condiciones de trabajo justos.<\/p>\n<p>Los proveedores de materiales est\u00e1n certificados, sin tener que cruzar continentes gracias a estar situados entre Portugal, Espa\u00f1a e Italia.[\/vc_column_text][\/vc_column_inner][\/vc_row_inner][\/vc_column][\/vc_row]<\/p>\n<\/section>","protected":false},"excerpt":{"rendered":"<p>[vc_row full_width=\u00bbstretch_row_content_no_spaces\u00bb content_placement=\u00bbmiddle\u00bb css=\u00bb.vc_custom_1658076713705{background-color: #f2f1ed !important;background-position: center !important;background-repeat: no-repeat !important;background-size: cover !important;}\u00bb el_class=\u00bbrow_columns_reverse_mobile\u00bb][vc_column width=\u00bb1\/2&#8243;][vc_row_inner][vc_column_inner offset=\u00bbvc_col-lg-offset-2 vc_col-lg-9 vc_col-xs-offset-1 vc_col-xs-10&#8243;][vc_column_text] La calle,\u2026<\/p>\n","protected":false},"featured_media":8386,"template":"","meta":{"_acf_changed":false,"_seopress_robots_primary_cat":"0","_seopress_titles_title":"","_seopress_titles_desc":"","_seopress_robots_index":""},"product_cat":[306],"product_tag":[],"class_list":["post-8939","product","type-product","status-publish","has-post-thumbnail","hentry","product_cat-tenis-es"],"acf":[],"_links":{"self":[{"href":"https:\/\/peugada.pt\/es\/wp-json\/wp\/v2\/product\/8939","targetHints":{"allow":["GET"]}}],"collection":[{"href":"https:\/\/peugada.pt\/es\/wp-json\/wp\/v2\/product"}],"about":[{"href":"https:\/\/peugada.pt\/es\/wp-json\/wp\/v2\/types\/product"}],"wp:featuredmedia":[{"embeddable":true,"href":"https:\/\/peugada.pt\/es\/wp-json\/wp\/v2\/media\/8386"}],"wp:attachment":[{"href":"https:\/\/peugada.pt\/es\/wp-json\/wp\/v2\/media?parent=8939"}],"wp:term":[{"taxonomy":"product_cat","embeddable":true,"href":"https:\/\/peugada.pt\/es\/wp-json\/wp\/v2\/product_cat?post=8939"},{"taxonomy":"product_tag","embeddable":true,"href":"https:\/\/peugada.pt\/es\/wp-json\/wp\/v2\/product_tag?post=8939"}],"curies":[{"name":"wp","href":"https:\/\/api.w.org\/{rel}","templated":true}]}}