{"id":8933,"date":"2022-05-15T16:30:52","date_gmt":"2022-07-31T19:32:22","guid":{"rendered":"https:\/\/peugada.pt\/colecao\/wayz-the-hedonist-white-beige-dry-rose\/"},"modified":"2022-09-24T12:17:42","modified_gmt":"2022-09-24T11:17:42","slug":"wayz-the-hedonist-white-beige-dry-rose","status":"publish","type":"product","link":"https:\/\/peugada.pt\/es\/coleccion\/wayz-the-hedonist-white-beige-dry-rose\/","title":{"rendered":"Wayz :: The Hedonist &#8211; White Beige Dry Rose"},"content":{"rendered":"<section class=\"wpb-content-wrapper\"><p>[vc_row full_width=\u00bbstretch_row_content_no_spaces\u00bb content_placement=\u00bbmiddle\u00bb css=\u00bb.vc_custom_1652629329108{background-color: #e2cab0 !important;background-position: center !important;background-repeat: no-repeat !important;background-size: cover !important;}\u00bb el_class=\u00bbrow_columns_reverse_mobile\u00bb][vc_column width=\u00bb1\/2&#8243;][vc_row_inner][vc_column_inner offset=\u00bbvc_col-lg-offset-2 vc_col-lg-10 vc_col-xs-offset-1 vc_col-xs-10&#8243;][vc_column_text]<\/p>\n<h2>The Hedonist<\/h2>\n<p>[\/vc_column_text][vc_column_text]<strong>El<\/strong> \u00faltimo modelo de Wayz, <strong>The Hedonist<\/strong>, es el resultado de la experiencia acumulada por la marca en la producci\u00f3n y elecci\u00f3n de materiales ecol\u00f3gicos. El resultado es un <strong>dise\u00f1o<\/strong> sorprendentemente ligero.<\/p>\n<p>En cuanto a la <strong>comodidad<\/strong>, la dureza inicial de los materiales se compensa con un forro interior y una plantilla de tacto suave desde el primer uso. Despu\u00e9s de un poco de uso, la calidad superior de The Hedonist destaca en su totalidad, con la flexibilidad que se suma a la comodidad que se siente en todo el pie.<\/p>\n<p>De este modo, se ha podido crear un par de zapatillas de deporte ecol\u00f3gicas que son robustas y resistentes, proporcionando una larga vida \u00fatil, y a la vez muy c\u00f3modas.[\/vc_column_text][\/vc_column_inner][\/vc_row_inner][\/vc_column][vc_column width=\u00bb1\/2&#8243;][vc_row_inner][vc_column_inner offset=\u00bbvc_col-lg-offset-1 vc_col-lg-10&#8243;][vc_single_image image=\u00bb8221&#8243; img_size=\u00bbfull\u00bb alignment=\u00bbcenter\u00bb][\/vc_column_inner][\/vc_row_inner][\/vc_column][\/vc_row][vc_row full_width=\u00bbstretch_row_content_no_spaces\u00bb content_placement=\u00bbmiddle\u00bb css=\u00bb.vc_custom_1648403405623{padding-top: 42px !important;padding-bottom: 42px !important;}\u00bb][vc_column width=\u00bb1\/2&#8243;][vc_row_inner][vc_column_inner offset=\u00bbvc_col-lg-offset-2 vc_col-lg-10&#8243;][vc_single_image image=\u00bb8230&#8243; img_size=\u00bbfull\u00bb alignment=\u00bbcenter\u00bb][\/vc_column_inner][\/vc_row_inner][\/vc_column][vc_column width=\u00bb1\/2&#8243;][vc_row_inner][vc_column_inner offset=\u00bbvc_col-lg-offset-2 vc_col-lg-8 vc_col-xs-offset-1 vc_col-xs-10&#8243;][vc_column_text]<\/p>\n<h2>Materiales ecol\u00f3gicos<\/h2>\n<p>[\/vc_column_text][vc_column_text]El exterior combina el uso de cuero vegetal cuyo proceso de curtido para darle el tono de color se hizo sin el uso de metales. Esta materia prima se obtiene siempre de los residuos de la industria c\u00e1rnica. De este modo, es posible utilizar este material de forma respetuosa con el medio ambiente para obtener un zapato extremadamente duradero y que permita que los pies respiren de forma natural.<\/p>\n<p>Tambi\u00e9n se utilizan pl\u00e1sticos recogidos del oc\u00e9ano, que tras ser reciclados y a\u00f1adidos al algod\u00f3n reciclado, conforman un tejido exterior \u00fanico tanto por su tacto como por la flexibilidad que aportan al zapato durante su uso diario.[\/vc_column_text][\/vc_column_inner][\/vc_row_inner][\/vc_column][\/vc_row][vc_row full_width=\u00bbstretch_row_content_no_spaces\u00bb content_placement=\u00bbmiddle\u00bb el_class=\u00bbrow_columns_reverse_mobile\u00bb css=\u00bb.vc_custom_1648404590174{padding-bottom: 42px !important;}\u00bb][vc_column width=\u00bb1\/2&#8243;][vc_row_inner][vc_column_inner width=\u00bb5\/6&#8243; offset=\u00bbvc_col-lg-offset-2 vc_col-lg-8 vc_col-md-offset-1 vc_col-md-10 vc_col-sm-offset-1 vc_col-xs-offset-1 vc_col-xs-10&#8243;][vc_column_text]<\/p>\n<h2>Suela reciclada de gran agarre<strong><br \/>\n<\/strong><\/h2>\n<p>La suela est\u00e1 fabricada con caucho reciclado de zapatos viejos y residuos de producci\u00f3n.<\/p>\n<p>La suela est\u00e1 cosida para que The Hedonist sea (a\u00fan m\u00e1s) duradera.<\/p>\n<p>La banda de rodadura de la suela est\u00e1 dise\u00f1ada para ofrecer un gran agarre al suelo y no desgastarse despu\u00e9s de media docena de meses.[\/vc_column_text][\/vc_column_inner][\/vc_row_inner][\/vc_column][vc_column width=\u00bb1\/2&#8243;][vc_row_inner][vc_column_inner offset=\u00bbvc_col-lg-10&#8243;][vc_single_image image=\u00bb8226&#8243; img_size=\u00bbfull\u00bb alignment=\u00bbcenter\u00bb][\/vc_column_inner][\/vc_row_inner][\/vc_column][\/vc_row][vc_row full_width=\u00bbstretch_row_content_no_spaces\u00bb content_placement=\u00bbmiddle\u00bb css=\u00bb.vc_custom_1648412937952{padding-bottom: 42px !important;}\u00bb][vc_column width=\u00bb1\/2&#8243;][vc_row_inner][vc_column_inner offset=\u00bbvc_col-lg-offset-2 vc_col-lg-10&#8243;][vc_single_image image=\u00bb8234&#8243; img_size=\u00bbfull\u00bb alignment=\u00bbcenter\u00bb][\/vc_column_inner][\/vc_row_inner][\/vc_column][vc_column width=\u00bb1\/2&#8243;][vc_row_inner][vc_column_inner offset=\u00bbvc_col-lg-offset-2 vc_col-lg-8 vc_col-xs-offset-1 vc_col-xs-10&#8243;][vc_column_text]<\/p>\n<h2>Forro interior y plantilla<\/h2>\n<p>[\/vc_column_text][vc_column_text]El uso de cuero hipoalerg\u00e9nico y el proceso de curtido para darle color sin utilizar metales. El cuero siempre procede de los residuos de la industria c\u00e1rnica.<\/p>\n<p>Esta combinaci\u00f3n de materiales en el forro interior y en la plantilla permite regular la temperatura de los pies gracias a la capacidad que tienen de respirar de forma natural. Es decir, no m\u00e1s olores\u2026 indeseables.[\/vc_column_text][\/vc_column_inner][\/vc_row_inner][\/vc_column][\/vc_row][vc_row full_width=\u00bbstretch_row_content_no_spaces\u00bb content_placement=\u00bbmiddle\u00bb el_class=\u00bbrow_columns_reverse_mobile\u00bb css=\u00bb.vc_custom_1648404590174{padding-bottom: 42px !important;}\u00bb][vc_column width=\u00bb1\/2&#8243;][vc_row_inner][vc_column_inner width=\u00bb5\/6&#8243; offset=\u00bbvc_col-lg-offset-2 vc_col-lg-8 vc_col-md-offset-1 vc_col-md-10 vc_col-sm-offset-1 vc_col-xs-offset-1 vc_col-xs-10&#8243;][vc_column_text]<\/p>\n<h2>Dise\u00f1ado y producido de forma \u00e9tica en Portugal<strong><br \/>\n<\/strong><\/h2>\n<p>El Hedonista est\u00e1 dise\u00f1ado y producido en la regi\u00f3n de <strong>Oporto, Portugal<\/strong>, con proveedores de material de la Pen\u00ednsula Ib\u00e9rica.<\/p>\n<p>La marca Wayz trabaja \u00fanicamente con empresas familiares, con gran experiencia en la producci\u00f3n de calzado de alta calidad, cuyos trabajadores reciben una remuneraci\u00f3n justa y con buenas condiciones laborales.[\/vc_column_text][\/vc_column_inner][\/vc_row_inner][\/vc_column][vc_column width=\u00bb1\/2&#8243;][vc_row_inner][vc_column_inner offset=\u00bbvc_col-lg-10&#8243;][vc_single_image image=\u00bb7875&#8243; img_size=\u00bbfull\u00bb alignment=\u00bbcenter\u00bb][\/vc_column_inner][\/vc_row_inner][\/vc_column][\/vc_row]<\/p>\n<\/section>","protected":false},"excerpt":{"rendered":"<p>[vc_row full_width=\u00bbstretch_row_content_no_spaces\u00bb content_placement=\u00bbmiddle\u00bb css=\u00bb.vc_custom_1652629329108{background-color: #e2cab0 !important;background-position: center !important;background-repeat: no-repeat !important;background-size: cover !important;}\u00bb el_class=\u00bbrow_columns_reverse_mobile\u00bb][vc_column width=\u00bb1\/2&#8243;][vc_row_inner][vc_column_inner offset=\u00bbvc_col-lg-offset-2 vc_col-lg-10 vc_col-xs-offset-1 vc_col-xs-10&#8243;][vc_column_text] The Hedonist\u2026<\/p>\n","protected":false},"featured_media":8242,"template":"","meta":{"_acf_changed":false,"_seopress_robots_primary_cat":"0","_seopress_titles_title":"","_seopress_titles_desc":"","_seopress_robots_index":""},"product_cat":[306],"product_tag":[],"class_list":["post-8933","product","type-product","status-publish","has-post-thumbnail","hentry","product_cat-tenis-es"],"acf":[],"_links":{"self":[{"href":"https:\/\/peugada.pt\/es\/wp-json\/wp\/v2\/product\/8933","targetHints":{"allow":["GET"]}}],"collection":[{"href":"https:\/\/peugada.pt\/es\/wp-json\/wp\/v2\/product"}],"about":[{"href":"https:\/\/peugada.pt\/es\/wp-json\/wp\/v2\/types\/product"}],"wp:featuredmedia":[{"embeddable":true,"href":"https:\/\/peugada.pt\/es\/wp-json\/wp\/v2\/media\/8242"}],"wp:attachment":[{"href":"https:\/\/peugada.pt\/es\/wp-json\/wp\/v2\/media?parent=8933"}],"wp:term":[{"taxonomy":"product_cat","embeddable":true,"href":"https:\/\/peugada.pt\/es\/wp-json\/wp\/v2\/product_cat?post=8933"},{"taxonomy":"product_tag","embeddable":true,"href":"https:\/\/peugada.pt\/es\/wp-json\/wp\/v2\/product_tag?post=8933"}],"curies":[{"name":"wp","href":"https:\/\/api.w.org\/{rel}","templated":true}]}}