{"id":8920,"date":"2022-04-01T15:27:51","date_gmt":"2022-07-31T19:31:00","guid":{"rendered":"https:\/\/peugada.pt\/colecao\/la-vida-de-los-flamencos-rancho-v-3-miel-marfil\/"},"modified":"2022-11-20T17:17:46","modified_gmt":"2022-11-20T17:17:46","slug":"la-vida-de-los-flamencos-rancho-v-3-miel-marfil","status":"publish","type":"product","link":"https:\/\/peugada.pt\/es\/coleccion\/la-vida-de-los-flamencos-rancho-v-3-miel-marfil\/","title":{"rendered":"Flamingos&#8217; Life :: Rancho V.3 Honey Ivory"},"content":{"rendered":"<section class=\"wpb-content-wrapper\"><p>[vc_row full_width=\u00bbstretch_row_content_no_spaces\u00bb content_placement=\u00bbmiddle\u00bb css=\u00bb.vc_custom_1659219936475{background-color: #e3e2de !important;background-position: center !important;background-repeat: no-repeat !important;background-size: cover !important;}\u00bb el_class=\u00bbrow_columns_reverse_mobile\u00bb][vc_column width=\u00bb1\/2&#8243;][vc_row_inner][vc_column_inner offset=\u00bbvc_col-lg-offset-2 vc_col-lg-9 vc_col-xs-offset-1 vc_col-xs-10&#8243;][vc_column_text]<\/p>\n<h2>Zapatillas veganas de algod\u00f3n de Flamingos&#8217; Life<\/h2>\n<p>[\/vc_column_text][vc_column_text]Las <strong>Rancho V.3<\/strong> de Flamingos&#8217;s Life son unas ligeras zapatillas veganas en tejido de algod\u00f3n org\u00e1nico.<\/p>\n<p>Son muy c\u00f3modos y suaves para caminar.<\/p>\n<p>Producido en Espa\u00f1a, con materiales obtenidos de socios en un radio de 40 km, minimizando as\u00ed el impacto de carbono de la producci\u00f3n.[\/vc_column_text][\/vc_column_inner][\/vc_row_inner][\/vc_column][vc_column width=\u00bb1\/2&#8243;][vc_row_inner][vc_column_inner offset=\u00bbvc_col-lg-10&#8243;][vc_single_image image=\u00bb8587&#8243; img_size=\u00bbfull\u00bb alignment=\u00bbcenter\u00bb][\/vc_column_inner][\/vc_row_inner][\/vc_column][\/vc_row][vc_row full_width=\u00bbstretch_row_content_no_spaces\u00bb content_placement=\u00bbmiddle\u00bb css=\u00bb.vc_custom_1648403405623{padding-top: 42px !important;padding-bottom: 42px !important;}\u00bb][vc_column width=\u00bb1\/2&#8243;][vc_row_inner][vc_column_inner offset=\u00bbvc_col-lg-offset-2 vc_col-lg-10&#8243;][vc_single_image image=\u00bb8583&#8243; img_size=\u00bbfull\u00bb alignment=\u00bbcenter\u00bb][\/vc_column_inner][\/vc_row_inner][\/vc_column][vc_column width=\u00bb1\/2&#8243;][vc_row_inner][vc_column_inner offset=\u00bbvc_col-lg-offset-2 vc_col-lg-8 vc_col-xs-offset-1 vc_col-xs-10&#8243;][vc_column_text]<\/p>\n<h2>Tejido de algod\u00f3n org\u00e1nico<\/h2>\n<p>El exterior del zapato est\u00e1 hecho de algod\u00f3n org\u00e1nico.<\/p>\n<p>Los cordones est\u00e1n hechos con algod\u00f3n org\u00e1nico.[\/vc_column_text][vc_column_text]<img alt=\"\" loading=\"lazy\" decoding=\"async\" class=\"alignnone wp-image-4799\" src=\"https:\/\/peugada.pt\/wp-content\/uploads\/2021\/04\/global-organic-textile-standard-gots.jpeg\" alt=\"\" width=\"55\" height=\"55\" srcset=\"https:\/\/peugada.pt\/wp-content\/uploads\/2021\/04\/global-organic-textile-standard-gots.jpeg 162w, https:\/\/peugada.pt\/wp-content\/uploads\/2021\/04\/global-organic-textile-standard-gots-150x150.jpeg 150w\" sizes=\"auto, (max-width: 55px) 100vw, 55px\" \/> <img alt=\"\" loading=\"lazy\" decoding=\"async\" class=\"alignnone wp-image-4798\" src=\"https:\/\/peugada.pt\/wp-content\/uploads\/2021\/04\/USDA.jpeg\" alt=\"\" width=\"55\" height=\"55\" srcset=\"https:\/\/peugada.pt\/wp-content\/uploads\/2021\/04\/USDA.jpeg 158w, https:\/\/peugada.pt\/wp-content\/uploads\/2021\/04\/USDA-150x150.jpeg 150w\" sizes=\"auto, (max-width: 55px) 100vw, 55px\" \/>[\/vc_column_text][\/vc_column_inner][\/vc_row_inner][\/vc_column][\/vc_row][vc_row full_width=\u00bbstretch_row_content_no_spaces\u00bb content_placement=\u00bbmiddle\u00bb el_class=\u00bbrow_columns_reverse_mobile\u00bb css=\u00bb.vc_custom_1648404590174{padding-bottom: 42px !important;}\u00bb][vc_column width=\u00bb1\/2&#8243;][vc_row_inner][vc_column_inner width=\u00bb5\/6&#8243; offset=\u00bbvc_col-lg-offset-2 vc_col-lg-8 vc_col-md-offset-1 vc_col-md-10 vc_col-sm-offset-1 vc_col-xs-offset-1 vc_col-xs-10&#8243;][vc_column_text]<\/p>\n<h2>Forro interior de bamb\u00fa<strong><br \/>\n<\/strong><\/h2>\n<p>El forro interior hace uso del bamb\u00fa con un acabado de tono claro.[\/vc_column_text][\/vc_column_inner][\/vc_row_inner][\/vc_column][vc_column width=\u00bb1\/2&#8243;][vc_row_inner][vc_column_inner offset=\u00bbvc_col-lg-10&#8243;][vc_single_image image=\u00bb8575&#8243; img_size=\u00bbfull\u00bb alignment=\u00bbcenter\u00bb][\/vc_column_inner][\/vc_row_inner][\/vc_column][\/vc_row][vc_row full_width=\u00bbstretch_row_content_no_spaces\u00bb content_placement=\u00bbmiddle\u00bb css=\u00bb.vc_custom_1648412937952{padding-bottom: 42px !important;}\u00bb][vc_column width=\u00bb1\/2&#8243;][vc_row_inner][vc_column_inner offset=\u00bbvc_col-lg-offset-2 vc_col-lg-10&#8243;][vc_single_image image=\u00bb8579&#8243; img_size=\u00bbfull\u00bb alignment=\u00bbcenter\u00bb][\/vc_column_inner][\/vc_row_inner][\/vc_column][vc_column width=\u00bb1\/2&#8243;][vc_row_inner][vc_column_inner offset=\u00bbvc_col-lg-offset-2 vc_col-lg-8 vc_col-xs-offset-1 vc_col-xs-10&#8243;][vc_column_text]<\/p>\n<h2>Suela de caucho natural<\/h2>\n<p>La generosa altura de la suela de caucho natural proporciona una comodidad al caminar que permite llevar estos zapatos en largas distancias.<\/p>\n<p>La suela est\u00e1 cosida y pegada al zapato para que tengas unas zapatillas duraderas.[\/vc_column_text][\/vc_column_inner][\/vc_row_inner][\/vc_column][\/vc_row][vc_row full_width=\u00bbstretch_row_content_no_spaces\u00bb content_placement=\u00bbmiddle\u00bb el_class=\u00bbrow_columns_reverse_mobile\u00bb css=\u00bb.vc_custom_1648404590174{padding-bottom: 42px !important;}\u00bb][vc_column width=\u00bb1\/2&#8243;][vc_row_inner][vc_column_inner width=\u00bb5\/6&#8243; offset=\u00bbvc_col-lg-offset-2 vc_col-lg-8 vc_col-md-offset-1 vc_col-md-10 vc_col-sm-offset-1 vc_col-xs-offset-1 vc_col-xs-10&#8243;][vc_column_text]<\/p>\n<h2>Plantilla de corcho y caucho natural<\/h2>\n<p>Las plantillas est\u00e1n hechas de un 50% de corcho y el 50% restante de caucho natural.<\/p>\n<p>La plantilla es extra\u00edble.[\/vc_column_text][\/vc_column_inner][\/vc_row_inner][\/vc_column][vc_column width=\u00bb1\/2&#8243;][vc_row_inner][vc_column_inner offset=\u00bbvc_col-lg-10&#8243;][vc_single_image image=\u00bb8591&#8243; img_size=\u00bbfull\u00bb alignment=\u00bbcenter\u00bb][\/vc_column_inner][\/vc_row_inner][\/vc_column][\/vc_row][vc_row full_width=\u00bbstretch_row_content_no_spaces\u00bb content_placement=\u00bbmiddle\u00bb css=\u00bb.vc_custom_1648412937952{padding-bottom: 42px !important;}\u00bb][vc_column width=\u00bb1\/2&#8243;][vc_row_inner][vc_column_inner offset=\u00bbvc_col-lg-offset-2 vc_col-lg-10&#8243;][vc_single_image image=\u00bb8566&#8243; img_size=\u00bbfull\u00bb alignment=\u00bbcenter\u00bb][\/vc_column_inner][\/vc_row_inner][\/vc_column][vc_column width=\u00bb1\/2&#8243;][vc_row_inner][vc_column_inner offset=\u00bbvc_col-lg-offset-2 vc_col-lg-8 vc_col-xs-offset-1 vc_col-xs-10&#8243;][vc_column_text]<\/p>\n<h2>Producido \u00e9ticamente en Espa\u00f1a<\/h2>\n<p>Estas zapatillas veganas se producen localmente en Elche, Espa\u00f1a. Los proveedores de materiales est\u00e1n situados a poca distancia de la f\u00e1brica (en un radio de 40 km), lo que minimiza el impacto de carbono de la producci\u00f3n.<\/p>\n<p>Los zapatos vienen en una caja de cart\u00f3n con un 85% de materiales reciclados.[\/vc_column_text][\/vc_column_inner][\/vc_row_inner][\/vc_column][\/vc_row]<\/p>\n<\/section>","protected":false},"excerpt":{"rendered":"<p>Utilice su talla habitual.<br \/>\nSi suele estar entre dos tallas, elija la m\u00e1s peque\u00f1a.<\/p>\n","protected":false},"featured_media":8594,"template":"","meta":{"_acf_changed":false,"_seopress_robots_primary_cat":"0","_seopress_titles_title":"","_seopress_titles_desc":"","_seopress_robots_index":""},"product_cat":[306],"product_tag":[],"class_list":["post-8920","product","type-product","status-publish","has-post-thumbnail","hentry","product_cat-tenis-es"],"acf":[],"_links":{"self":[{"href":"https:\/\/peugada.pt\/es\/wp-json\/wp\/v2\/product\/8920","targetHints":{"allow":["GET"]}}],"collection":[{"href":"https:\/\/peugada.pt\/es\/wp-json\/wp\/v2\/product"}],"about":[{"href":"https:\/\/peugada.pt\/es\/wp-json\/wp\/v2\/types\/product"}],"wp:featuredmedia":[{"embeddable":true,"href":"https:\/\/peugada.pt\/es\/wp-json\/wp\/v2\/media\/8594"}],"wp:attachment":[{"href":"https:\/\/peugada.pt\/es\/wp-json\/wp\/v2\/media?parent=8920"}],"wp:term":[{"taxonomy":"product_cat","embeddable":true,"href":"https:\/\/peugada.pt\/es\/wp-json\/wp\/v2\/product_cat?post=8920"},{"taxonomy":"product_tag","embeddable":true,"href":"https:\/\/peugada.pt\/es\/wp-json\/wp\/v2\/product_tag?post=8920"}],"curies":[{"name":"wp","href":"https:\/\/api.w.org\/{rel}","templated":true}]}}