{"id":8889,"date":"2022-04-02T20:28:28","date_gmt":"2022-07-31T19:29:13","guid":{"rendered":"https:\/\/peugada.pt\/colecao\/beflamboyant-marina-de-la-vida\/"},"modified":"2022-11-20T17:12:00","modified_gmt":"2022-11-20T17:12:00","slug":"beflamboyant-marina-de-la-vida","status":"publish","type":"product","link":"https:\/\/peugada.pt\/es\/coleccion\/beflamboyant-marina-de-la-vida\/","title":{"rendered":"Beflamboyant :: Life Navy"},"content":{"rendered":"<section class=\"wpb-content-wrapper\"><p>[vc_row full_width=\u00bbstretch_row_content_no_spaces\u00bb content_placement=\u00bbmiddle\u00bb css=\u00bb.vc_custom_1658076713705{background-color: #f2f1ed !important;background-position: center !important;background-repeat: no-repeat !important;background-size: cover !important;}\u00bb el_class=\u00bbrow_columns_reverse_mobile\u00bb][vc_column width=\u00bb1\/2&#8243;][vc_row_inner][vc_column_inner offset=\u00bbvc_col-lg-offset-2 vc_col-lg-9 vc_col-xs-offset-1 vc_col-xs-10&#8243;][vc_column_text]<\/p>\n<h2>Zapatillas de algod\u00f3n vegano<\/h2>\n<p>[\/vc_column_text][vc_column_text]Estas zapatillas veganas modelo <strong>Life<\/strong> de Beflamboyant est\u00e1n hechas de algod\u00f3n reciclado, son s\u00faper ligeras y vers\u00e1tiles.<\/p>\n<p>Los detalles en la parte trasera y las costuras realzan la personalidad de estas zapatillas frescas y ligeras para el pie.<\/p>\n<p>Son zapatillas veganas, producidas en <strong>Portugal<\/strong> con materiales reciclados y sostenibles.[\/vc_column_text][\/vc_column_inner][\/vc_row_inner][\/vc_column][vc_column width=\u00bb1\/2&#8243;][vc_row_inner][vc_column_inner offset=\u00bbvc_col-lg-10&#8243;][vc_single_image image=\u00bb8523&#8243; img_size=\u00bbfull\u00bb alignment=\u00bbcenter\u00bb][\/vc_column_inner][\/vc_row_inner][\/vc_column][\/vc_row][vc_row full_width=\u00bbstretch_row_content_no_spaces\u00bb content_placement=\u00bbmiddle\u00bb css=\u00bb.vc_custom_1648403405623{padding-top: 42px !important;padding-bottom: 42px !important;}\u00bb][vc_column width=\u00bb1\/2&#8243;][vc_row_inner][vc_column_inner offset=\u00bbvc_col-lg-offset-2 vc_col-lg-10&#8243;][vc_single_image image=\u00bb8527&#8243; img_size=\u00bbfull\u00bb alignment=\u00bbcenter\u00bb][\/vc_column_inner][\/vc_row_inner][\/vc_column][vc_column width=\u00bb1\/2&#8243;][vc_row_inner][vc_column_inner offset=\u00bbvc_col-lg-offset-2 vc_col-lg-8 vc_col-xs-offset-1 vc_col-xs-10&#8243;][vc_column_text]<\/p>\n<h2>Algod\u00f3n reciclado de alta resistencia 405g<\/h2>\n<p>El exterior de la zapatilla est\u00e1 hecho de algod\u00f3n reciclado de 405 gramos.<\/p>\n<p>Esto confiere una gran resistencia que permite que el zapato tenga una larga vida \u00fatil.<\/p>\n<p>Los cordones est\u00e1n hechos de algod\u00f3n reciclado.[\/vc_column_text][\/vc_column_inner][\/vc_row_inner][\/vc_column][\/vc_row][vc_row full_width=\u00bbstretch_row_content_no_spaces\u00bb content_placement=\u00bbmiddle\u00bb el_class=\u00bbrow_columns_reverse_mobile\u00bb css=\u00bb.vc_custom_1648404590174{padding-bottom: 42px !important;}\u00bb][vc_column width=\u00bb1\/2&#8243;][vc_row_inner][vc_column_inner width=\u00bb5\/6&#8243; offset=\u00bbvc_col-lg-offset-2 vc_col-lg-8 vc_col-md-offset-1 vc_col-md-10 vc_col-sm-offset-1 vc_col-xs-offset-1 vc_col-xs-10&#8243;][vc_column_text]<\/p>\n<h2>Forro interior de algod\u00f3n reciclado<strong><br \/>\n<\/strong><\/h2>\n<p>El forro interior hace uso de algod\u00f3n reciclado, con un tacto suave para una total comodidad del pie.[\/vc_column_text][\/vc_column_inner][\/vc_row_inner][\/vc_column][vc_column width=\u00bb1\/2&#8243;][vc_row_inner][vc_column_inner offset=\u00bbvc_col-lg-10&#8243;][vc_single_image image=\u00bb8539&#8243; img_size=\u00bbfull\u00bb alignment=\u00bbcenter\u00bb][\/vc_column_inner][\/vc_row_inner][\/vc_column][\/vc_row][vc_row full_width=\u00bbstretch_row_content_no_spaces\u00bb content_placement=\u00bbmiddle\u00bb css=\u00bb.vc_custom_1648412937952{padding-bottom: 42px !important;}\u00bb][vc_column width=\u00bb1\/2&#8243;][vc_row_inner][vc_column_inner offset=\u00bbvc_col-lg-offset-2 vc_col-lg-10&#8243;][vc_single_image image=\u00bb8519&#8243; img_size=\u00bbfull\u00bb alignment=\u00bbcenter\u00bb][\/vc_column_inner][\/vc_row_inner][\/vc_column][vc_column width=\u00bb1\/2&#8243;][vc_row_inner][vc_column_inner offset=\u00bbvc_col-lg-offset-2 vc_col-lg-8 vc_col-xs-offset-1 vc_col-xs-10&#8243;][vc_column_text]<\/p>\n<h2>Suela de goma reciclada<strong><br \/>\n<\/strong><\/h2>\n<p>La suela est\u00e1 hecha de goma reciclada y est\u00e1 cosida y pegada para que puedas tener unas zapatillas ligeras pero duraderas.[\/vc_column_text][\/vc_column_inner][\/vc_row_inner][\/vc_column][\/vc_row][vc_row full_width=\u00bbstretch_row_content_no_spaces\u00bb content_placement=\u00bbmiddle\u00bb el_class=\u00bbrow_columns_reverse_mobile\u00bb css=\u00bb.vc_custom_1648404590174{padding-bottom: 42px !important;}\u00bb][vc_column width=\u00bb1\/2&#8243;][vc_row_inner][vc_column_inner width=\u00bb5\/6&#8243; offset=\u00bbvc_col-lg-offset-2 vc_col-lg-8 vc_col-md-offset-1 vc_col-md-10 vc_col-sm-offset-1 vc_col-xs-offset-1 vc_col-xs-10&#8243;][vc_column_text]<\/p>\n<h2>Plantilla reciclada<\/h2>\n<p>[\/vc_column_text][vc_column_text]Las plantillas est\u00e1n fabricadas \u00edntegramente con materiales reciclados, con carb\u00f3n activo de origen vegetal.<\/p>\n<p>Se adaptan perfectamente a la forma del zapato, siendo una de las principales razones por las que siempre podemos caminar durante kil\u00f3metros con gran comodidad.<\/p>\n<p>La plantilla es extra\u00edble.[\/vc_column_text][\/vc_column_inner][\/vc_row_inner][\/vc_column][vc_column width=\u00bb1\/2&#8243;][vc_row_inner][vc_column_inner offset=\u00bbvc_col-lg-10&#8243;][vc_single_image image=\u00bb8535&#8243; img_size=\u00bbfull\u00bb alignment=\u00bbcenter\u00bb][\/vc_column_inner][\/vc_row_inner][\/vc_column][\/vc_row][vc_row full_width=\u00bbstretch_row_content_no_spaces\u00bb content_placement=\u00bbmiddle\u00bb css=\u00bb.vc_custom_1648412937952{padding-bottom: 42px !important;}\u00bb][vc_column width=\u00bb1\/2&#8243;][vc_row_inner][vc_column_inner offset=\u00bbvc_col-lg-offset-2 vc_col-lg-10&#8243;][vc_single_image image=\u00bb7940&#8243; img_size=\u00bbfull\u00bb alignment=\u00bbcenter\u00bb][\/vc_column_inner][\/vc_row_inner][\/vc_column][vc_column width=\u00bb1\/2&#8243;][vc_row_inner][vc_column_inner offset=\u00bbvc_col-lg-offset-2 vc_col-lg-8 vc_col-xs-offset-1 vc_col-xs-10&#8243;][vc_column_text]<\/p>\n<h2>Producido \u00e9ticamente en Portugal<\/h2>\n<p>[\/vc_column_text][vc_column_text]Estas zapatillas se fabrican en Felgueiras, Portugal, a trav\u00e9s de una empresa que garantiza salarios y condiciones de trabajo justos.<\/p>\n<p>Los proveedores de materiales est\u00e1n certificados, sin tener que cruzar continentes gracias a estar situados entre Portugal, Espa\u00f1a e Italia.[\/vc_column_text][\/vc_column_inner][\/vc_row_inner][\/vc_column][\/vc_row]<\/p>\n<\/section>","protected":false},"excerpt":{"rendered":"<p>[vc_row full_width=\u00bbstretch_row_content_no_spaces\u00bb content_placement=\u00bbmiddle\u00bb css=\u00bb.vc_custom_1658076713705{background-color: #f2f1ed !important;background-position: center !important;background-repeat: no-repeat !important;background-size: cover !important;}\u00bb el_class=\u00bbrow_columns_reverse_mobile\u00bb][vc_column width=\u00bb1\/2&#8243;][vc_row_inner][vc_column_inner offset=\u00bbvc_col-lg-offset-2 vc_col-lg-9 vc_col-xs-offset-1 vc_col-xs-10&#8243;][vc_column_text] Zapatillas de\u2026<\/p>\n","protected":false},"featured_media":8542,"template":"","meta":{"_acf_changed":false,"_seopress_robots_primary_cat":"0","_seopress_titles_title":"","_seopress_titles_desc":"","_seopress_robots_index":""},"product_cat":[306],"product_tag":[],"class_list":["post-8889","product","type-product","status-publish","has-post-thumbnail","hentry","product_cat-tenis-es"],"acf":[],"_links":{"self":[{"href":"https:\/\/peugada.pt\/es\/wp-json\/wp\/v2\/product\/8889","targetHints":{"allow":["GET"]}}],"collection":[{"href":"https:\/\/peugada.pt\/es\/wp-json\/wp\/v2\/product"}],"about":[{"href":"https:\/\/peugada.pt\/es\/wp-json\/wp\/v2\/types\/product"}],"wp:featuredmedia":[{"embeddable":true,"href":"https:\/\/peugada.pt\/es\/wp-json\/wp\/v2\/media\/8542"}],"wp:attachment":[{"href":"https:\/\/peugada.pt\/es\/wp-json\/wp\/v2\/media?parent=8889"}],"wp:term":[{"taxonomy":"product_cat","embeddable":true,"href":"https:\/\/peugada.pt\/es\/wp-json\/wp\/v2\/product_cat?post=8889"},{"taxonomy":"product_tag","embeddable":true,"href":"https:\/\/peugada.pt\/es\/wp-json\/wp\/v2\/product_tag?post=8889"}],"curies":[{"name":"wp","href":"https:\/\/api.w.org\/{rel}","templated":true}]}}