{"id":6966,"date":"2022-09-24T13:08:24","date_gmt":"2021-10-10T18:48:49","guid":{"rendered":"https:\/\/peugada.pt\/?post_type=product&#038;p=6966"},"modified":"2022-11-20T16:49:55","modified_gmt":"2022-11-20T16:49:55","slug":"lemon-jelly-frankie-gris","status":"publish","type":"product","link":"https:\/\/peugada.pt\/es\/coleccion\/lemon-jelly-frankie-gris\/","title":{"rendered":"Lemon Jelly:: Frankie Grey"},"content":{"rendered":"<section class=\"wpb-content-wrapper\"><p>[vc_row content_placement=\u00bbmiddle\u00bb][vc_column width=\u00bb1\/2&#8243;][vc_column_text]Las botas Frankie tienen el dise\u00f1o cl\u00e1sico por el que es conocida Lemon Jelly, sin olvidar un ligero aroma a lim\u00f3n.<\/p>\n<p>Una vez puestas, dan un estilo <em>suave<\/em> y al ponerlas, el pie se siente muy ajustado, lo que las hace muy c\u00f3modas.[\/vc_column_text][vc_column_text]<img alt=\"\" loading=\"lazy\" decoding=\"async\" class=\"alignnone wp-image-4424\" src=\"https:\/\/peugada.pt\/wp-content\/uploads\/2021\/04\/logo_peta02.png\" alt=\"\" width=\"150\" height=\"63\">[\/vc_column_text][\/vc_column][vc_column width=\u00bb1\/2&#8243;][vc_single_image image=\u00bb6776&#8243; img_size=\u00bbfull\u00bb alignment=\u00bbcenter\u00bb][\/vc_column][\/vc_row][vc_row][vc_column width=\u00bb1\/2&#8243;][vc_column_text]<\/p>\n<h4>Cuidado de la limpieza<\/h4>\n<p>[\/vc_column_text][vc_column_text]Muy f\u00e1cil de limpiar, basta con utilizar un pa\u00f1o blanco suave y h\u00famedo. No utilice detergentes fuertes o limpiadores corrosivos.[\/vc_column_text][\/vc_column][vc_column width=\u00bb1\/2&#8243;][\/vc_column][\/vc_row]<\/p>\n<\/section>","protected":false},"excerpt":{"rendered":"<p>[vc_row content_placement=\u00bbmiddle\u00bb][vc_column width=\u00bb1\/2&#8243;][vc_column_text]Las botas Frankie tienen el dise\u00f1o cl\u00e1sico por el que es conocida Lemon Jelly, sin olvidar un ligero\u2026<\/p>\n","protected":false},"featured_media":6769,"template":"","meta":{"_acf_changed":false,"_seopress_robots_primary_cat":"0","_seopress_titles_title":"%%title%% %%sep%% 15% de descuento - Env\u00edo gratuito | %%sitename%%","_seopress_titles_desc":"Botas veganas Lemon Jelly Frankie Grey. \u2713 En stock. \u2713 Con un 15% de descuento. \u2713 Env\u00edo gratuito en 24 horas. \u2713 Cambios y devoluciones gratuitas.","_seopress_robots_index":""},"product_cat":[384],"product_tag":[],"class_list":["post-6966","product","type-product","status-publish","has-post-thumbnail","hentry","product_cat-botas-es"],"acf":[],"_links":{"self":[{"href":"https:\/\/peugada.pt\/es\/wp-json\/wp\/v2\/product\/6966","targetHints":{"allow":["GET"]}}],"collection":[{"href":"https:\/\/peugada.pt\/es\/wp-json\/wp\/v2\/product"}],"about":[{"href":"https:\/\/peugada.pt\/es\/wp-json\/wp\/v2\/types\/product"}],"wp:featuredmedia":[{"embeddable":true,"href":"https:\/\/peugada.pt\/es\/wp-json\/wp\/v2\/media\/6769"}],"wp:attachment":[{"href":"https:\/\/peugada.pt\/es\/wp-json\/wp\/v2\/media?parent=6966"}],"wp:term":[{"taxonomy":"product_cat","embeddable":true,"href":"https:\/\/peugada.pt\/es\/wp-json\/wp\/v2\/product_cat?post=6966"},{"taxonomy":"product_tag","embeddable":true,"href":"https:\/\/peugada.pt\/es\/wp-json\/wp\/v2\/product_tag?post=6966"}],"curies":[{"name":"wp","href":"https:\/\/api.w.org\/{rel}","templated":true}]}}