{"id":6960,"date":"2021-10-10T23:54:50","date_gmt":"2021-10-10T18:48:52","guid":{"rendered":"https:\/\/peugada.pt\/?post_type=product&#038;p=6960"},"modified":"2022-03-11T00:00:11","modified_gmt":"2022-03-11T00:00:11","slug":"lemon-jelly-flow","status":"publish","type":"product","link":"https:\/\/peugada.pt\/es\/coleccion\/lemon-jelly-flow\/","title":{"rendered":"Lemon Jelly :: FLOW"},"content":{"rendered":"<section class=\"wpb-content-wrapper\"><p>[vc_row][vc_column width=\u00bb1\/2&#8243;][vc_column_text]Estas botas FLOW de Lemon Jelly son botas de lluvia perfectas: incre\u00edblemente ligeras y con una comodidad incomparable.<\/p>\n<p>Me sorprendi\u00f3 bastante este nuevo color vivo. Las fotos no le hacen justicia, siendo uno de esos casos en los que las botas quedan mucho mejor en vivo que en fotograf\u00edas.<\/p>\n<p>Y el color va bien con todo, para que puedas alejarte de lo normal sin comprometer <em>la<\/em> <em>ropa<\/em>.[\/vc_column_text][vc_column_text]<img alt=\"\" loading=\"lazy\" decoding=\"async\" class=\"alignnone wp-image-4424\" src=\"https:\/\/peugada.pt\/wp-content\/uploads\/2021\/04\/logo_peta02.png\" alt=\"\" width=\"150\" height=\"63\">[\/vc_column_text][\/vc_column][vc_column width=\u00bb1\/2&#8243;][vc_single_image image=\u00bb6733&#8243; img_size=\u00bbfull\u00bb alignment=\u00bbcenter\u00bb][\/vc_column][\/vc_row][vc_row][vc_column width=\u00bb1\/2&#8243;][vc_column_text]<\/p>\n<h4>Cuidado de Limpieza<\/h4>\n<p>[\/vc_column_text][vc_column_text]Muy f\u00e1cil de limpiar, solo use un pa\u00f1o blanco suave y h\u00famedo. No utilice detergentes agresivos ni productos de limpieza corrosivos.[\/vc_column_text][\/vc_column][vc_column width=\u00bb1\/2&#8243;][\/vc_column][\/vc_row]<\/p>\n<\/section>","protected":false},"excerpt":{"rendered":"<p>[vc_row][vc_column width=\u00bb1\/2&#8243;][vc_column_text]Estas botas FLOW de Lemon Jelly son botas de lluvia perfectas: incre\u00edblemente ligeras y con una comodidad incomparable. Me\u2026<\/p>\n","protected":false},"featured_media":6732,"template":"","meta":{"_acf_changed":false,"_seopress_robots_primary_cat":"0","_seopress_titles_title":"%%title%% %%sep%% 15% Descuento | %%sitename%%","_seopress_titles_desc":"Nueva colecci\u00f3n de Lemon Jelly FLOW. \u2713 Con 15% de descuento. \u2713 Env\u00edo gratuito en 24h. \u2713 Cambios y devoluciones gratis.","_seopress_robots_index":""},"product_cat":[384],"product_tag":[],"class_list":["post-6960","product","type-product","status-publish","has-post-thumbnail","hentry","product_cat-botas-es"],"acf":[],"_links":{"self":[{"href":"https:\/\/peugada.pt\/es\/wp-json\/wp\/v2\/product\/6960","targetHints":{"allow":["GET"]}}],"collection":[{"href":"https:\/\/peugada.pt\/es\/wp-json\/wp\/v2\/product"}],"about":[{"href":"https:\/\/peugada.pt\/es\/wp-json\/wp\/v2\/types\/product"}],"wp:featuredmedia":[{"embeddable":true,"href":"https:\/\/peugada.pt\/es\/wp-json\/wp\/v2\/media\/6732"}],"wp:attachment":[{"href":"https:\/\/peugada.pt\/es\/wp-json\/wp\/v2\/media?parent=6960"}],"wp:term":[{"taxonomy":"product_cat","embeddable":true,"href":"https:\/\/peugada.pt\/es\/wp-json\/wp\/v2\/product_cat?post=6960"},{"taxonomy":"product_tag","embeddable":true,"href":"https:\/\/peugada.pt\/es\/wp-json\/wp\/v2\/product_tag?post=6960"}],"curies":[{"name":"wp","href":"https:\/\/api.w.org\/{rel}","templated":true}]}}