{"id":6287,"date":"2021-04-24T19:43:02","date_gmt":"2021-08-14T16:19:40","guid":{"rendered":"https:\/\/peugada.pt\/colecao\/lemon-jelly-shelby-01-negro\/"},"modified":"2022-03-11T00:00:11","modified_gmt":"2022-03-11T00:00:11","slug":"lemon-jelly-shelby-01-negro","status":"publish","type":"product","link":"https:\/\/peugada.pt\/es\/coleccion\/lemon-jelly-shelby-01-negro\/","title":{"rendered":"Lemon Jelly :: SHELBY 01 Negro"},"content":{"rendered":"<section class=\"wpb-content-wrapper\"><p>[vc_row content_placement=\u00bbmiddle\u00bb][vc_column width=\u00bb1\/2&#8243;][vc_column_text]SHELBY son simplemente irresistibles, con un delicioso aroma a lim\u00f3n. Femeninos y \u00fanicos se producen con ca\u00f1a de az\u00facar, un nuevo material de base biol\u00f3gica que contribuye a la reducci\u00f3n de gases de efecto invernadero. La parte superior est\u00e1 hecha de materiales reciclados, un paso en la innovaci\u00f3n sostenible sin olvidar el estilo con conciencia.<\/p>\n<ul>\n<li>Acabado brillante reciclado.<\/li>\n<li>Logotipo de la marca grabado en la parte superior.<\/li>\n<li>Parte superior con EVA reciclada.<\/li>\n<li>Elaborado con 55% de ca\u00f1a de az\u00facar.<\/li>\n<\/ul>\n<p>[\/vc_column_text][vc_column_text]<img alt=\"\" loading=\"lazy\" decoding=\"async\" class=\"alignnone wp-image-4424\" src=\"https:\/\/peugada.pt\/wp-content\/uploads\/2021\/04\/logo_peta02.png\" alt=\"\" width=\"130\" height=\"55\"> <img alt=\"\" loading=\"lazy\" decoding=\"async\" class=\"alignnone wp-image-4782\" src=\"https:\/\/peugada.pt\/wp-content\/uploads\/2021\/04\/sugarform_logo_transparente_.png\" alt=\"\" width=\"132\" height=\"64\">[\/vc_column_text][\/vc_column][vc_column width=\u00bb1\/2&#8243;][vc_single_image image=\u00bb3954&#8243; img_size=\u00bbfull\u00bb alignment=\u00bbcenter\u00bb onclick=\u00bblink_image\u00bb][\/vc_column][\/vc_row][vc_row][vc_column][vc_column_text]<\/p>\n<h4>Cuidado de Limpieza<\/h4>\n<p>[\/vc_column_text][vc_row_inner][vc_column_inner width=\u00bb1\/2&#8243;][vc_column_text]Muy f\u00e1cil de limpiar, solo use un pa\u00f1o blanco suave y h\u00famedo. No utilice detergentes agresivos ni productos de limpieza corrosivos.[\/vc_column_text][\/vc_column_inner][vc_column_inner width=\u00bb1\/2&#8243;][vc_column_text]Mant\u00e9n tu modelo en la caja original para que est\u00e9 protegido del contacto con otros zapatos para evitar manchas y transferencias de color.[\/vc_column_text][\/vc_column_inner][\/vc_row_inner][\/vc_column][\/vc_row]<\/p>\n<\/section>","protected":false},"excerpt":{"rendered":"<p>SHELBY 01 con aroma a lim\u00f3n y elaboradas con ca\u00f1a de az\u00facar, estas zapatillas son super ligeras y muy c\u00f3modas, \u00a1una tentaci\u00f3n!<\/p>\n","protected":false},"featured_media":5265,"template":"","meta":{"_acf_changed":false,"_seopress_robots_primary_cat":"202","_seopress_titles_title":"%%title%% - 15% Descuento - Env\u00edo Gratis | %%sitename%%","_seopress_titles_desc":"Zapatos veganas Lemon Jelly SHELBY. \u2713 En stock. \u2713 15% descuento. \u2713 Env\u00edo gratuito. \u2713 Cambios y devoluciones gratis.","_seopress_robots_index":""},"product_cat":[308],"product_tag":[],"class_list":["post-6287","product","type-product","status-publish","has-post-thumbnail","hentry","product_cat-pantuflas"],"acf":[],"_links":{"self":[{"href":"https:\/\/peugada.pt\/es\/wp-json\/wp\/v2\/product\/6287","targetHints":{"allow":["GET"]}}],"collection":[{"href":"https:\/\/peugada.pt\/es\/wp-json\/wp\/v2\/product"}],"about":[{"href":"https:\/\/peugada.pt\/es\/wp-json\/wp\/v2\/types\/product"}],"wp:featuredmedia":[{"embeddable":true,"href":"https:\/\/peugada.pt\/es\/wp-json\/wp\/v2\/media\/5265"}],"wp:attachment":[{"href":"https:\/\/peugada.pt\/es\/wp-json\/wp\/v2\/media?parent=6287"}],"wp:term":[{"taxonomy":"product_cat","embeddable":true,"href":"https:\/\/peugada.pt\/es\/wp-json\/wp\/v2\/product_cat?post=6287"},{"taxonomy":"product_tag","embeddable":true,"href":"https:\/\/peugada.pt\/es\/wp-json\/wp\/v2\/product_tag?post=6287"}],"curies":[{"name":"wp","href":"https:\/\/api.w.org\/{rel}","templated":true}]}}