{"id":6256,"date":"2021-04-06T15:12:14","date_gmt":"2021-08-14T15:16:55","guid":{"rendered":"https:\/\/peugada.pt\/colecao\/natural-world-old-lavanda-102e-gris\/"},"modified":"2021-08-14T17:51:35","modified_gmt":"2021-08-14T16:51:35","slug":"natural-world-old-lavanda-102e-gris","status":"publish","type":"product","link":"https:\/\/peugada.pt\/es\/coleccion\/natural-world-old-lavanda-102e-gris\/","title":{"rendered":"Natural World :: Old Lavanda 102E Gris"},"content":{"rendered":"<section class=\"wpb-content-wrapper\"><p>[vc_row content_placement=\u00bbmiddle\u00bb][vc_column width=\u00bb1\/2&#8243;][vc_column_text]Old Lavanda es un modelo de tenis femenino cl\u00e1sico, moderno y actual. Es perfecto para el d\u00eda a d\u00eda ya que son muy ligeros y flexibles, manteniendo un excelente confort.<\/p>\n<p>Mostrado aqu\u00ed en gris, combina f\u00e1cilmente con cualquier prenda de vestir.<\/p>\n<p>Son ecol\u00f3gicos y transpirables. Ven en una caja reciclada.<\/p>\n<ul>\n<li>Confeccionado con algod\u00f3n 100% org\u00e1nico.<\/li>\n<li>Suela de caucho natural.<\/li>\n<\/ul>\n<p>[\/vc_column_text][vc_column_text]<img alt=\"\" loading=\"lazy\" decoding=\"async\" class=\"alignnone wp-image-4427\" src=\"https:\/\/peugada.pt\/wp-content\/uploads\/2021\/04\/logo-100-coton-organico.png\" alt=\"\" width=\"85\" height=\"89\" \/>[\/vc_column_text][\/vc_column][vc_column width=\u00bb1\/2&#8243;][vc_single_image image=\u00bb4277&#8243; img_size=\u00bbfull\u00bb alignment=\u00bbcenter\u00bb onclick=\u00bblink_image\u00bb][\/vc_column][\/vc_row][vc_row][vc_column][vc_column_text]<\/p>\n<h4>Cuidado de Limpieza<\/h4>\n<p>[\/vc_column_text][vc_row_inner][vc_column_inner][vc_column_text]Lavable a m\u00e1quina a m\u00e1ximo 30\u00ba.[\/vc_column_text][\/vc_column_inner][\/vc_row_inner][\/vc_column][\/vc_row]<\/p>\n<\/section>","protected":false},"excerpt":{"rendered":"<p>Old Lavanda es un modelo de zapatilla cl\u00e1sica, muy flexible y c\u00f3moda. Perfecto para el uso diario.<\/p>\n","protected":false},"featured_media":5389,"template":"","meta":{"_acf_changed":false,"_seopress_robots_primary_cat":"16","_seopress_titles_title":"%%title%% - 15% Descuento - Env\u00edo Gratis | %%sitename%%","_seopress_titles_desc":"Zapatillas veganas Natural World Old Lavanda Gris. \u2713 En stock. \u2713 15% descuento. \u2713 Env\u00edo gratuito. \u2713 Cambios y devoluciones gratis.","_seopress_robots_index":""},"product_cat":[306],"product_tag":[],"class_list":["post-6256","product","type-product","status-publish","has-post-thumbnail","hentry","product_cat-tenis-es"],"acf":[],"_links":{"self":[{"href":"https:\/\/peugada.pt\/es\/wp-json\/wp\/v2\/product\/6256","targetHints":{"allow":["GET"]}}],"collection":[{"href":"https:\/\/peugada.pt\/es\/wp-json\/wp\/v2\/product"}],"about":[{"href":"https:\/\/peugada.pt\/es\/wp-json\/wp\/v2\/types\/product"}],"wp:featuredmedia":[{"embeddable":true,"href":"https:\/\/peugada.pt\/es\/wp-json\/wp\/v2\/media\/5389"}],"wp:attachment":[{"href":"https:\/\/peugada.pt\/es\/wp-json\/wp\/v2\/media?parent=6256"}],"wp:term":[{"taxonomy":"product_cat","embeddable":true,"href":"https:\/\/peugada.pt\/es\/wp-json\/wp\/v2\/product_cat?post=6256"},{"taxonomy":"product_tag","embeddable":true,"href":"https:\/\/peugada.pt\/es\/wp-json\/wp\/v2\/product_tag?post=6256"}],"curies":[{"name":"wp","href":"https:\/\/api.w.org\/{rel}","templated":true}]}}