{"id":6236,"date":"2021-04-19T20:39:31","date_gmt":"2021-08-14T14:59:56","guid":{"rendered":"https:\/\/peugada.pt\/colecao\/natural-world-old-murray-679e-naranja\/"},"modified":"2021-08-14T15:59:57","modified_gmt":"2021-08-14T14:59:57","slug":"natural-world-old-murray-679e-naranja","status":"publish","type":"product","link":"https:\/\/peugada.pt\/es\/coleccion\/natural-world-old-murray-679e-naranja\/","title":{"rendered":"Natural World :: OLD Murray 679E Naranja"},"content":{"rendered":"<section class=\"wpb-content-wrapper\"><p>[vc_row content_placement=\u00bbmiddle\u00bb][vc_column width=\u00bb1\/2&#8243;][vc_column_text]Las Alpargatas Old Murray son una combinaci\u00f3n de comodidad, calidad y conciencia ecol\u00f3gica.<\/p>\n<p>Con un design moderno pensando en la mujer de hoy, se puede combinar con casi cualquier estilo, sin dejar de lado la sostenibilidad con la que se fabrican: localmente y utilizando materiales 100% ecol\u00f3gicos.<\/p>\n<ul>\n<li>La parte superior es de algod\u00f3n natural.<\/li>\n<li>Sola em juta que \u00e9 conhecida mundialmente como \u00abfibra de ouro\u00bb.<\/li>\n<li>100% algod\u00f3n org\u00e1nico.<\/li>\n<\/ul>\n<p>[\/vc_column_text][vc_column_text]<img alt=\"\" loading=\"lazy\" decoding=\"async\" class=\"alignnone wp-image-4427\" src=\"https:\/\/peugada.pt\/wp-content\/uploads\/2021\/04\/logo-100-coton-organico.png\" alt=\"\" width=\"85\" height=\"89\">[\/vc_column_text][\/vc_column][vc_column width=\u00bb1\/2&#8243;][vc_single_image image=\u00bb4304&#8243; img_size=\u00bbfull\u00bb alignment=\u00bbcenter\u00bb][\/vc_column][\/vc_row][vc_row][vc_column][vc_column_text]<\/p>\n<h4>Cuidado de Limpieza<\/h4>\n<p>[\/vc_column_text][vc_column_text]No laves. Planchar solo con un cepillo suave.[\/vc_column_text][\/vc_column][\/vc_row]<\/p>\n<\/section>","protected":false},"excerpt":{"rendered":"<p>Estas alpargatas Old Murray de Natural World son perfectas para esta \u00e9poca del a\u00f1o, con un excelente confort. Confeccionado en algod\u00f3n 100% org\u00e1nico.<\/p>\n","protected":false},"featured_media":5421,"template":"","meta":{"_acf_changed":false,"_seopress_robots_primary_cat":"203","_seopress_titles_title":"%%title%% - 15% Descuento - Env\u00edo Gratis | %%sitename%%","_seopress_titles_desc":"Zapatillas veganas Natural World Old Murray Naranja. \u2713 En stock. \u2713 15% descuento. \u2713 Env\u00edo gratuito. \u2713 Cambios y devoluciones gratis.","_seopress_robots_index":""},"product_cat":[305],"product_tag":[],"class_list":["post-6236","product","type-product","status-publish","has-post-thumbnail","hentry","product_cat-alpargatas"],"acf":[],"_links":{"self":[{"href":"https:\/\/peugada.pt\/es\/wp-json\/wp\/v2\/product\/6236","targetHints":{"allow":["GET"]}}],"collection":[{"href":"https:\/\/peugada.pt\/es\/wp-json\/wp\/v2\/product"}],"about":[{"href":"https:\/\/peugada.pt\/es\/wp-json\/wp\/v2\/types\/product"}],"wp:featuredmedia":[{"embeddable":true,"href":"https:\/\/peugada.pt\/es\/wp-json\/wp\/v2\/media\/5421"}],"wp:attachment":[{"href":"https:\/\/peugada.pt\/es\/wp-json\/wp\/v2\/media?parent=6236"}],"wp:term":[{"taxonomy":"product_cat","embeddable":true,"href":"https:\/\/peugada.pt\/es\/wp-json\/wp\/v2\/product_cat?post=6236"},{"taxonomy":"product_tag","embeddable":true,"href":"https:\/\/peugada.pt\/es\/wp-json\/wp\/v2\/product_tag?post=6236"}],"curies":[{"name":"wp","href":"https:\/\/api.w.org\/{rel}","templated":true}]}}