{"id":6230,"date":"2021-04-21T14:40:38","date_gmt":"2021-08-14T13:16:31","guid":{"rendered":"https:\/\/peugada.pt\/colecao\/lemon-jelly-enyd-03-plata\/"},"modified":"2022-03-11T00:00:10","modified_gmt":"2022-03-11T00:00:10","slug":"lemon-jelly-enyd-03-plata","status":"publish","type":"product","link":"https:\/\/peugada.pt\/es\/coleccion\/lemon-jelly-enyd-03-plata\/","title":{"rendered":"Lemon Jelly :: ENYD 03 Plata"},"content":{"rendered":"<section class=\"wpb-content-wrapper\"><p>[vc_row content_placement=\u00bbmiddle\u00bb][vc_column width=\u00bb1\/2&#8243;][vc_column_text]Sandalias de plataforma con una l\u00ednea moderna y \u00fanica. Elegante detalle de estampado de animales en la plantilla y logo en dorado. Son muy c\u00f3modos y veganos. Perfecto para un viaje a la playa o un simple paseo.<\/p>\n<ul>\n<li>Cu\u00f1a de 5 cm.<\/li>\n<li>Plantilla de EVA de 7 mm.<\/li>\n<li>Plantilla con estampado de patrones.<\/li>\n<\/ul>\n<p>[\/vc_column_text][vc_column_text]<img alt=\"\" loading=\"lazy\" decoding=\"async\" class=\"alignnone wp-image-4424\" src=\"https:\/\/peugada.pt\/wp-content\/uploads\/2021\/04\/logo_peta02.png\" alt=\"\" width=\"130\" height=\"55\">[\/vc_column_text][\/vc_column][vc_column width=\u00bb1\/2&#8243;][vc_single_image image=\u00bb4295&#8243; img_size=\u00bbfull\u00bb alignment=\u00bbcenter\u00bb onclick=\u00bblink_image\u00bb][\/vc_column][\/vc_row][vc_row][vc_column][vc_column_text]<\/p>\n<h4>Cuidado de Limpieza<\/h4>\n<p>[\/vc_column_text][vc_row_inner][vc_column_inner width=\u00bb1\/2&#8243;][vc_column_text]Muy f\u00e1cil de limpiar, solo use un pa\u00f1o blanco suave y h\u00famedo. No utilice detergentes agresivos ni productos de limpieza corrosivos.[\/vc_column_text][\/vc_column_inner][vc_column_inner width=\u00bb1\/2&#8243;][\/vc_column_inner][\/vc_row_inner][\/vc_column][\/vc_row]<\/p>\n<\/section>","protected":false},"excerpt":{"rendered":"<p>Sandalias con plataforma ENYD 03 en plateado, de Lemon Jelly . Una sensaci\u00f3n de incre\u00edble ligereza.<\/p>\n","protected":false},"featured_media":5363,"template":"","meta":{"_acf_changed":false,"_seopress_robots_primary_cat":"214","_seopress_titles_title":"%%title%% - 15% Descuento - Env\u00edo Gratis | %%sitename%%","_seopress_titles_desc":"Sandalias veganas Lemon Jelly ENYD Plata. \u2713 En stock. \u2713 15% descuento. \u2713 Env\u00edo gratuito. \u2713 Cambios y devoluciones gratis.","_seopress_robots_index":""},"product_cat":[309],"product_tag":[],"class_list":["post-6230","product","type-product","status-publish","has-post-thumbnail","hentry","product_cat-sandalias-es"],"acf":[],"_links":{"self":[{"href":"https:\/\/peugada.pt\/es\/wp-json\/wp\/v2\/product\/6230","targetHints":{"allow":["GET"]}}],"collection":[{"href":"https:\/\/peugada.pt\/es\/wp-json\/wp\/v2\/product"}],"about":[{"href":"https:\/\/peugada.pt\/es\/wp-json\/wp\/v2\/types\/product"}],"wp:featuredmedia":[{"embeddable":true,"href":"https:\/\/peugada.pt\/es\/wp-json\/wp\/v2\/media\/5363"}],"wp:attachment":[{"href":"https:\/\/peugada.pt\/es\/wp-json\/wp\/v2\/media?parent=6230"}],"wp:term":[{"taxonomy":"product_cat","embeddable":true,"href":"https:\/\/peugada.pt\/es\/wp-json\/wp\/v2\/product_cat?post=6230"},{"taxonomy":"product_tag","embeddable":true,"href":"https:\/\/peugada.pt\/es\/wp-json\/wp\/v2\/product_tag?post=6230"}],"curies":[{"name":"wp","href":"https:\/\/api.w.org\/{rel}","templated":true}]}}