{"id":6224,"date":"2021-04-21T14:49:21","date_gmt":"2021-08-14T13:11:40","guid":{"rendered":"https:\/\/peugada.pt\/colecao\/lemon-jelly-gaia-08-marron-bronce\/"},"modified":"2022-03-11T00:00:10","modified_gmt":"2022-03-11T00:00:10","slug":"lemon-jelly-gaia-08-marron-bronce","status":"publish","type":"product","link":"https:\/\/peugada.pt\/es\/coleccion\/lemon-jelly-gaia-08-marron-bronce\/","title":{"rendered":"Lemon Jelly :: GAIA 08 Marr\u00f3n Bronce"},"content":{"rendered":"<section class=\"wpb-content-wrapper\"><p>[vc_row content_placement=\u00bbmiddle\u00bb][vc_column width=\u00bb1\/2&#8243;][vc_column_text]Con la llegada del buen tiempo, nada mejor que estas modernas sandalias en tono bronce que <em>resaltan<\/em> el bronceado que traer\u00e1 el verano. De gran ligereza y comodidad, casi olvidar\u00e1s que tienen aceras.<\/p>\n<p>Estas sandalias son de plataforma con hebillas y detalle vegano.<\/p>\n<ul>\n<li>Cu\u00f1a de EVA de 5 cm, en cumplimiento de la normativa europea REACH, para la protecci\u00f3n de la salud y el medio ambiente.<\/li>\n<li>Logo grabado con l\u00e1ser en la plantilla.<\/li>\n<li>Hebilla de policarbonato con logo de la marca en relieve.<\/li>\n<\/ul>\n<p>[\/vc_column_text][vc_column_text]<img alt=\"\" loading=\"lazy\" decoding=\"async\" class=\"alignnone wp-image-4424\" src=\"https:\/\/peugada.pt\/wp-content\/uploads\/2021\/04\/logo_peta02.png\" alt=\"\" width=\"130\" height=\"55\">[\/vc_column_text][\/vc_column][vc_column width=\u00bb1\/2&#8243;][vc_single_image image=\u00bb4287&#8243; img_size=\u00bbfull\u00bb onclick=\u00bblink_image\u00bb][\/vc_column][\/vc_row][vc_row][vc_column][vc_column_text]<\/p>\n<h4>Cuidado de Limpieza<\/h4>\n<p>[\/vc_column_text][vc_row_inner][vc_column_inner width=\u00bb1\/2&#8243;][vc_column_text]Limpiar solo con un pa\u00f1o suave ligeramente humedecido. Al ponerlo a secar, col\u00f3quelo a la sombra ya que la exposici\u00f3n prolongada al sol puede alterar los materiales.[\/vc_column_text][\/vc_column_inner][vc_column_inner width=\u00bb1\/2&#8243;][\/vc_column_inner][\/vc_row_inner][\/vc_column][\/vc_row]<\/p>\n<\/section>","protected":false},"excerpt":{"rendered":"<p>Estas GAIA 08 de Lemmon Jelly, en un sofisticado y reluciente bronce, son unas c\u00f3modas sandalias de plataforma capaces de hacerte olvidar a veces que las llevas puesta.<\/p>\n","protected":false},"featured_media":8672,"template":"","meta":{"_acf_changed":false,"_seopress_robots_primary_cat":"214","_seopress_titles_title":"%%title%% - 15% Descuento - Env\u00edo Gratis | %%sitename%%","_seopress_titles_desc":"Sandalias veganas Lemon Jelly GAIA Bronce. \u2713 En stock. \u2713 15% descuento. \u2713 Env\u00edo gratuito. \u2713 Cambios y devoluciones gratis.","_seopress_robots_index":""},"product_cat":[309],"product_tag":[],"class_list":["post-6224","product","type-product","status-publish","has-post-thumbnail","hentry","product_cat-sandalias-es"],"acf":[],"_links":{"self":[{"href":"https:\/\/peugada.pt\/es\/wp-json\/wp\/v2\/product\/6224","targetHints":{"allow":["GET"]}}],"collection":[{"href":"https:\/\/peugada.pt\/es\/wp-json\/wp\/v2\/product"}],"about":[{"href":"https:\/\/peugada.pt\/es\/wp-json\/wp\/v2\/types\/product"}],"wp:featuredmedia":[{"embeddable":true,"href":"https:\/\/peugada.pt\/es\/wp-json\/wp\/v2\/media\/8672"}],"wp:attachment":[{"href":"https:\/\/peugada.pt\/es\/wp-json\/wp\/v2\/media?parent=6224"}],"wp:term":[{"taxonomy":"product_cat","embeddable":true,"href":"https:\/\/peugada.pt\/es\/wp-json\/wp\/v2\/product_cat?post=6224"},{"taxonomy":"product_tag","embeddable":true,"href":"https:\/\/peugada.pt\/es\/wp-json\/wp\/v2\/product_tag?post=6224"}],"curies":[{"name":"wp","href":"https:\/\/api.w.org\/{rel}","templated":true}]}}