{"id":6218,"date":"2021-04-20T17:15:58","date_gmt":"2021-08-14T12:47:41","guid":{"rendered":"https:\/\/peugada.pt\/colecao\/flamingos-life-old-80s-boots-yellow-monocolor\/"},"modified":"2022-03-11T00:00:10","modified_gmt":"2022-03-11T00:00:10","slug":"flamingos-life-old-80s-boots-yellow-monocolor","status":"publish","type":"product","link":"https:\/\/peugada.pt\/es\/coleccion\/flamingos-life-old-80s-boots-yellow-monocolor\/","title":{"rendered":"Flamingos&#8217; Life :: Old 80&#8217;s Boots Yellow Monocolor"},"content":{"rendered":"<section class=\"wpb-content-wrapper\"><p>[vc_row content_placement=\u00bbmiddle\u00bb][vc_column width=\u00bb1\/2&#8243;][vc_column_text]Estas zapatillas veganas Flamingos &#8216;Life son s\u00faper c\u00f3modas hechas de ma\u00edz y bamb\u00fa, pensando en el medio ambiente y el entorno animal.<\/p>\n<ul>\n<li>Material externo a base de ma\u00edz.<\/li>\n<li>Forro interior de bamb\u00fa.<\/li>\n<li>Suela fabricada con caucho natural y reciclado.<\/li>\n<li>Plantilla de corcho extra\u00edble.<\/li>\n<li>Lleva agua potable limpia a zonas remotas de Uganda en colaboraci\u00f3n con la ONG \u00abAgua ONG\u00bb.<\/li>\n<li>En caja de papel reciclado.<\/li>\n<\/ul>\n<p>[\/vc_column_text][vc_column_text]<img alt=\"\" loading=\"lazy\" decoding=\"async\" class=\"alignnone wp-image-4424\" src=\"https:\/\/peugada.pt\/wp-content\/uploads\/2021\/04\/logo_peta02.png\" alt=\"\" width=\"119\" height=\"50\"> <img alt=\"\" loading=\"lazy\" decoding=\"async\" class=\"alignnone wp-image-4799\" src=\"https:\/\/peugada.pt\/wp-content\/uploads\/2021\/04\/global-organic-textile-standard-gots.jpeg\" alt=\"\" width=\"55\" height=\"55\" srcset=\"https:\/\/peugada.pt\/wp-content\/uploads\/2021\/04\/global-organic-textile-standard-gots.jpeg 162w, https:\/\/peugada.pt\/wp-content\/uploads\/2021\/04\/global-organic-textile-standard-gots-150x150.jpeg 150w\" sizes=\"auto, (max-width: 55px) 100vw, 55px\" \/> <img alt=\"\" loading=\"lazy\" decoding=\"async\" class=\"alignnone wp-image-4798\" src=\"https:\/\/peugada.pt\/wp-content\/uploads\/2021\/04\/USDA.jpeg\" alt=\"\" width=\"55\" height=\"55\" srcset=\"https:\/\/peugada.pt\/wp-content\/uploads\/2021\/04\/USDA.jpeg 158w, https:\/\/peugada.pt\/wp-content\/uploads\/2021\/04\/USDA-150x150.jpeg 150w\" sizes=\"auto, (max-width: 55px) 100vw, 55px\" \/>[\/vc_column_text][\/vc_column][vc_column width=\u00bb1\/2&#8243;][vc_single_image image=\u00bb4823&#8243; img_size=\u00bbfull\u00bb alignment=\u00bbcenter\u00bb onclick=\u00bblink_image\u00bb][\/vc_column][\/vc_row][vc_row css=\u00bb.vc_custom_1619267284904{padding-top: 32px !important;}\u00bb][vc_column width=\u00bb1\/2&#8243;][vc_column_text]<\/p>\n<h4>Impacto Positivo<\/h4>\n<p>[\/vc_column_text][vc_column_text]<\/p>\n<ul>\n<li>Cada par vendido contribuye a llevar agua limpia a \u00e1reas remotas de Uganda en colaboraci\u00f3n con la ONG \u201cAgua ONG\u201d.<\/li>\n<\/ul>\n<p>[\/vc_column_text][vc_column_text]<\/p>\n<p style=\"margin-bottom: 3px;\">Comparado con zapatillas de cuero (auditado por <a href=\"https:\/\/www.en.flamingoslife.com\/pages\/transparency\" target=\"_blank\" rel=\"noopener\">BCOME<\/a>).<\/p>\n<ul>\n<li>-11% uso del agua.<\/li>\n<li>-48% de emisiones de CO2 (di\u00f3xido de carbono).<\/li>\n<li>-18% de emisiones de PO4 (fosfato).<\/li>\n<li>100 personas involucradas y 200 procesos durante la fabricaci\u00f3n.<\/li>\n<\/ul>\n<p>[\/vc_column_text][\/vc_column][vc_column width=\u00bb1\/2&#8243;][vc_column_text]<\/p>\n<h4>Cuidado de Limpieza<\/h4>\n<p>[\/vc_column_text][vc_column_text]<\/p>\n<ul>\n<li>Lave los zapatos solo con un pa\u00f1o h\u00famedo y jab\u00f3n de Marsella.<\/li>\n<li>No lo coloque en lavadora o secadora.<\/li>\n<li>No use lej\u00eda.<\/li>\n<\/ul>\n<p>[\/vc_column_text][\/vc_column][\/vc_row]<\/p>\n<\/section>","protected":false},"excerpt":{"rendered":"<p>De Flamingos &#8216;Life llega esta zapatilla vegana Old 80&#8217;s Boots, un modelo c\u00f3modo y original en botas.<\/p>\n","protected":false},"featured_media":5635,"template":"","meta":{"_acf_changed":false,"_seopress_robots_primary_cat":"16","_seopress_titles_title":"%%title%% - 15% Descuento - Env\u00edo Gratis | %%sitename%%","_seopress_titles_desc":"Zapatillas veganas Flamingos&#039; Life Old 80s Boots Yellow. \u2713 En stock. \u2713 15% descuento. \u2713 Env\u00edo gratuito. \u2713 Cambios y devoluciones gratis.","_seopress_robots_index":""},"product_cat":[306],"product_tag":[],"class_list":["post-6218","product","type-product","status-publish","has-post-thumbnail","hentry","product_cat-tenis-es"],"acf":[],"_links":{"self":[{"href":"https:\/\/peugada.pt\/es\/wp-json\/wp\/v2\/product\/6218","targetHints":{"allow":["GET"]}}],"collection":[{"href":"https:\/\/peugada.pt\/es\/wp-json\/wp\/v2\/product"}],"about":[{"href":"https:\/\/peugada.pt\/es\/wp-json\/wp\/v2\/types\/product"}],"wp:featuredmedia":[{"embeddable":true,"href":"https:\/\/peugada.pt\/es\/wp-json\/wp\/v2\/media\/5635"}],"wp:attachment":[{"href":"https:\/\/peugada.pt\/es\/wp-json\/wp\/v2\/media?parent=6218"}],"wp:term":[{"taxonomy":"product_cat","embeddable":true,"href":"https:\/\/peugada.pt\/es\/wp-json\/wp\/v2\/product_cat?post=6218"},{"taxonomy":"product_tag","embeddable":true,"href":"https:\/\/peugada.pt\/es\/wp-json\/wp\/v2\/product_tag?post=6218"}],"curies":[{"name":"wp","href":"https:\/\/api.w.org\/{rel}","templated":true}]}}