{"id":6194,"date":"2021-06-08T20:17:50","date_gmt":"2021-08-14T00:25:32","guid":{"rendered":"https:\/\/peugada.pt\/colecao\/flamingos-life-roland-v-3-snow-ivory\/"},"modified":"2022-03-11T00:00:11","modified_gmt":"2022-03-11T00:00:11","slug":"flamingos-life-roland-v-3-snow-ivory","status":"publish","type":"product","link":"https:\/\/peugada.pt\/es\/coleccion\/flamingos-life-roland-v-3-snow-ivory\/","title":{"rendered":"Flamingos&#8217; Life :: Roland v.3 Snow Ivory"},"content":{"rendered":"<section class=\"wpb-content-wrapper\"><p>[vc_row content_placement=\u00bbmiddle\u00bb][vc_column width=\u00bb1\/2&#8243;][vc_column_text]Estas zapatillas veganas Flamingos&#8217; Life no solo son s\u00faper c\u00f3modas, sino que tambi\u00e9n son de fabricaci\u00f3n local y ecol\u00f3gicas. Utilizan materiales sostenibles como residuos de ma\u00edz y bamb\u00fa, as\u00ed como caucho natural y reciclado.<\/p>\n<ul>\n<li>Material exterior a base de ma\u00edz.<\/li>\n<li>Forro interior de bamb\u00fa.<\/li>\n<li>Suela fabricada con caucho natural y reciclado.<\/li>\n<li>Plantilla de corcho extra\u00edble.<\/li>\n<li>Incluye una bolsa protectora para zapatos.<\/li>\n<li>Los zapatos vienen en una caja de papel reciclado.<\/li>\n<\/ul>\n<p>[\/vc_column_text][vc_column_text]<img alt=\"\" loading=\"lazy\" decoding=\"async\" class=\"alignnone wp-image-4424\" src=\"https:\/\/peugada.pt\/wp-content\/uploads\/2021\/04\/logo_peta02.png\" alt=\"\" width=\"119\" height=\"50\"> <img alt=\"\" loading=\"lazy\" decoding=\"async\" class=\"alignnone wp-image-4799\" src=\"https:\/\/peugada.pt\/wp-content\/uploads\/2021\/04\/global-organic-textile-standard-gots.jpeg\" alt=\"\" width=\"55\" height=\"55\" srcset=\"https:\/\/peugada.pt\/wp-content\/uploads\/2021\/04\/global-organic-textile-standard-gots.jpeg 162w, https:\/\/peugada.pt\/wp-content\/uploads\/2021\/04\/global-organic-textile-standard-gots-150x150.jpeg 150w\" sizes=\"auto, (max-width: 55px) 100vw, 55px\" \/> <img alt=\"\" loading=\"lazy\" decoding=\"async\" class=\"alignnone wp-image-4798\" src=\"https:\/\/peugada.pt\/wp-content\/uploads\/2021\/04\/USDA.jpeg\" alt=\"\" width=\"55\" height=\"55\" srcset=\"https:\/\/peugada.pt\/wp-content\/uploads\/2021\/04\/USDA.jpeg 158w, https:\/\/peugada.pt\/wp-content\/uploads\/2021\/04\/USDA-150x150.jpeg 150w\" sizes=\"auto, (max-width: 55px) 100vw, 55px\" \/>[\/vc_column_text][\/vc_column][vc_column width=\u00bb1\/2&#8243;][vc_single_image image=\u00bb5035&#8243; img_size=\u00bbfull\u00bb alignment=\u00bbcenter\u00bb onclick=\u00bblink_image\u00bb][\/vc_column][\/vc_row][vc_row css=\u00bb.vc_custom_1619267284904{padding-top: 32px !important;}\u00bb][vc_column width=\u00bb1\/2&#8243;][vc_column_text]<\/p>\n<h4>Impacto Positivo<\/h4>\n<p>[\/vc_column_text][vc_column_text]<\/p>\n<ul>\n<li><span class=\"VIiyi\" lang=\"pt\"><span class=\"JLqJ4b ChMk0b\" data-language-for-alternatives=\"pt\" data-language-to-translate-into=\"es\" data-phrase-index=\"2\">Limpiar el oc\u00e9ano de pl\u00e1sticos en colaboraci\u00f3n con la ONG \u00abWaste Free Oceans\u00bb.<\/span><\/span><\/li>\n<\/ul>\n<p>[\/vc_column_text][vc_column_text]<\/p>\n<p style=\"margin-bottom: 3px;\">Comparado con zapatillas de cuero (auditado por BCOME).<\/p>\n<ul>\n<li>-11% uso del agua.<\/li>\n<li>-48% de emisiones de CO2 (di\u00f3xido de carbono).<\/li>\n<li>-17% de las emisiones de PO4 (fosfato).<\/li>\n<li>204 personas involucradas y 136 procesos durante la fabricaci\u00f3n.<\/li>\n<\/ul>\n<p>[\/vc_column_text][\/vc_column][vc_column width=\u00bb1\/2&#8243;][vc_column_text]<\/p>\n<h4>Cuidado de Limpieza<\/h4>\n<p>[\/vc_column_text][vc_column_text]<\/p>\n<ul>\n<li>Lave los zapatos solo con un pa\u00f1o h\u00famedo y jab\u00f3n de Marsella.<\/li>\n<li>No lo coloque en lavadora o secadora.<\/li>\n<li>No use lej\u00eda.<\/li>\n<\/ul>\n<p>[\/vc_column_text][\/vc_column][\/vc_row]<\/p>\n<\/section>","protected":false},"excerpt":{"rendered":"<p>Roland V.3 Snow Ivory son zapatillas veganas de Flamingos&#8217; Life, producidas con residuos de ma\u00edz y bamb\u00fa. <\/p>\n","protected":false},"featured_media":5737,"template":"","meta":{"_acf_changed":false,"_seopress_robots_primary_cat":"16","_seopress_titles_title":"%%title%% - 15% Descuento - Env\u00edo Gratis | %%sitename%%","_seopress_titles_desc":"Zapatillas veganas Flamingos&#039; Life Roland V3 Snow. \u2713 En stock. \u2713 15% descuento. \u2713 Env\u00edo gratuito. \u2713 Cambios y devoluciones gratis.","_seopress_robots_index":""},"product_cat":[306],"product_tag":[],"class_list":["post-6194","product","type-product","status-publish","has-post-thumbnail","hentry","product_cat-tenis-es"],"acf":[],"_links":{"self":[{"href":"https:\/\/peugada.pt\/es\/wp-json\/wp\/v2\/product\/6194","targetHints":{"allow":["GET"]}}],"collection":[{"href":"https:\/\/peugada.pt\/es\/wp-json\/wp\/v2\/product"}],"about":[{"href":"https:\/\/peugada.pt\/es\/wp-json\/wp\/v2\/types\/product"}],"wp:featuredmedia":[{"embeddable":true,"href":"https:\/\/peugada.pt\/es\/wp-json\/wp\/v2\/media\/5737"}],"wp:attachment":[{"href":"https:\/\/peugada.pt\/es\/wp-json\/wp\/v2\/media?parent=6194"}],"wp:term":[{"taxonomy":"product_cat","embeddable":true,"href":"https:\/\/peugada.pt\/es\/wp-json\/wp\/v2\/product_cat?post=6194"},{"taxonomy":"product_tag","embeddable":true,"href":"https:\/\/peugada.pt\/es\/wp-json\/wp\/v2\/product_tag?post=6194"}],"curies":[{"name":"wp","href":"https:\/\/api.w.org\/{rel}","templated":true}]}}