{"id":6183,"date":"2021-05-23T21:37:26","date_gmt":"2021-08-13T20:23:48","guid":{"rendered":"https:\/\/peugada.pt\/colecao\/beflamboyant-ux-68-leopard-2\/"},"modified":"2021-08-13T21:37:50","modified_gmt":"2021-08-13T20:37:50","slug":"beflamboyant-ux-68-leopard-2","status":"publish","type":"product","link":"https:\/\/peugada.pt\/es\/coleccion\/beflamboyant-ux-68-leopard-2\/","title":{"rendered":"BEFLAMBOYANT :: UX-68 Leopard"},"content":{"rendered":"<section class=\"wpb-content-wrapper\"><p>[vc_row][vc_column width=\u00bb1\/2&#8243;][vc_column_text]Me encanta encontrar hermosos modelos de zapatillas de marcas que me hagan sentir que soy el \u00fanico que las conoce.<\/p>\n<p>Estos UX-68 de Beflamboyant me hacen desear secretamente que se mantengan fuera del radar de la mayor\u00eda de la gente. Pero me di cuenta de que iba a ser imposible cuando los llev\u00e9 a dar un <em>paseo<\/em> que dur\u00f3 horas ya que con una experiencia de confort tan excepcional, los afortunados propietarios de este modelo se convertir\u00e1n en defensores. Estoy seguro de que el boca a boca se har\u00e1 sentir fuerte.<\/p>\n<p>Y como dir\u00eda mi contable, mi objetivo no es guardarme todo para m\u00ed &#8230; sino vender para que se conozcan m\u00e1s marcas que amo.<\/p>\n<ul>\n<li>Tenis vegano, certificado por PETA.<\/li>\n<li>Materiales reciclados y sostenibles, con una calidad duradera que alarga la vida del zapato.<\/li>\n<li>Producci\u00f3n local, fabricada en Portugal y materiales originarios entre Portugal y Espa\u00f1a.<\/li>\n<\/ul>\n<p>[\/vc_column_text][\/vc_column][vc_column width=\u00bb1\/2&#8243;][vc_single_image image=\u00bb4958&#8243; img_size=\u00bbfull\u00bb alignment=\u00bbcenter\u00bb onclick=\u00bblink_image\u00bb][\/vc_column][\/vc_row][vc_row css=\u00bb.vc_custom_1621722479090{padding-top: 32px !important;}\u00bb][vc_column width=\u00bb1\/2&#8243;][vc_column_text]<\/p>\n<h4>Impacto positivo<\/h4>\n<p>[\/vc_column_text][vc_column_text]Un estudio certificado por <a href=\"https:\/\/www.beflamboyant.com\/pages\/transparency\" target=\"_blank\" rel=\"noopener\">BCOME<\/a>, concluy\u00f3 que la fabricaci\u00f3n de este modelo de tenis en comparaci\u00f3n con los tradicionales que utilizan cuero:<\/p>\n<ul>\n<li>-47,3% uso del agua.<\/li>\n<li>-45,2% emisiones de CO2.<\/li>\n<li>-79,1% emisiones de PO4.<\/li>\n<li>107 personas involucradas y 71 procesos.<\/li>\n<\/ul>\n<p>[\/vc_column_text][vc_column_text css=\u00bb.vc_custom_1621722429090{padding-top: 12px !important;}\u00bb]<\/p>\n<h4>Certificaciones<\/h4>\n<p><img alt=\"\" loading=\"lazy\" decoding=\"async\" class=\"alignnone wp-image-4424\" src=\"https:\/\/peugada.pt\/wp-content\/uploads\/2021\/04\/logo_peta02.png\" alt=\"\" width=\"133\" height=\"56\"> <img alt=\"\" loading=\"lazy\" decoding=\"async\" class=\"alignnone wp-image-4927\" src=\"https:\/\/peugada.pt\/wp-content\/uploads\/2021\/05\/BCOME_BLUE_websitepeugada.png\" alt=\"\" width=\"58\" height=\"56\"> <img alt=\"\" loading=\"lazy\" decoding=\"async\" class=\"alignnone wp-image-4928\" src=\"https:\/\/peugada.pt\/wp-content\/uploads\/2021\/05\/global-recycled-standard.jpg\" alt=\"\" width=\"118\" height=\"56\">[\/vc_column_text][\/vc_column][vc_column width=\u00bb1\/2&#8243;][vc_column_text]<\/p>\n<h4>Composici\u00f3n<\/h4>\n<p>[\/vc_column_text][vc_column_text]Zapatillas de incre\u00edble comodidad, confeccionadas con un compromiso con el medio ambiente, las personas y los animales.<\/p>\n<ul>\n<li>Utilizaci\u00f3n de resinas libres de emisiones de CO2.<\/li>\n<li>Uso de resinas libres de <a href=\"https:\/\/pt.wikipedia.org\/wiki\/Cromo_hexavalente\" target=\"_blank\" rel=\"noopener\">cromo hexavalente<\/a>.<\/li>\n<li>Plantillas removibles.<\/li>\n<li>Microfibras de alta calidad.<\/li>\n<li>Materiales sostenibles y reciclados.<\/li>\n<\/ul>\n<p>[\/vc_column_text][\/vc_column][\/vc_row][vc_row content_placement=\u00bbmiddle\u00bb css=\u00bb.vc_custom_1621784499832{padding-top: 32px !important;}\u00bb][vc_column width=\u00bb1\/2&#8243;][vc_single_image image=\u00bb4954&#8243; img_size=\u00bbfull\u00bb alignment=\u00bbcenter\u00bb][\/vc_column][vc_column width=\u00bb1\/2&#8243;][vc_column_text]<\/p>\n<h4>Libre de crueldad animal y vegana<\/h4>\n<p>Materiales sin componentes animales, por lo que son zapatos libres de crueldad animal, donde ninguno fue sacrificado para la fabricaci\u00f3n de los mismos.[\/vc_column_text][vc_column_text]<\/p>\n<h4>Producci\u00f3n y materiales locales<\/h4>\n<p>Producci\u00f3n en Felgueiras, Portugal, con materiales originarios de Portugal y Espa\u00f1a a trav\u00e9s de proveedores certificados.[\/vc_column_text][vc_column_text]<\/p>\n<h4>Comercio Justo<\/h4>\n<p>Hechos a mano \u00e9ticamente con proveedores que garantizan salarios y condiciones de trabajo justos.[\/vc_column_text][vc_column_text]<\/p>\n<h4>Envases sin desperdicio<\/h4>\n<p>Adem\u00e1s de un embalaje de cart\u00f3n reciclado, cada par tambi\u00e9n viene con una bolsa de tela reciclada reutilizable.[\/vc_column_text][vc_column_text]<\/p>\n<h4>\u00c1rbol Plantado<\/h4>\n<p>Por cada par vendido, la marca planta un \u00e1rbol.[\/vc_column_text][\/vc_column][\/vc_row]<\/p>\n<\/section>","protected":false},"excerpt":{"rendered":"<p>Beflamboyant UX-68 Leopard son zapatillas veganas, producidas localmente con materiales sostenibles.<\/p>\n","protected":false},"featured_media":5673,"template":"","meta":{"_acf_changed":false,"_seopress_robots_primary_cat":"16","_seopress_titles_title":"%%title%% %%sep%% 15% Descuento - Env\u00edo Gratis | %%sitename%%","_seopress_titles_desc":"Zapatillas veganas Beflamboyant UX-68 Leopard. \u2713 En stock. \u2713 15% descuento. \u2713 Env\u00edo gratuito. \u2713 Cambios y devoluciones gratis.","_seopress_robots_index":""},"product_cat":[306],"product_tag":[],"class_list":["post-6183","product","type-product","status-publish","has-post-thumbnail","hentry","product_cat-tenis-es"],"acf":[],"_links":{"self":[{"href":"https:\/\/peugada.pt\/es\/wp-json\/wp\/v2\/product\/6183","targetHints":{"allow":["GET"]}}],"collection":[{"href":"https:\/\/peugada.pt\/es\/wp-json\/wp\/v2\/product"}],"about":[{"href":"https:\/\/peugada.pt\/es\/wp-json\/wp\/v2\/types\/product"}],"wp:featuredmedia":[{"embeddable":true,"href":"https:\/\/peugada.pt\/es\/wp-json\/wp\/v2\/media\/5673"}],"wp:attachment":[{"href":"https:\/\/peugada.pt\/es\/wp-json\/wp\/v2\/media?parent=6183"}],"wp:term":[{"taxonomy":"product_cat","embeddable":true,"href":"https:\/\/peugada.pt\/es\/wp-json\/wp\/v2\/product_cat?post=6183"},{"taxonomy":"product_tag","embeddable":true,"href":"https:\/\/peugada.pt\/es\/wp-json\/wp\/v2\/product_tag?post=6183"}],"curies":[{"name":"wp","href":"https:\/\/api.w.org\/{rel}","templated":true}]}}