{"id":6163,"date":"2021-05-24T16:52:56","date_gmt":"2021-08-13T19:05:17","guid":{"rendered":"https:\/\/peugada.pt\/colecao\/beflamboyant-street-light-blue-2\/"},"modified":"2021-08-13T21:06:52","modified_gmt":"2021-08-13T20:06:52","slug":"beflamboyant-street-light-blue-2","status":"publish","type":"product","link":"https:\/\/peugada.pt\/es\/coleccion\/beflamboyant-street-light-blue-2\/","title":{"rendered":"Beflamboyant :: Street Light Blue"},"content":{"rendered":"<section class=\"wpb-content-wrapper\"><p>[vc_row][vc_column width=\u00bb1\/2&#8243;][vc_column_text]Me sent\u00ed aliviada cuando encontr\u00e9 estas zapatillas Street veganas de Beflamboyant. Finalmente, podr\u00eda tener un par de zapatillas veganas que sean deportivas pero al mismo tiempo&#8230; son m\u00e1s que solamente deportivas.<\/p>\n<p>Son m\u00e1s que perfectos para correr, pero lo que los distingue y r\u00e1pidamente los convirti\u00f3 en uno de mis favoritos, es la facilidad con la que puedo llevarlos a todas partes y combinar con casi cualquier prenda de vestir. Desde ropa casual hasta formal, van bien con <em>casi<\/em> todo, lo que me permite estar <em>liviano<\/em> en todo momento.  <\/p>\n<ul>\n<li>Tenis vegano, certificado por PETA.<\/li>\n<li>Materiales reciclados y sostenibles, con una calidad duradera que alarga la vida del zapato.<\/li>\n<li>Suela de goma reciclada.<\/li>\n<li>S\u00faper c\u00f3modo con espuma 100% reciclada.<\/li>\n<li>Producci\u00f3n local, fabricada en Portugal y materiales originarios entre Portugal y Espa\u00f1a.<\/li>\n<\/ul>\n<p>[\/vc_column_text][\/vc_column][vc_column width=\u00bb1\/2&#8243;][vc_single_image image=\u00bb4978&#8243; img_size=\u00bbfull\u00bb alignment=\u00bbcenter\u00bb onclick=\u00bblink_image\u00bb][\/vc_column][\/vc_row][vc_row css=\u00bb.vc_custom_1621722479090{padding-top: 32px !important;}\u00bb][vc_column width=\u00bb1\/2&#8243;][vc_column_text]<\/p>\n<h4>Impacto positivo<\/h4>\n<p>[\/vc_column_text][vc_column_text]Un estudio certificado por <a href=\"https:\/\/bcome.tech\/en\/beflamboyant\/street\" target=\"_blank\" rel=\"noopener\">BCOME<\/a>, concluy\u00f3 que la fabricaci\u00f3n de este modelo de tenis en comparaci\u00f3n con los tradicionales que utilizan cuero:<\/p>\n<ul>\n<li>-54,6% uso del agua.<\/li>\n<li>-41,9% emisiones de CO2.<\/li>\n<li>-64,1% emisiones de PO4.<\/li>\n<li>110 personas involucradas y 73 procesos.<\/li>\n<\/ul>\n<p>[\/vc_column_text][vc_column_text css=\u00bb.vc_custom_1621866950032{padding-top: 12px !important;}\u00bb]<\/p>\n<h4>Certificaciones<\/h4>\n<p><img alt=\"\" loading=\"lazy\" decoding=\"async\" class=\"alignnone wp-image-4424\" src=\"https:\/\/peugada.pt\/wp-content\/uploads\/2021\/04\/logo_peta02.png\" alt=\"\" width=\"133\" height=\"56\"> <img alt=\"\" loading=\"lazy\" decoding=\"async\" class=\"alignnone wp-image-4927\" src=\"https:\/\/peugada.pt\/wp-content\/uploads\/2021\/05\/BCOME_BLUE_websitepeugada.png\" alt=\"\" width=\"58\" height=\"56\"> <img alt=\"\" loading=\"lazy\" decoding=\"async\" class=\"alignnone wp-image-4928\" src=\"https:\/\/peugada.pt\/wp-content\/uploads\/2021\/05\/global-recycled-standard.jpg\" alt=\"\" width=\"118\" height=\"56\"> <img alt=\"\" loading=\"lazy\" decoding=\"async\" class=\"alignnone wp-image-4971\" src=\"https:\/\/peugada.pt\/wp-content\/uploads\/2021\/05\/vegan-society-label_website.jpg\" alt=\"\" width=\"69\" height=\"56\">[\/vc_column_text][\/vc_column][vc_column width=\u00bb1\/2&#8243;][vc_column_text]<\/p>\n<h4>Composici\u00f3n<\/h4>\n<p>[\/vc_column_text][vc_column_text]Fabricado en compromiso con el medio ambiente, las personas y los animales.<\/p>\n<ul>\n<li>Espuma 100% reciclada.<\/li>\n<li>Material de base biol\u00f3gica, que utiliza residuos de ma\u00edz en el 63% de la composici\u00f3n de la parte superior del zapato.<\/li>\n<li>El material en forma de malla es 100% reciclado.<\/li>\n<li>Forro de microfibra de alta calidad.<\/li>\n<li>Plantilla 100% reciclada con carb\u00f3n activo de origen vegetal.<\/li>\n<li>Plantillas removibles.<\/li>\n<\/ul>\n<p>[\/vc_column_text][\/vc_column][\/vc_row][vc_row content_placement=\u00bbmiddle\u00bb css=\u00bb.vc_custom_1621784499832{padding-top: 32px !important;}\u00bb][vc_column width=\u00bb1\/2&#8243;][vc_single_image image=\u00bb4977&#8243; img_size=\u00bbfull\u00bb alignment=\u00bbcenter\u00bb onclick=\u00bblink_image\u00bb][\/vc_column][vc_column width=\u00bb1\/2&#8243;][vc_column_text]<\/p>\n<h4>Libre de crueldad animal y vegana<\/h4>\n<p>Materiales sin componentes animales, por lo que son zapatos libres de crueldad animal, donde ninguno fue sacrificado para la fabricaci\u00f3n de los mismos.[\/vc_column_text][vc_column_text]<\/p>\n<h4>Producci\u00f3n y materiales locales<\/h4>\n<p>Producci\u00f3n en Felgueiras, Portugal, con materiales originarios de Portugal y Espa\u00f1a a trav\u00e9s de proveedores certificados.[\/vc_column_text][vc_column_text]<\/p>\n<h4>Comercio Justo<\/h4>\n<p>Hechos a mano \u00e9ticamente con proveedores que garantizan salarios y condiciones de trabajo justos.[\/vc_column_text][vc_column_text]<\/p>\n<h4>Envases sin desperdicio<\/h4>\n<p>Adem\u00e1s de un embalaje de cart\u00f3n reciclado, cada par tambi\u00e9n viene con una bolsa de tela reciclada reutilizable.[\/vc_column_text][vc_column_text]<\/p>\n<h4>\u00c1rbol Plantado<\/h4>\n<p>Por cada par vendido, la marca planta un \u00e1rbol.[\/vc_column_text][\/vc_column][\/vc_row]<\/p>\n<\/section>","protected":false},"excerpt":{"rendered":"<p>Street Light Blue de Beflamboyant, calzado deportivo vegano de producci\u00f3n local con materiales sostenibles.<\/p>\n","protected":false},"featured_media":5709,"template":"","meta":{"_acf_changed":false,"_seopress_robots_primary_cat":"16","_seopress_titles_title":"%%title%% %%sep%% 15% Descuento - Env\u00edo Gratis | %%sitename%%","_seopress_titles_desc":"Zapatillas veganas Beflamboyant Street Blue. \u2713 En stock. \u2713 15% descuento. \u2713 Env\u00edo gratuito. \u2713 Cambios y devoluciones gratis.","_seopress_robots_index":""},"product_cat":[306],"product_tag":[],"class_list":["post-6163","product","type-product","status-publish","has-post-thumbnail","hentry","product_cat-tenis-es"],"acf":[],"_links":{"self":[{"href":"https:\/\/peugada.pt\/es\/wp-json\/wp\/v2\/product\/6163","targetHints":{"allow":["GET"]}}],"collection":[{"href":"https:\/\/peugada.pt\/es\/wp-json\/wp\/v2\/product"}],"about":[{"href":"https:\/\/peugada.pt\/es\/wp-json\/wp\/v2\/types\/product"}],"wp:featuredmedia":[{"embeddable":true,"href":"https:\/\/peugada.pt\/es\/wp-json\/wp\/v2\/media\/5709"}],"wp:attachment":[{"href":"https:\/\/peugada.pt\/es\/wp-json\/wp\/v2\/media?parent=6163"}],"wp:term":[{"taxonomy":"product_cat","embeddable":true,"href":"https:\/\/peugada.pt\/es\/wp-json\/wp\/v2\/product_cat?post=6163"},{"taxonomy":"product_tag","embeddable":true,"href":"https:\/\/peugada.pt\/es\/wp-json\/wp\/v2\/product_tag?post=6163"}],"curies":[{"name":"wp","href":"https:\/\/api.w.org\/{rel}","templated":true}]}}