{"id":6148,"date":"2021-08-08T14:05:15","date_gmt":"2021-08-08T13:05:15","guid":{"rendered":"https:\/\/peugada.pt\/envios-devoluciones-y-pagos\/"},"modified":"2022-11-27T16:35:44","modified_gmt":"2022-11-27T16:35:44","slug":"infos","status":"publish","type":"page","link":"https:\/\/peugada.pt\/es\/infos\/","title":{"rendered":"Env\u00edos, devoluciones y pagos"},"content":{"rendered":"<section class=\"wpb-content-wrapper\"><p>[vc_row full_width=\u00bbstretch_row_content_no_spaces\u00bb full_height=\u00bbyes\u00bb columns_placement=\u00bbtop\u00bb equal_height=\u00bbyes\u00bb content_placement=\u00bbtop\u00bb][vc_column css=\u00bb.vc_custom_1617109797738{padding-right: 4vw !important;padding-left: 6.5vw !important;background-color: #f6c845 !important;}\u00bb offset=\u00bbvc_col-lg-4 vc_col-md-5&#8243;][vc_row_inner][vc_column_inner offset=\u00bbvc_hidden-sm vc_hidden-xs\u00bb][vc_empty_space height=\u00bb10vw\u00bb][vc_custom_heading text=\u00bbInformaci\u00f3n sobre env\u00edos, cambios, devoluciones y pagos.\u00bb font_container=\u00bbtag:p|font_size:30px|text_align:left|color:%23221019|line_height:40px\u00bb use_theme_fonts=\u00bbyes\u00bb][vc_column_text]\u00bfTiene otras preguntas? Estamos en loja@peugada.pt o en el +351 916 956 768.[\/vc_column_text][vc_separator color=\u00bbcustom\u00bb accent_color=\u00bb#e8b621&#8243;][vc_widget_sidebar sidebar_id=\u00bbsidebar\u00bb][\/vc_column_inner][\/vc_row_inner][vc_row_inner][vc_column_inner offset=\u00bbvc_hidden-lg vc_hidden-md\u00bb][vc_empty_space height=\u00bb102px\u00bb][vc_custom_heading text=\u00bbInformaci\u00f3n sobre env\u00edos, cambios, devoluciones y pagos.\u00bb font_container=\u00bbtag:p|font_size:24px|text_align:left|color:%23221019|line_height:36px\u00bb use_theme_fonts=\u00bbyes\u00bb][vc_column_text]\u00bfTiene otras preguntas? Estamos en loja@peugada.pt o en el +351 916 956 768.[\/vc_column_text][\/vc_column_inner][\/vc_row_inner][\/vc_column][vc_column offset=\u00bbvc_col-lg-8 vc_col-md-7&#8243; css=\u00bb.vc_custom_1545636776711{padding-right: 7vw !important;padding-left: 7vw !important;}\u00bb][vc_row_inner el_id=\u00bbenvios\u00bb][vc_column_inner offset=\u00bbvc_hidden-md vc_hidden-sm vc_hidden-xs\u00bb][vc_empty_space height=\u00bb12vw\u00bb][\/vc_column_inner][\/vc_row_inner][vc_row_inner][vc_column_inner offset=\u00bbvc_hidden-lg vc_hidden-sm vc_hidden-xs\u00bb][vc_empty_space height=\u00bb14vw\u00bb][\/vc_column_inner][\/vc_row_inner][vc_row_inner][vc_column_inner offset=\u00bbvc_hidden-lg vc_hidden-md\u00bb][vc_empty_space height=\u00bb40px\u00bb][\/vc_column_inner][\/vc_row_inner][vc_row_inner][vc_column_inner][vc_column_text el_class=\u00bbbrand_color2&#8243;]<\/p>\n<h2>Env\u00edo de pedidos<\/h2>\n<p>[\/vc_column_text][\/vc_column_inner][\/vc_row_inner][vc_row_inner css=\u00bb.vc_custom_1545639505775{margin-bottom: 30px !important;}\u00bb][vc_column_inner width=\u00bb1\/2&#8243; css=\u00bb.vc_custom_1545637744226{padding-right: 30px !important;}\u00bb][vc_column_text el_class=\u00bbfontweight_500&#8243;]<\/p>\n<h4>A d\u00f3nde enviamos<\/h4>\n<p>[\/vc_column_text][\/vc_column_inner][vc_column_inner width=\u00bb1\/2&#8243;][vc_column_text el_class=\u00bbfontweight_400&#8243;]Todos los pa\u00edses de la Uni\u00f3n Europea, Reino Unido y Suiza.[\/vc_column_text][\/vc_column_inner][\/vc_row_inner][vc_row_inner css=\u00bb.vc_custom_1545639505775{margin-bottom: 30px !important;}\u00bb][vc_column_inner width=\u00bb1\/2&#8243; css=\u00bb.vc_custom_1545637744226{padding-right: 30px !important;}\u00bb][vc_column_text el_class=\u00bbfontweight_500&#8243;]<\/p>\n<h4>\u00bfCu\u00e1l es el coste de env\u00edo?<\/h4>\n<p>[\/vc_column_text][\/vc_column_inner][vc_column_inner width=\u00bb1\/2&#8243;][vc_column_text el_class=\u00bbfontweight_400&#8243;]<strong>Portugal Continental + Islas:<\/strong> 4\u20ac. <span style=\"text-decoration: underline;\">Gratis:<\/span> compras superiores a 49\u20ac.<br \/>\n<strong>Espa\u00f1a:<\/strong> 5\u20ac. <span style=\"text-decoration: underline;\">Gratis:<\/span> compras superiores a 49\u20ac.<br \/>\n<strong>Uni\u00f3n Europea: <\/strong>consulte <a href=\"#\">este cuadro<\/a>.<br \/>\n<strong>Suiza y Reino Unido:<\/strong> 20 libras (derechos de aduana incluidos).[\/vc_column_text][\/vc_column_inner][\/vc_row_inner][vc_row_inner css=\u00bb.vc_custom_1630849331478{margin-bottom: 30px !important;}\u00bb el_id=\u00bbtaxas\u00bb][vc_column_inner width=\u00bb1\/2&#8243; css=\u00bb.vc_custom_1545637744226{padding-right: 30px !important;}\u00bb][vc_column_text el_class=\u00bbfontweight_500&#8243;]<\/p>\n<h4>Reino Unido y Suiza<br \/>\nDerechos de aduana y de importaci\u00f3n<\/h4>\n<p>[\/vc_column_text][\/vc_column_inner][vc_column_inner width=\u00bb1\/2&#8243;][vc_column_text el_class=\u00bbfontweight_400&#8243;]<\/p>\n<p style=\"margin-bottom: 0;\"><strong>Compras &gt; \u00a3100:<\/strong> incluidas en los precios.<\/p>\n<h6>Para las compras superiores a 100 euros, se incluyen los impuestos de aduana y de importaci\u00f3n. As\u00ed que NO tendr\u00e1s que pagar m\u00e1s que el importe total que veas en la caja.<\/h6>\n<h6>En el caso improbable de que, a pesar de todo, se le pida que pague derechos de aduana\/impuestos, <a href=\"https:\/\/peugada.pt\/es\/contactos-2\/\">p\u00f3ngase en contacto con nosotros<\/a>.<\/h6>\n<p><strong>Compras &lt;: <\/strong> para las compras inferiores a 100 euros, es responsabilidad del cliente el pago de las aduanas y los impuestos de importaci\u00f3n.[\/vc_column_text][\/vc_column_inner][\/vc_row_inner][vc_row_inner css=\u00bb.vc_custom_1545639513198{margin-bottom: 30px !important;}\u00bb][vc_column_inner width=\u00bb1\/2&#8243; css=\u00bb.vc_custom_1545637744226{padding-right: 30px !important;}\u00bb][vc_column_text el_class=\u00bbfontweight_500&#8243;]<\/p>\n<h4>Plazos de entrega<\/h4>\n<p>[\/vc_column_text][\/vc_column_inner][vc_column_inner width=\u00bb1\/2&#8243;][vc_column_text el_class=\u00bbfontweight_400&#8243;]<strong>Portugal continental:<\/strong> 1 a 2 d\u00edas laborables.<br \/>\n<strong>Azores y Madeira:<\/strong> de 3 a 7 d\u00edas laborables.<br \/>\n<strong>Uni\u00f3n Europea:<\/strong> de 2 a 8 d\u00edas laborables.<br \/>\n<strong>Suiza y Reino Unido:<\/strong> de 5 a 12 d\u00edas laborables.[\/vc_column_text][\/vc_column_inner][\/vc_row_inner][vc_row_inner][vc_column_inner width=\u00bb1\/2&#8243; css=\u00bb.vc_custom_1545637744226{padding-right: 30px !important;}\u00bb][vc_column_text el_class=\u00bbfontweight_500&#8243;]<\/p>\n<h4>Red de recogida DPD<\/h4>\n<p>[\/vc_column_text][\/vc_column_inner][vc_column_inner width=\u00bb1\/2&#8243;][vc_column_text el_class=\u00bbfontweight_400&#8243;]Recoja su pedido en uno de los m\u00e1s de 600 puntos de recogida de DPD disponibles en Portugal continental.[\/vc_column_text][\/vc_column_inner][\/vc_row_inner][vc_row_inner css=\u00bb.vc_custom_1545639513198{margin-bottom: 30px !important;}\u00bb][vc_column_inner width=\u00bb1\/2&#8243; css=\u00bb.vc_custom_1545637744226{padding-right: 30px !important;}\u00bb][vc_column_text el_class=\u00bbfontweight_500&#8243;]<\/p>\n<h4>Recogida gratuita en 1h<\/h4>\n<p>[\/vc_column_text][\/vc_column_inner][vc_column_inner width=\u00bb1\/2&#8243;][vc_column_text el_class=\u00bbfontweight_400&#8243;]Disponible en nuestro punto de recogida en 1 hora.<br \/>\nHorario de apertura: todos los d\u00edas, de 10 a 21 horas.<br \/>\nDirecci\u00f3n: Rua 16 de Agosto 14, Pedra &#8211; Torres Vedras.<br \/>\nGPS: 39.058182, -9.345948.[\/vc_column_text][\/vc_column_inner][\/vc_row_inner][vc_row_inner css=\u00bb.vc_custom_1617745212415{margin-bottom: 30px !important;}\u00bb el_id=\u00bbtrocas\u00bb][vc_column_inner css=\u00bb.vc_custom_1545637744226{padding-right: 30px !important;}\u00bb][\/vc_column_inner][\/vc_row_inner][vc_separator color=\u00bbcustom\u00bb accent_color=\u00bb#f6c845&#8243;][vc_row_inner][vc_column_inner][vc_column_text el_class=\u00bbbrand_color2&#8243; css=\u00bb.vc_custom_1617121110472{padding-top: 22px !important;}\u00bb]<\/p>\n<h2>Intercambio<\/h2>\n<p>[\/vc_column_text][\/vc_column_inner][\/vc_row_inner][vc_row_inner css=\u00bb.vc_custom_1545639573691{margin-bottom: 30px !important;}\u00bb][vc_column_inner width=\u00bb1\/2&#8243; css=\u00bb.vc_custom_1545637744226{padding-right: 30px !important;}\u00bb][vc_column_text el_class=\u00bbfontweight_500&#8243;]<\/p>\n<h4>Intercambios gratuitos<\/h4>\n<p>[\/vc_column_text][\/vc_column_inner][vc_column_inner width=\u00bb1\/2&#8243;][vc_column_text el_class=\u00bbfontweight_400&#8243;]Podemos cambiar el n\u00famero o el modelo de forma gratuita. Si no tenemos el n\u00famero que desea, podemos cambiarlo por otro modelo o devolverle el importe pagado.<\/p>\n<p>Simplemente env\u00ede un correo electr\u00f3nico a loja@peugada.pt y comenzaremos el proceso de intercambio.[\/vc_column_text][\/vc_column_inner][\/vc_row_inner][vc_row_inner css=\u00bb.vc_custom_1545639573691{margin-bottom: 30px !important;}\u00bb][vc_column_inner width=\u00bb1\/2&#8243; css=\u00bb.vc_custom_1545637744226{padding-right: 30px !important;}\u00bb][vc_column_text el_class=\u00bbfontweight_500&#8243;]<\/p>\n<h4>30 d\u00edas para el cambio<\/h4>\n<p>[\/vc_column_text][\/vc_column_inner][vc_column_inner width=\u00bb1\/2&#8243;][vc_column_text el_class=\u00bbfontweight_400&#8243;]Tienes 30 d\u00edas para cambiar tus art\u00edculos desde el d\u00eda en que enviamos tu pedido.[\/vc_column_text][\/vc_column_inner][\/vc_row_inner][vc_row_inner css=\u00bb.vc_custom_1545639573691{margin-bottom: 30px !important;}\u00bb][vc_column_inner width=\u00bb1\/2&#8243; css=\u00bb.vc_custom_1545637744226{padding-right: 30px !important;}\u00bb][vc_column_text el_class=\u00bbfontweight_500&#8243;]<\/p>\n<h4>Intercambios navide\u00f1os del 31 de enero<\/h4>\n<p>[\/vc_column_text][\/vc_column_inner][vc_column_inner width=\u00bb1\/2&#8243;][vc_column_text el_class=\u00bbfontweight_400&#8243;]Excepcionalmente, durante el periodo navide\u00f1o, todas las compras realizadas despu\u00e9s del 15 de noviembre tienen hasta el 31 de enero del a\u00f1o siguiente para ser canjeadas.[\/vc_column_text][\/vc_column_inner][\/vc_row_inner][vc_row_inner css=\u00bb.vc_custom_1545639573691{margin-bottom: 30px !important;}\u00bb][vc_column_inner width=\u00bb1\/2&#8243; css=\u00bb.vc_custom_1545637744226{padding-right: 30px !important;}\u00bb][vc_column_text el_class=\u00bbfontweight_500&#8243;]<\/p>\n<h4>Condiciones de intercambio<\/h4>\n<p>[\/vc_column_text][\/vc_column_inner][vc_column_inner width=\u00bb1\/2&#8243;][vc_column_text el_class=\u00bbfontweight_400&#8243;]El art\u00edculo debe estar libre de cualquier signo de uso y todas las caracter\u00edsticas y etiquetas deben estar intactas. Le recomendamos que pruebe el zapato en una superficie enmoquetada o en una alfombra.<\/p>\n<p>S\u00f3lo cuando recibamos el producto le enviaremos el n\u00famero de sustituci\u00f3n. Tambi\u00e9n puedes optar por cambiarlo por otro modelo de cualquier valor. Cuando se opta por cambiar por un modelo de menor coste, el reembolso de la diferencia de coste se realiza por transferencia bancaria, independientemente del m\u00e9todo de pago utilizado.[\/vc_column_text][\/vc_column_inner][\/vc_row_inner][vc_row_inner][vc_column_inner width=\u00bb1\/2&#8243; css=\u00bb.vc_custom_1545637744226{padding-right: 30px !important;}\u00bb][vc_column_text el_class=\u00bbfontweight_500&#8243;]<\/p>\n<h4>En su primer intercambio, los gastos de env\u00edo son gratuitos (Portugal + Espa\u00f1a Peninsular)<\/h4>\n<p>[\/vc_column_text][\/vc_column_inner][vc_column_inner width=\u00bb1\/2&#8243;][vc_column_text el_class=\u00bbfontweight_400&#8243;]En su primer intercambio, los gastos de env\u00edo son totalmente gratuitos. V\u00e1lido para Portugal continental y Espa\u00f1a continental.<\/p>\n<p>Todo lo que tienes que hacer es volver a empaquetar y ordenar. Enviaremos un mensajero a recoger la mercanc\u00eda. Una vez que lo recibamos, le reenviaremos el n\u00famero o modelo que haya elegido. Siempre sin gastos de env\u00edo.<\/p>\n<p>\u00bfNo tiene nada que empaquetar y no puede reutilizar nuestros envases? Todo lo que necesitas es una bolsa de papel grapada, ya incluimos pegatinas para que puedas sellar el paquete.[\/vc_column_text][\/vc_column_inner][\/vc_row_inner][vc_row_inner css=\u00bb.vc_custom_1617745242801{margin-bottom: 30px !important;}\u00bb el_id=\u00bbpagamentos\u00bb][vc_column_inner css=\u00bb.vc_custom_1545637744226{padding-right: 30px !important;}\u00bb][\/vc_column_inner][\/vc_row_inner][vc_separator color=\u00bbcustom\u00bb accent_color=\u00bb#f6c845&#8243;][vc_row_inner][vc_column_inner][vc_column_text css=\u00bb.vc_custom_1617111587441{padding-top: 22px !important;}\u00bb el_class=\u00bbbrand_color2&#8243;]<\/p>\n<h2>Pagos<\/h2>\n<p>[\/vc_column_text][\/vc_column_inner][\/vc_row_inner][vc_row_inner css=\u00bb.vc_custom_1545639768226{margin-bottom: 30px !important;}\u00bb][vc_column_inner width=\u00bb1\/2&#8243; css=\u00bb.vc_custom_1545637744226{padding-right: 30px !important;}\u00bb][vc_column_text el_class=\u00bbfontweight_500&#8243;]<\/p>\n<h4>M\u00e9todos de pago disponibles<\/h4>\n<p>[\/vc_column_text][\/vc_column_inner][vc_column_inner width=\u00bb1\/2&#8243;][vc_column_text el_class=\u00bbfontweight_400&#8243;]MBWay.<br \/>\nReferencia de Multibanco.<br \/>\nTransferencia bancaria.<br \/>\nTarjeta de cr\u00e9dito.<br \/>\nPayPal.[\/vc_column_text][\/vc_column_inner][\/vc_row_inner][vc_row_inner css=\u00bb.vc_custom_1545639768226{margin-bottom: 30px !important;}\u00bb][vc_column_inner width=\u00bb1\/2&#8243; css=\u00bb.vc_custom_1545637744226{padding-right: 30px !important;}\u00bb][vc_column_text el_class=\u00bbfontweight_500&#8243;]<\/p>\n<h4>Pago contra reembolso<\/h4>\n<p>[\/vc_column_text][\/vc_column_inner][vc_column_inner width=\u00bb1\/2&#8243;][vc_column_text el_class=\u00bbfontweight_400&#8243;]Al seleccionar Recogida gratuita en 1h, puede elegir pagar a la entrega. Pago en efectivo o MBWay.[\/vc_column_text][\/vc_column_inner][\/vc_row_inner][vc_row_inner][vc_column_inner width=\u00bb1\/2&#8243; css=\u00bb.vc_custom_1545637744226{padding-right: 30px !important;}\u00bb][vc_column_text el_class=\u00bbfontweight_500&#8243;]<\/p>\n<h4>Notificaci\u00f3n de pago<\/h4>\n<p>[\/vc_column_text][\/vc_column_inner][vc_column_inner width=\u00bb1\/2&#8243;][vc_column_text el_class=\u00bbfontweight_400&#8243;]<strong>Transferencia bancaria:<\/strong> env\u00edenos un correo electr\u00f3nico cuando haya realizado el pago para agilizar el env\u00edo de su pedido.<br \/>\n<strong>Otros m\u00e9todos de pago:<\/strong> se nos notificar\u00e1 autom\u00e1ticamente cuando realice el pago.[\/vc_column_text][\/vc_column_inner][\/vc_row_inner][vc_row_inner el_id=\u00bbdevolucoes\u00bb css=\u00bb.vc_custom_1617745157010{margin-bottom: 30px !important;}\u00bb][vc_column_inner css=\u00bb.vc_custom_1545637744226{padding-right: 30px !important;}\u00bb][\/vc_column_inner][\/vc_row_inner][vc_separator color=\u00bbcustom\u00bb accent_color=\u00bb#f6c845&#8243;][vc_row_inner][vc_column_inner][vc_column_text css=\u00bb.vc_custom_1617121166319{padding-top: 22px !important;}\u00bb el_class=\u00bbbrand_color2&#8243;]<\/p>\n<h2>Devuelve<\/h2>\n<p>[\/vc_column_text][\/vc_column_inner][\/vc_row_inner][vc_row_inner css=\u00bb.vc_custom_1545639573691{margin-bottom: 30px !important;}\u00bb][vc_column_inner width=\u00bb1\/2&#8243; css=\u00bb.vc_custom_1545637744226{padding-right: 30px !important;}\u00bb][vc_column_text el_class=\u00bbfontweight_500&#8243;]<\/p>\n<h4>Devoluci\u00f3n de un art\u00edculo defectuoso<\/h4>\n<p>[\/vc_column_text][\/vc_column_inner][vc_column_inner width=\u00bb1\/2&#8243;][vc_column_text el_class=\u00bbfontweight_400&#8243;]Tienes derecho a devolver los art\u00edculos si se detectan defectos u otras faltas de conformidad en relaci\u00f3n con los art\u00edculos pedidos, y la devoluci\u00f3n debe realizarse en un plazo de 14 d\u00edas a partir de la recepci\u00f3n del pedido. Esto no afecta a sus derechos legales.<br \/>\nDebe devolv\u00e9rnoslo y, si su reclamaci\u00f3n est\u00e1 justificada, se le reembolsar\u00e1 el precio pagado por el art\u00edculo y los gastos de devoluci\u00f3n.[\/vc_column_text][\/vc_column_inner][\/vc_row_inner][vc_row_inner css=\u00bb.vc_custom_1545639573691{margin-bottom: 30px !important;}\u00bb][vc_column_inner width=\u00bb1\/2&#8243; css=\u00bb.vc_custom_1545637744226{padding-right: 30px !important;}\u00bb][vc_column_text el_class=\u00bbfontweight_500&#8243;]<\/p>\n<h4>Volver al art\u00edculo<\/h4>\n<p>[\/vc_column_text][\/vc_column_inner][vc_column_inner width=\u00bb1\/2&#8243;][vc_column_text el_class=\u00bbfontweight_400&#8243;]Puedes devolver el art\u00edculo bajo el derecho de desistimiento gratuito hasta 14 d\u00edas despu\u00e9s de recibir el pedido siempre que:<\/p>\n<p>a) Los art\u00edculos no han sido utilizados;<br \/>\nb) El art\u00edculo conserva intactas sus caracter\u00edsticas y etiquetas originales;<br \/>\nc) Todos los zapatos han sido probados en una superficie alfombrada antes de su uso;<\/p>\n<p>Los gastos derivados de la devoluci\u00f3n del pedido corren a cargo del cliente. Se debe enviar un correo electr\u00f3nico a <a href=\"mailto:loja@peugada.pt\">loja@peugada.pt<\/a> para solicitar la devoluci\u00f3n del pedido.<\/p>\n<p>Una vez recibido el art\u00edculo devuelto, analizaremos y confirmaremos su estado de conservaci\u00f3n y, en su caso, reembolsaremos en un plazo m\u00e1ximo de quince d\u00edas el importe pagado por el cliente, excluyendo los gastos derivados de la devoluci\u00f3n del pedido.[\/vc_column_text][\/vc_column_inner][\/vc_row_inner][vc_empty_space height=\u00bb50px\u00bb][\/vc_column][\/vc_row]<\/p>\n<\/section>","protected":false},"excerpt":{"rendered":"<p>[vc_row full_width=\u00bbstretch_row_content_no_spaces\u00bb full_height=\u00bbyes\u00bb columns_placement=\u00bbtop\u00bb equal_height=\u00bbyes\u00bb content_placement=\u00bbtop\u00bb][vc_column css=\u00bb.vc_custom_1617109797738{padding-right: 4vw !important;padding-left: 6.5vw !important;background-color: #f6c845 !important;}\u00bb offset=\u00bbvc_col-lg-4 vc_col-md-5&#8243;][vc_row_inner][vc_column_inner offset=\u00bbvc_hidden-sm vc_hidden-xs\u00bb][vc_empty_space height=\u00bb10vw\u00bb][vc_custom_heading text=\u00bbInformaci\u00f3n sobre\u2026<\/p>\n","protected":false},"author":1,"featured_media":0,"parent":0,"menu_order":0,"comment_status":"closed","ping_status":"closed","template":"page-peugada.php","meta":{"_acf_changed":false,"_seopress_robots_primary_cat":"0","_seopress_titles_title":"","_seopress_titles_desc":"","_seopress_robots_index":"","footnotes":""},"class_list":["post-6148","page","type-page","status-publish","hentry"],"acf":[],"_links":{"self":[{"href":"https:\/\/peugada.pt\/es\/wp-json\/wp\/v2\/pages\/6148","targetHints":{"allow":["GET"]}}],"collection":[{"href":"https:\/\/peugada.pt\/es\/wp-json\/wp\/v2\/pages"}],"about":[{"href":"https:\/\/peugada.pt\/es\/wp-json\/wp\/v2\/types\/page"}],"author":[{"embeddable":true,"href":"https:\/\/peugada.pt\/es\/wp-json\/wp\/v2\/users\/1"}],"replies":[{"embeddable":true,"href":"https:\/\/peugada.pt\/es\/wp-json\/wp\/v2\/comments?post=6148"}],"version-history":[{"count":36,"href":"https:\/\/peugada.pt\/es\/wp-json\/wp\/v2\/pages\/6148\/revisions"}],"predecessor-version":[{"id":9981,"href":"https:\/\/peugada.pt\/es\/wp-json\/wp\/v2\/pages\/6148\/revisions\/9981"}],"wp:attachment":[{"href":"https:\/\/peugada.pt\/es\/wp-json\/wp\/v2\/media?parent=6148"}],"curies":[{"name":"wp","href":"https:\/\/api.w.org\/{rel}","templated":true}]}}