{"id":6137,"date":"2021-03-24T17:34:23","date_gmt":"2021-03-24T17:34:23","guid":{"rendered":"https:\/\/peugada.pt\/resolucao-alternativa-de-litigios\/"},"modified":"2021-08-08T13:45:38","modified_gmt":"2021-08-08T12:45:38","slug":"resolucao-alternativa-de-litigios","status":"publish","type":"page","link":"https:\/\/peugada.pt\/es\/resolucao-alternativa-de-litigios\/","title":{"rendered":"Resoluci\u00f3n de conflicto alternativa"},"content":{"rendered":"\n<p>En caso de litigio de consumo, definido de conformidad con lo dispuesto en la Ley n \u00b0 144\/2015, de 8 de septiembre, el consumidor podr\u00e1 recurrir a la resoluci\u00f3n alternativa competente de los litigios de consumo.<\/p>\n\n<p>Sin perjuicio de lo dispuesto en la legislaci\u00f3n, estatutos y reglamentos a los que est\u00e9n sujetas las entidades de resoluci\u00f3n alternativa de litigios al consumidor, la entidad de resoluci\u00f3n alternativa de litigios al consumidor del lugar de la firma del contrato para la compraventa del bien o la prestaci\u00f3n de servicios o, alternativamente, la entidad de resoluci\u00f3n alternativa con competencia especializada, si existe para el sector en cuesti\u00f3n.<\/p>\n\n<p>Si no existe una entidad alternativa de resoluci\u00f3n de disputas con competencia en el lugar donde se firm\u00f3 el contrato o las existentes no se consideran competentes por su valor, el consumidor podr\u00e1 acudir al Centro Nacional de Informaci\u00f3n y Arbitraje de Conflictos del Consumidor, ubicado en Lisboa, con la siguiente informaci\u00f3n:<br\/><br\/><strong>Entidad de RAL:<\/strong><br\/>Centro Nacional de Informa\u00e7\u00e3o e Arbitragem de Conflitos de Consumo (CNIACC)<br\/>Tel\u00e9fono: 21 384 74 84 (15h-16h)<br\/>E-mail: cniacc@fd.unl.pt<br\/>Facebook: <a rel=\"noreferrer noopener\" href=\"http:\/\/www.facebook.com\/cniacc\" target=\"_blank\">www.facebook.com\/cniacc<\/a><br\/>Correo: Faculdade de Direito da Universidade Nova de Lisboa<br\/>Campus de Campolide<br\/>1099-032 Lisboa.<br\/><br\/>Para m\u00e1s informaciones: Portal do Consumidor <a rel=\"noreferrer noopener\" href=\"http:\/\/www.consumidor.pt\/\" target=\"_blank\">www.consumidor.pt<\/a>.<\/p>\n","protected":false},"excerpt":{"rendered":"<p>En caso de litigio de consumo, definido de conformidad con lo dispuesto en la Ley n \u00b0 144\/2015, de 8\u2026<\/p>\n","protected":false},"author":1,"featured_media":0,"parent":0,"menu_order":0,"comment_status":"closed","ping_status":"closed","template":"","meta":{"_acf_changed":false,"_seopress_robots_primary_cat":"0","_seopress_titles_title":"","_seopress_titles_desc":"","_seopress_robots_index":"yes","footnotes":""},"class_list":["post-6137","page","type-page","status-publish","hentry"],"acf":[],"_links":{"self":[{"href":"https:\/\/peugada.pt\/es\/wp-json\/wp\/v2\/pages\/6137","targetHints":{"allow":["GET"]}}],"collection":[{"href":"https:\/\/peugada.pt\/es\/wp-json\/wp\/v2\/pages"}],"about":[{"href":"https:\/\/peugada.pt\/es\/wp-json\/wp\/v2\/types\/page"}],"author":[{"embeddable":true,"href":"https:\/\/peugada.pt\/es\/wp-json\/wp\/v2\/users\/1"}],"replies":[{"embeddable":true,"href":"https:\/\/peugada.pt\/es\/wp-json\/wp\/v2\/comments?post=6137"}],"version-history":[{"count":4,"href":"https:\/\/peugada.pt\/es\/wp-json\/wp\/v2\/pages\/6137\/revisions"}],"predecessor-version":[{"id":6144,"href":"https:\/\/peugada.pt\/es\/wp-json\/wp\/v2\/pages\/6137\/revisions\/6144"}],"wp:attachment":[{"href":"https:\/\/peugada.pt\/es\/wp-json\/wp\/v2\/media?parent=6137"}],"curies":[{"name":"wp","href":"https:\/\/api.w.org\/{rel}","templated":true}]}}