{"id":6127,"date":"2021-03-24T18:38:22","date_gmt":"2021-03-24T18:38:22","guid":{"rendered":"https:\/\/peugada.pt\/politica-de-privacidade\/"},"modified":"2021-08-08T12:31:52","modified_gmt":"2021-08-08T11:31:52","slug":"politica-de-privacidad","status":"publish","type":"page","link":"https:\/\/peugada.pt\/es\/politica-de-privacidad\/","title":{"rendered":"Pol\u00edtica de Privacidad"},"content":{"rendered":"\n<h3 class=\"wp-block-heading\">1. Alcance de la pol\u00edtica de privacidad<\/h3>\n\n\n\n<p>La Peugada (Susana Teresa Alves Neves) aplica esta Pol\u00edtica de Privacidad a su sitio web, respetando la privacidad de los datos personales de sus usuarios, informando c\u00f3mo se recaban, procesan y utilizan, as\u00ed como para qu\u00e9 fines se utilizan, quedando expresamente prohibido su cesi\u00f3n a terceros. Peugada se reserva el derecho a actualizar su Pol\u00edtica de Privacidad en cualquier momento.<\/p>\n\n\n\n<h3 class=\"wp-block-heading\">2. C\u00f3mo y cu\u00e1ndo se recopilan los datos personales<\/h3>\n\n\n\n<p>Los datos personales de los usuarios del sitio web se recopilan tras su consentimiento para suscribirse al bolet\u00edn de noticias en l\u00ednea en el sitio web. Tambi\u00e9n se recopilan datos indispensables para responder a los mensajes de contacto y para procesar los pedidos realizados a trav\u00e9s de nuestro sitio web durante el pago, o cuando se realiza por tel\u00e9fono o correo electr\u00f3nico.<\/p>\n\n\n\n<h3 class=\"wp-block-heading\">3. Finalidades del tratamiento de datos personales<\/h3>\n\n\n\n<p>Los datos personales de los usuarios del Sitio Web se procesan con el fin de desarrollar relaciones contractuales, divulgar informaci\u00f3n comercial sobre nuestros productos, campa\u00f1as y procesamiento de pedidos, y se utilizan exclusivamente para estos fines.<\/p>\n\n\n\n<p>Los datos personales no se utilizar\u00e1n para finalidades distintas a las descritas en esta Pol\u00edtica de Privacidad, sin que previamente se informe o, en su caso, se obtenga su consentimiento expreso.<\/p>\n\n\n\n<p>Las bases legales que garantizan el tratamiento de sus datos personales por parte de Peugada son las siguientes:<\/p>\n\n\n\n<p>a) Consentimiento mediante suscripci\u00f3n a la newsletter; <br>b) Los datos personales son necesarios para la ejecuci\u00f3n de un contrato \/ finalizaci\u00f3n de compra; <br>c) Los datos personales son necesarios para el cumplimiento de una obligaci\u00f3n legal a la que est\u00e1 sujeta la Huella; <br>d) Los datos personales son necesarios para los intereses leg\u00edtimos que persigue Peugada, siempre que prevalezcan sobre los intereses o derechos, libertades y garant\u00edas del interesado.<\/p>\n\n\n\n<h3 class=\"wp-block-heading\">4. Tiempo de retenci\u00f3n de datos personales<\/h3>\n\n\n\n<p>Los datos personales de los usuarios del Sitio Web ser\u00e1n recabados y almacenados durante el per\u00edodo que se considere necesario para cumplir con las finalidades previstas, quedando garantizado el derecho a cancelar la suscripci\u00f3n a la newsletter, siendo el resto de datos eliminados de la base de datos de Peugada a los 2 a\u00f1os de vigencia. el \u00faltimo uso.<\/p>\n\n\n\n<h3 class=\"wp-block-heading\">5. Qui\u00e9n tiene acceso a los datos personales<\/h3>\n\n\n\n<p>Los datos personales de los usuarios del Sitio Web son gestionados por la persona designada internamente por Peugada a tal efecto, salvo que se solicite el consentimiento o sea necesario para cumplir con obligaciones legales.<\/p>\n\n\n\n<h3 class=\"wp-block-heading\">6. D\u00f3nde se almacenan los datos personales<\/h3>\n\n\n\n<p>Los datos personales de los usuarios del Sitio Web se almacenan en los servidores de Peugada, ubicados en la Uni\u00f3n Europea y a los que se garantizan los mecanismos de seguridad y protecci\u00f3n para asegurar el cumplimiento de las leyes de privacidad aplicables, aplicando el mismo principio a los datos relativos a suscripci\u00f3n a la newsletter.<\/p>\n\n\n\n<h3 class=\"wp-block-heading\">7. Derecho del interesado<\/h3>\n\n\n\n<p>Los usuarios del Sitio Web tienen derecho a solicitar a Peugada el acceso a sus datos personales, as\u00ed como su rectificaci\u00f3n, limitaci\u00f3n o eliminaci\u00f3n del tratamiento al que se refiere el interesado u oponerse al tratamiento, as\u00ed como el derecho a la portabilidad de los datos, y Tambi\u00e9n el derecho a retirar el consentimiento en cualquier momento, sin comprometer la licitud del tratamiento realizado en base al consentimiento previamente prestado, todo ello de conformidad con lo establecido en el Reglamento General de Protecci\u00f3n de Datos (RGPD). Tambi\u00e9n tiene derecho a presentar una denuncia ante la autoridad de control (CNPD &#8211; Comisi\u00f3n Nacional de Protecci\u00f3n de Datos). Si desea ejercer alguno de sus derechos o simplemente solicitar informaci\u00f3n, debe enviar su solicitud a geral@peugada.pt.<\/p>\n\n\n\n<p>Su privacidad es muy importante para nosotros. Peugada garantiza que, tomando en cuenta la importancia de este asunto, tom\u00f3 activamente las medidas que corresponden a las mejores pr\u00e1cticas, con el fin de garantizar la confidencialidad y seguridad de sus datos personales, por lo que ser\u00e1 informado de inmediato en caso de cualquier violaci\u00f3n.<\/p>\n\n\n\n<h3 class=\"wp-block-heading\">8. Cookies<\/h3>\n\n\n\n<h4 class=\"wp-block-heading\">8.1. \u00bfQu\u00e9 son los cookies?<\/h4>\n\n\n\n<p>Cookies son peque\u00f1os archivos de texto que los sitios web que visita colocan en el navegador de su computadora (navegador). Los sitios web los utilizan ampliamente para que funcionen o mejoren su rendimiento al proporcionar informaci\u00f3n sobre usted a los propietarios de sitios web. La informaci\u00f3n retenida por las cookies revela preferencias de uso y no sus datos personales.<\/p>\n\n\n\n<h4 class=\"wp-block-heading\">8.2. \u00bfPara que sirven los cookies?<\/h4>\n\n\n\n<p>Las cookies son fundamentales para permitir una navegaci\u00f3n m\u00e1s r\u00e1pida y eficaz, eliminando, por ejemplo, la necesidad de introducir repetidamente la misma informaci\u00f3n.<\/p>\n\n\n\n<h4 class=\"wp-block-heading\">8.3. \u00bfQu\u00e9 tipo de cookies utilizamos?<\/h4>\n\n\n\n<p><strong>Cookies estrictamente necesarias:<\/strong> le permiten navegar por el sitio web y utilizar las aplicaciones y servicios que proporciona Peugada, como acceder a \u00e1reas seguras del sitio web. Sin estas cookies no se pueden prestar los servicios.<\/p>\n\n\n\n<p><strong>Cookies anal\u00edticas:<\/strong> permiten obtener datos agregados para an\u00e1lisis estad\u00edstico y mejora del sitio web.<\/p>\n\n\n\n<p><strong>Cookies funcionales: <\/strong>permiten una navegaci\u00f3n f\u00e1cil e individualizada, ya que guardan las preferencias del usuario en cuanto al uso del sitio web, por lo que no es necesario reconfigurarlo para cada visita.<\/p>\n\n\n\n<p><strong>Cookies de terceros:<\/strong> en algunas p\u00e1ginas de los sitios web de Peugada hay componentes puestos a disposici\u00f3n por terceros (p. Ej. Videos de Youtube, redes sociales, etc.) que utilizan cookies que son independientes de las cookies gestionadas por Peugada.<\/p>\n\n\n\n<p><strong>Cookies publicitarias:<\/strong> Le permiten orientar la publicidad seg\u00fan los intereses de cada usuario, mediante la recopilaci\u00f3n de h\u00e1bitos de navegaci\u00f3n en Internet. De esta forma, la publicidad proporcionada se corresponder\u00e1 con sus necesidades.<\/p>\n\n\n\n<p>Algunas cookies utilizadas en sitios web se eliminar\u00e1n autom\u00e1ticamente del equipo cuando cierre la sesi\u00f3n de su navegador (llamadas \u00abcookies de sesi\u00f3n\u00bb). Otros tipos de cookies permanecer\u00e1n en su computadora y permitir\u00e1n identificar su computadora la pr\u00f3xima vez que visite el sitio web (llamadas \u00abcookies permanentes\u00bb).<\/p>\n\n\n\n<p>Peugada garantiza que no se guarda informaci\u00f3n personal con estas cookies.<\/p>\n\n\n\n<h4 class=\"wp-block-heading\">8.4. \u00bfC\u00f3mo deshabilitar las cookies?<\/h4>\n\n\n\n<p><strong>Microsoft Internet Explorer \/ Microsoft Edge<\/strong> Existen varios niveles de activaci\u00f3n y desactivaci\u00f3n de cookies en Internet Explorer. Para obtener m\u00e1s informaci\u00f3n sobre la configuraci\u00f3n de cookies de Internet Explorer, consulte la siguiente p\u00e1gina de Microsoft en\u00a0<a href=\"http:\/\/windows.microsoft.com\/pt-PT\/windows-vista\/Block-or-allow-cookies\">http:\/\/windows.microsoft.com\/pt-PT\/windows-vista\/Block-or-allow-cookies<\/a><\/p>\n\n\n\n<p><strong>Google Chrome<\/strong> Tiene control total sobre los permisos de cookies en Google Chrome. De forma predeterminada, se permiten todas las cookies, pero puede ajustar esta configuraci\u00f3n. Si se han establecido o bloqueado cookies en la p\u00e1gina que est\u00e1 viendo, aparece un icono al final de la barra de direcciones. Hay varios niveles de habilitaci\u00f3n y deshabilitaci\u00f3n de cookies en Google Chrome. Para obtener m\u00e1s informaci\u00f3n sobre la configuraci\u00f3n de cookies en Google Chrome, consulte la siguiente p\u00e1gina:\u00a0<a href=\"http:\/\/support.google.com\/chrome\/bin\/answer.py?hl=pt&amp;answer=95647&amp;topic=14666&amp;ctx=topic\">http:\/\/support.google.com\/chrome\/bin\/answer.py?hl=pt&amp;answer=95647&amp;topic=14666&amp;ctx=topic<\/a><\/p>\n\n\n\n<p><strong>Mozilla Firefox<\/strong>\u00a0Para deshabilitar todas las cookies en Mozilla Firefox:\u00a0<a href=\"http:\/\/support.mozilla.org\/pt-PT\/kb\/Activar%20e%20Desactivar%20cookies?redirectlocale=en-US&amp;redirectslug=Enabling+and+disabling+cookies\">http:\/\/support.mozilla.org\/pt-PT\/kb\/Activar e Desactivar cookies?redirectlocale=en-US&amp;redirectslug=Enabling+and+disabling+cookies<\/a><\/p>\n\n\n\n<p><strong>Safari<\/strong>\u00a0Para deshabilitar todas las cookies en Safari:\u00a0<a href=\"http:\/\/support.apple.com\/kb\/HT1677?viewlocale=pt_PTTodos\">support.apple.com\/kb\/HT1677?viewlocale=pt_PTTodos<\/a>.<\/p>\n\n\n\n<p><strong>Otros navegadores de Internet (navegador):<\/strong> busque en el men\u00fa de \u00abayuda\u00bb del navegador o comun\u00edquese con el proveedor de su navegador.<\/p>\n\n\n\n<h3 class=\"wp-block-heading\">9. Responsable del Tratamiento de Datos Personales<\/h3>\n\n\n\n<p>La Entidad responsable del tratamiento de los datos personales es <strong>Susana Neves con el NIPC 505976218<\/strong> y con sede en Rua Principal N\u00ba32, Azinhaga, 2565-834, Portugal, que determina la finalidad y forma de tratamiento de los mismos. Para obtener m\u00e1s informaci\u00f3n y aclaraciones sobre este asunto, cont\u00e1ctenos en geral@peugada.pt.<\/p>\n","protected":false},"excerpt":{"rendered":"<p>1. Alcance de la pol\u00edtica de privacidad La Peugada (Susana Teresa Alves Neves) aplica esta Pol\u00edtica de Privacidad a su\u2026<\/p>\n","protected":false},"author":1,"featured_media":0,"parent":0,"menu_order":0,"comment_status":"closed","ping_status":"closed","template":"","meta":{"_acf_changed":false,"_seopress_robots_primary_cat":"0","_seopress_titles_title":"","_seopress_titles_desc":"","_seopress_robots_index":"yes","footnotes":""},"class_list":["post-6127","page","type-page","status-publish","hentry"],"acf":[],"_links":{"self":[{"href":"https:\/\/peugada.pt\/es\/wp-json\/wp\/v2\/pages\/6127","targetHints":{"allow":["GET"]}}],"collection":[{"href":"https:\/\/peugada.pt\/es\/wp-json\/wp\/v2\/pages"}],"about":[{"href":"https:\/\/peugada.pt\/es\/wp-json\/wp\/v2\/types\/page"}],"author":[{"embeddable":true,"href":"https:\/\/peugada.pt\/es\/wp-json\/wp\/v2\/users\/1"}],"replies":[{"embeddable":true,"href":"https:\/\/peugada.pt\/es\/wp-json\/wp\/v2\/comments?post=6127"}],"version-history":[{"count":1,"href":"https:\/\/peugada.pt\/es\/wp-json\/wp\/v2\/pages\/6127\/revisions"}],"predecessor-version":[{"id":6129,"href":"https:\/\/peugada.pt\/es\/wp-json\/wp\/v2\/pages\/6127\/revisions\/6129"}],"wp:attachment":[{"href":"https:\/\/peugada.pt\/es\/wp-json\/wp\/v2\/media?parent=6127"}],"curies":[{"name":"wp","href":"https:\/\/api.w.org\/{rel}","templated":true}]}}