{"id":6115,"date":"2021-08-08T12:05:11","date_gmt":"2021-08-08T11:05:11","guid":{"rendered":"https:\/\/peugada.pt\/sobre-nosotros\/"},"modified":"2021-10-10T16:22:03","modified_gmt":"2021-10-10T15:22:03","slug":"sobre-nosotros","status":"publish","type":"page","link":"https:\/\/peugada.pt\/es\/sobre-nosotros\/","title":{"rendered":"Sobre Nosotros"},"content":{"rendered":"<section class=\"wpb-content-wrapper\"><p>[vc_row full_width=\u00bbstretch_row_content_no_spaces\u00bb full_height=\u00bbyes\u00bb content_placement=\u00bbmiddle\u00bb][vc_column css=\u00bb.vc_custom_1618750840104{background-image: url(https:\/\/peugada.pt\/wp-content\/uploads\/2021\/04\/photo-1618343734289-343e69750e00.jpg?id=4420) !important;background-position: center !important;background-repeat: no-repeat !important;background-size: cover !important;}\u00bb offset=\u00bbvc_col-lg-6 vc_col-md-4&#8243;][vc_row_inner][vc_column_inner offset=\u00bbvc_hidden-sm vc_hidden-xs\u00bb][vc_empty_space height=\u00bb100vh\u00bb][\/vc_column_inner][\/vc_row_inner][vc_row_inner][vc_column_inner offset=\u00bbvc_hidden-lg vc_hidden-md vc_hidden-xs\u00bb][vc_empty_space height=\u00bb64vh\u00bb][\/vc_column_inner][\/vc_row_inner][vc_row_inner][vc_column_inner offset=\u00bbvc_hidden-lg vc_hidden-md vc_hidden-sm\u00bb][vc_empty_space height=\u00bb50vh\u00bb][\/vc_column_inner][\/vc_row_inner][\/vc_column][vc_column offset=\u00bbvc_col-lg-6 vc_col-md-8&#8243;][vc_row_inner][vc_column_inner offset=\u00bbvc_hidden-lg vc_hidden-md\u00bb][vc_empty_space][\/vc_column_inner][\/vc_row_inner][vc_row_inner][vc_column_inner offset=\u00bbvc_col-lg-offset-1 vc_col-lg-10&#8243; css=\u00bb.vc_custom_1618750427356{padding-right: 15% !important;padding-left: 15% !important;}\u00bb][vc_column_text]<\/p>\n<h2>\u00c9rase una vez en Praia dos Coxos<\/h2>\n<p>[\/vc_column_text][vc_column_text]<em>\u00bfSiguiendo tu \u201cpeugada\u201d (paso)? \u00bfQue es eso? <\/em><\/p>\n<p><em>Ay mam\u00e1, tanta presi\u00f3n, est\u00e1 siguiendo las marcas de mi paso.<\/em><\/p>\n<p>Las personas que conocen el \u00e1rea de Ericeira, tambi\u00e9n pueden saber que ir de la bah\u00eda de Coxos a la playa de Coxos a trav\u00e9s de las rocas puede ser todo un desaf\u00edo. Y as\u00ed naci\u00f3 \u201cpeugada\u201d, un nombre que encarna una idea sencilla: una tienda para personas que, como yo, saben que un poco de todo puede ser lo mismo que no tener nada.[\/vc_column_text][\/vc_column_inner][\/vc_row_inner][\/vc_column][\/vc_row][vc_row css=\u00bb.vc_custom_1618763551491{padding-top: 52px !important;padding-bottom: 32px !important;}\u00bb][vc_column offset=\u00bbvc_col-lg-offset-1 vc_col-lg-10&#8243;][vc_row_inner][vc_column_inner width=\u00bb1\/2&#8243;][vc_column_text el_class=\u00bbbrand_color responsive_force_left\u00bb]<\/p>\n<h2 style=\"text-align: right;\">Mujeres apasionadas, pr\u00e1cticas y de esp\u00edritu joven<\/h2>\n<p>[\/vc_column_text][\/vc_column_inner][vc_column_inner width=\u00bb1\/2&#8243;][vc_column_text]<\/p>\n<div class=\"page\" title=\"Page 3\">\n<div class=\"layoutArea\">\n<div class=\"column\">\n<p style=\"text-align: left;\">Las zapatillas de deporte se est\u00e1n convirtiendo cada vez m\u00e1s en parte de la vida de las mujeres para el uso diario, no solo en la generaci\u00f3n m\u00e1s joven sino tambi\u00e9n en una generaci\u00f3n mayor como la m\u00eda.<\/p>\n<p style=\"text-align: left;\">Zapatos que se pueden usar en todo tipo de ocasiones, siendo solo cuesti\u00f3n de adaptar la ropa y podemos tener cualquier <em>look<\/em>, ya sea sofisticado o relajado, con sensaci\u00f3n de ligereza en los pies.<\/p>\n<\/div>\n<\/div>\n<\/div>\n<p>[\/vc_column_text][\/vc_column_inner][\/vc_row_inner][\/vc_column][\/vc_row][vc_row][vc_column width=\u00bb1\/4&#8243;][vc_column_text el_class=\u00bbresponsive_force_left responsive_low_margin\u00bb]<\/p>\n<h4 style=\"text-align: right;\">Design atemporal, calidad duradera<\/h4>\n<p>[\/vc_column_text][\/vc_column][vc_column width=\u00bb1\/4&#8243;][vc_column_text]Zapatos con un design que no se ajusta al enfoque tradicional de moda r\u00e1pida. Un alto est\u00e1ndar en calidad y proceso de fabricaci\u00f3n para un par de zapatos de larga duraci\u00f3n.[\/vc_column_text][\/vc_column][vc_column width=\u00bb1\/4&#8243;][vc_column_text el_class=\u00bbresponsive_force_left responsive_low_margin\u00bb]<\/p>\n<h4 style=\"text-align: right;\">Materiales de bajo impacto<\/h4>\n<p>[\/vc_column_text][\/vc_column][vc_column width=\u00bb1\/4&#8243;][vc_column_text]Marcas enfocadas a la producci\u00f3n con materiales sostenibles y reciclados, con el fin de reducir el impacto de la producci\u00f3n en el planeta.[\/vc_column_text][\/vc_column][\/vc_row][vc_row css=\u00bb.vc_custom_1618766156786{padding-top: 32px !important;padding-bottom: 52px !important;}\u00bb][vc_column width=\u00bb1\/4&#8243;][vc_column_text el_class=\u00bbresponsive_force_left responsive_low_margin\u00bb]<\/p>\n<h4 style=\"text-align: right;\">Impacto positivo en la econom\u00eda local<\/h4>\n<p>[\/vc_column_text][\/vc_column][vc_column width=\u00bb1\/4&#8243;][vc_column_text]Marcas con producci\u00f3n en Portugal o Espa\u00f1a que hacen una contribuci\u00f3n positiva a la econom\u00eda local y circular.[\/vc_column_text][\/vc_column][vc_column width=\u00bb1\/4&#8243;][vc_column_text el_class=\u00bbresponsive_force_left responsive_low_margin\u00bb]<\/p>\n<h4 style=\"text-align: right;\">Minimizar el impacto en los pedidos de env\u00edo<\/h4>\n<p>[\/vc_column_text][\/vc_column][vc_column width=\u00bb1\/4&#8243;][vc_column_text]Nuestra conciencia ecol\u00f3gica contin\u00faa en el proceso de env\u00edo de pedidos utilizando materiales reciclados, biodegradables y reduciendo al m\u00e1ximo el volumen utilizado para los env\u00edos.[\/vc_column_text][\/vc_column][\/vc_row]<\/p>\n<\/section>","protected":false},"excerpt":{"rendered":"<p>[vc_row full_width=\u00bbstretch_row_content_no_spaces\u00bb full_height=\u00bbyes\u00bb content_placement=\u00bbmiddle\u00bb][vc_column css=\u00bb.vc_custom_1618750840104{background-image: url(https:\/\/peugada.pt\/wp-content\/uploads\/2021\/04\/photo-1618343734289-343e69750e00.jpg?id=4420) !important;background-position: center !important;background-repeat: no-repeat !important;background-size: cover !important;}\u00bb offset=\u00bbvc_col-lg-6 vc_col-md-4&#8243;][vc_row_inner][vc_column_inner offset=\u00bbvc_hidden-sm vc_hidden-xs\u00bb][vc_empty_space height=\u00bb100vh\u00bb][\/vc_column_inner][\/vc_row_inner][vc_row_inner][vc_column_inner offset=\u00bbvc_hidden-lg vc_hidden-md\u2026<\/p>\n","protected":false},"author":2,"featured_media":0,"parent":0,"menu_order":0,"comment_status":"closed","ping_status":"closed","template":"","meta":{"_acf_changed":false,"_seopress_robots_primary_cat":"0","_seopress_titles_title":"%%title%% %%sep%% %%sitename%% %%sep%% %%sitedesc%% | Env\u00edo gratis","_seopress_titles_desc":"Peugada es una tienda de zapatos veganos con marcas ecol\u00f3gicas de producci\u00f3n local y sostenible \ud83c\udf31. Env\u00edo gratis.","_seopress_robots_index":"","footnotes":""},"class_list":["post-6115","page","type-page","status-publish","hentry"],"acf":[],"_links":{"self":[{"href":"https:\/\/peugada.pt\/es\/wp-json\/wp\/v2\/pages\/6115","targetHints":{"allow":["GET"]}}],"collection":[{"href":"https:\/\/peugada.pt\/es\/wp-json\/wp\/v2\/pages"}],"about":[{"href":"https:\/\/peugada.pt\/es\/wp-json\/wp\/v2\/types\/page"}],"author":[{"embeddable":true,"href":"https:\/\/peugada.pt\/es\/wp-json\/wp\/v2\/users\/2"}],"replies":[{"embeddable":true,"href":"https:\/\/peugada.pt\/es\/wp-json\/wp\/v2\/comments?post=6115"}],"version-history":[{"count":13,"href":"https:\/\/peugada.pt\/es\/wp-json\/wp\/v2\/pages\/6115\/revisions"}],"predecessor-version":[{"id":7056,"href":"https:\/\/peugada.pt\/es\/wp-json\/wp\/v2\/pages\/6115\/revisions\/7056"}],"wp:attachment":[{"href":"https:\/\/peugada.pt\/es\/wp-json\/wp\/v2\/media?parent=6115"}],"curies":[{"name":"wp","href":"https:\/\/api.w.org\/{rel}","templated":true}]}}