{"id":6109,"date":"2021-08-08T11:55:47","date_gmt":"2021-08-08T10:55:47","guid":{"rendered":"https:\/\/peugada.pt\/inicio-2\/"},"modified":"2022-11-27T17:24:36","modified_gmt":"2022-11-27T17:24:36","slug":"inicio-2","status":"publish","type":"page","link":"https:\/\/peugada.pt\/es\/","title":{"rendered":"Inicio"},"content":{"rendered":"<section class=\"wpb-content-wrapper\"><p>[vc_row full_width=\u00bbstretch_row_content_no_spaces\u00bb el_class=\u00bbhome-slider\u00bb][vc_column]<style>@media all and (max-width: 768px){#default-slider-69d2042e31edd, #default-slider-69d2042e31edd .barberry_slider-wrapper, #default-slider-69d2042e31edd .bg-wrapper { height:450px!important;}}\r\n\t#default-slider-69d2042e31edd .flickity-button {color: #ffffff}\r\n\t#default-slider-69d2042e31edd .flickity-button .flickity-button-icon {fill: #ffffff}\r\n\t#default-slider-69d2042e31edd .bg-wrapper { height:680px; } \r\n\t#default-slider-69d2042e31edd .barberry_slider-wrapper .flickity-page-dots .dot { background-color: #ffffff }\r\n\t<\/style><div class=\"shortcode_barberry_slider  \" id=\"default-slider-69d2042e31edd\" style=\"height:680px;\"><div class=\"barberry_slider-wrapper\" style=\"height:680px;\" data-autoplay=\"true\" data-autoplay-speed=\"5000\"><div class=\"carousel-cell middle_center\"  style=\"background:#ffffff\"><div class=\"cell-img\"><div class=\"bg-wrapper\" data-flickity-bg-lazyload=\"https:\/\/peugada.pt\/wp-content\/uploads\/2022\/07\/summer-sky.jpg\"><\/div><\/div><a href=\"https:\/\/peugada.pt\/colecao\/\" class=\"fullslidelink\" ><\/a><div class=\"slider-content\"><div class=\"slider-content-wrapper\"><h1 class=\"slide-title\" style=\"color:#ffffff\">Noticias<\/h1><p class=\"slide-button\"><a href=\"https:\/\/peugada.pt\/colecao\/\" style=\"border-color:rgb(255,255,255); color:rgb(255,255,255)\" ><\/a><\/p><\/div><\/div><\/div> <div class=\"carousel-cell middle_center\"  style=\"background:#ffffff\"><div class=\"cell-img\"><div class=\"bg-wrapper\" data-flickity-bg-lazyload=\"https:\/\/peugada.pt\/wp-content\/uploads\/2022\/07\/summer.jpg\"><\/div><\/div><a href=\"https:\/\/peugada.pt\/colecao\/\" class=\"fullslidelink\" ><\/a><div class=\"slider-content\"><div class=\"slider-content-wrapper\"><h1 class=\"slide-title\" style=\"color:#ffffff\">Noticias<\/h1><p class=\"slide-button\"><a href=\"https:\/\/peugada.pt\/colecao\/\" style=\"border-color:rgb(255,255,255); color:rgb(255,255,255)\" ><\/a><\/p><\/div><\/div><\/div><\/div><\/div>[vc_row_inner][vc_column_inner offset=\u00bbvc_hidden-sm vc_hidden-xs\u00bb][vc_empty_space height=\u00bb4vw\u00bb][\/vc_column_inner][\/vc_row_inner][vc_row_inner][vc_column_inner offset=\u00bbvc_hidden-lg vc_hidden-md\u00bb][vc_empty_space height=\u00bb40px\u00bb][\/vc_column_inner][\/vc_row_inner][\/vc_column][\/vc_row][vc_row full_width=\u00bbstretch_row\u00bb css_animation=\u00bbnone\u00bb][vc_column css_animation=\u00bbnone\u00bb][vc_row_inner][vc_column_inner offset=\u00bbvc_col-lg-offset-3 vc_col-lg-6&#8243;][vc_column_text]<\/p>\n<h2 class=\"p1\" style=\"text-align: center;\">Noticias<\/h2>\n<p>[\/vc_column_text][\/vc_column_inner][\/vc_row_inner]<div class=\"woocommerce columns-3 \"><div class=\"grid-container\">\n\t<div class=\"grid-x grid-margin-x\">\n\t\t<div class=\"cell large-12\">\n\t\t\t<ul class=\"products columns-3 category-grid-layout-1 product-grid-layout-1 \">\n\n<li class=\"product type-product post-6944 status-publish first instock product_cat-botas-es has-post-thumbnail taxable shipping-taxable purchasable product-type-variable has-default-attributes\">\n\t\n\t<div class=\"product-inner\">\n\n\n\t\t<div class=\"product-image\">\n\t\t\t\t\t<\/div>\n\n\t\t<div class=\"product-details-wrapper\">\n\n\t\t\t<div class=\"product-details\">\n\n\n\t\t\t\t\n\t\t\t<\/div>\n\n\t\t<\/div>\n\n\t<\/div>\n\n<\/li>\n\n<li class=\"product type-product post-9835 status-publish instock product_cat-botas-es has-post-thumbnail taxable shipping-taxable purchasable product-type-variable\">\n\t\n\t<div class=\"product-inner\">\n\n\n\t\t<div class=\"product-image\">\n\t\t\t\t\t<\/div>\n\n\t\t<div class=\"product-details-wrapper\">\n\n\t\t\t<div class=\"product-details\">\n\n\n\t\t\t\t\n\t\t\t<\/div>\n\n\t\t<\/div>\n\n\t<\/div>\n\n<\/li>\n\n<li class=\"product type-product post-9841 status-publish last instock product_cat-botas-es has-post-thumbnail taxable shipping-taxable purchasable product-type-variable\">\n\t\n\t<div class=\"product-inner\">\n\n\n\t\t<div class=\"product-image\">\n\t\t\t\t\t<\/div>\n\n\t\t<div class=\"product-details-wrapper\">\n\n\t\t\t<div class=\"product-details\">\n\n\n\t\t\t\t\n\t\t\t<\/div>\n\n\t\t<\/div>\n\n\t<\/div>\n\n<\/li>\n\n<li class=\"product type-product post-9829 status-publish first instock product_cat-botas-es has-post-thumbnail taxable shipping-taxable purchasable product-type-variable has-default-attributes\">\n\t\n\t<div class=\"product-inner\">\n\n\n\t\t<div class=\"product-image\">\n\t\t\t\t\t<\/div>\n\n\t\t<div class=\"product-details-wrapper\">\n\n\t\t\t<div class=\"product-details\">\n\n\n\t\t\t\t\n\t\t\t<\/div>\n\n\t\t<\/div>\n\n\t<\/div>\n\n<\/li>\n\n<li class=\"product type-product post-9817 status-publish instock product_cat-botas-es has-post-thumbnail taxable shipping-taxable purchasable product-type-variable has-default-attributes\">\n\t\n\t<div class=\"product-inner\">\n\n\n\t\t<div class=\"product-image\">\n\t\t\t\t\t<\/div>\n\n\t\t<div class=\"product-details-wrapper\">\n\n\t\t\t<div class=\"product-details\">\n\n\n\t\t\t\t\n\t\t\t<\/div>\n\n\t\t<\/div>\n\n\t<\/div>\n\n<\/li>\n\n<li class=\"product type-product post-9823 status-publish last instock product_cat-botas-es has-post-thumbnail taxable shipping-taxable purchasable product-type-variable has-default-attributes\">\n\t\n\t<div class=\"product-inner\">\n\n\n\t\t<div class=\"product-image\">\n\t\t\t\t\t<\/div>\n\n\t\t<div class=\"product-details-wrapper\">\n\n\t\t\t<div class=\"product-details\">\n\n\n\t\t\t\t\n\t\t\t<\/div>\n\n\t\t<\/div>\n\n\t<\/div>\n\n<\/li>\n\n<li class=\"product type-product post-6966 status-publish first instock product_cat-botas-es has-post-thumbnail taxable shipping-taxable purchasable product-type-variable has-default-attributes\">\n\t\n\t<div class=\"product-inner\">\n\n\n\t\t<div class=\"product-image\">\n\t\t\t\t\t<\/div>\n\n\t\t<div class=\"product-details-wrapper\">\n\n\t\t\t<div class=\"product-details\">\n\n\n\t\t\t\t\n\t\t\t<\/div>\n\n\t\t<\/div>\n\n\t<\/div>\n\n<\/li>\n\n<li class=\"product type-product post-8945 status-publish instock product_cat-tenis-es has-post-thumbnail taxable shipping-taxable purchasable product-type-variable has-default-attributes\">\n\t\n\t<div class=\"product-inner\">\n\n\n\t\t<div class=\"product-image\">\n\t\t\t\t\t<\/div>\n\n\t\t<div class=\"product-details-wrapper\">\n\n\t\t\t<div class=\"product-details\">\n\n\n\t\t\t\t\n\t\t\t<\/div>\n\n\t\t<\/div>\n\n\t<\/div>\n\n<\/li>\n\n<li class=\"product type-product post-8987 status-publish last instock product_cat-tenis-es has-post-thumbnail taxable shipping-taxable purchasable product-type-variable has-default-attributes\">\n\t\n\t<div class=\"product-inner\">\n\n\n\t\t<div class=\"product-image\">\n\t\t\t\t\t<\/div>\n\n\t\t<div class=\"product-details-wrapper\">\n\n\t\t\t<div class=\"product-details\">\n\n\n\t\t\t\t\n\t\t\t<\/div>\n\n\t\t<\/div>\n\n\t<\/div>\n\n<\/li>\n\t\t\t<\/ul>\n\t\t<\/div><!-- .cell -->\n    <\/div><!-- .grid-x -->\n<\/div><!-- .grid-container --><\/div>[vc_row_inner][vc_column_inner offset=\u00bbvc_col-lg-offset-3 vc_col-lg-6&#8243;]<style>body:not(.is-mobile) .b-button-1769262091 a.button:hover {border-color: ;color: ;}<\/style><div class=\"barberry-button-container b-button_center b-button-1769262091\"><a href=\"https:\/\/peugada.pt\/colecao\/\" class=\"b-button_normal button\" target=\"\" rel=\"\" title=\"\" style=\"background-color:;border-color:\">Ver noticias<\/a><\/div>\r\n    \r\n    \r\n    [\/vc_column_inner][\/vc_row_inner][vc_empty_space height=\u00bb22px\u00bb][\/vc_column][\/vc_row][vc_row full_width=\u00bbstretch_row\u00bb css_animation=\u00bbnone\u00bb css=\u00bb.vc_custom_1659299636788{padding-top: 72px !important;}\u00bb][vc_column css_animation=\u00bbnone\u00bb][vc_row_inner][vc_column_inner offset=\u00bbvc_col-lg-offset-3 vc_col-lg-6&#8243;][vc_column_text][\/vc_column_text][vc_column_text]<\/p>\n<h2 style=\"text-align: center;\">Wayz<\/h2>\n<p style=\"text-align: center;\">Zapatillas de dise\u00f1o atemporal con materiales ecol\u00f3gicos. Hecho para durar.<\/p>\n<p>[\/vc_column_text][\/vc_column_inner][\/vc_row_inner]<div class=\"woocommerce columns-3 \"><div class=\"grid-container\">\n\t<div class=\"grid-x grid-margin-x\">\n\t\t<div class=\"cell large-12\">\n\t\t\t<ul class=\"products columns-3 category-grid-layout-1 product-grid-layout-1 \">\n\n<li class=\"product type-product post-8963 status-publish first instock product_cat-tenis-es has-post-thumbnail taxable shipping-taxable purchasable product-type-variable has-default-attributes\">\n\t\n\t<div class=\"product-inner\">\n\n\n\t\t<div class=\"product-image\">\n\t\t\t\t\t<\/div>\n\n\t\t<div class=\"product-details-wrapper\">\n\n\t\t\t<div class=\"product-details\">\n\n\n\t\t\t\t\n\t\t\t<\/div>\n\n\t\t<\/div>\n\n\t<\/div>\n\n<\/li>\n\n<li class=\"product type-product post-8975 status-publish instock product_cat-tenis-es has-post-thumbnail taxable shipping-taxable purchasable product-type-variable has-default-attributes\">\n\t\n\t<div class=\"product-inner\">\n\n\n\t\t<div class=\"product-image\">\n\t\t\t\t\t<\/div>\n\n\t\t<div class=\"product-details-wrapper\">\n\n\t\t\t<div class=\"product-details\">\n\n\n\t\t\t\t\n\t\t\t<\/div>\n\n\t\t<\/div>\n\n\t<\/div>\n\n<\/li>\n\n<li class=\"product type-product post-8981 status-publish last instock product_cat-tenis-es has-post-thumbnail taxable shipping-taxable purchasable product-type-variable has-default-attributes\">\n\t\n\t<div class=\"product-inner\">\n\n\n\t\t<div class=\"product-image\">\n\t\t\t\t\t<\/div>\n\n\t\t<div class=\"product-details-wrapper\">\n\n\t\t\t<div class=\"product-details\">\n\n\n\t\t\t\t\n\t\t\t<\/div>\n\n\t\t<\/div>\n\n\t<\/div>\n\n<\/li>\n\t\t\t<\/ul>\n\t\t<\/div><!-- .cell -->\n    <\/div><!-- .grid-x -->\n<\/div><!-- .grid-container --><\/div>[vc_row_inner][vc_column_inner offset=\u00bbvc_col-lg-offset-3 vc_col-lg-6&#8243;]<style>body:not(.is-mobile) .b-button-2043714903 a.button:hover {border-color: ;color: ;}<\/style><div class=\"barberry-button-container b-button_center b-button-2043714903\"><a href=\"https:\/\/peugada.pt\/colecao\/?filter_marca=wayz\" class=\"b-button_normal button\" target=\"\" rel=\"\" title=\"\" style=\"background-color:;border-color:\">Ver la colecci\u00f3n Wayz<\/a><\/div>\r\n    \r\n    \r\n    [\/vc_column_inner][\/vc_row_inner][vc_empty_space height=\u00bb22px\u00bb][\/vc_column][\/vc_row][vc_row equal_height=\u00bbyes\u00bb content_placement=\u00bbmiddle\u00bb css=\u00bb.vc_custom_1618934275410{padding-top: 26px !important;padding-bottom: 22px !important;}\u00bb][vc_column width=\u00bb1\/2&#8243; css=\u00bb.vc_custom_1618502250709{padding-top: 0px !important;background-position: center !important;background-repeat: no-repeat !important;background-size: cover !important;}\u00bb][vc_row_inner el_class=\u00bbrow_button_align_right responsive_force_left\u00bb][vc_column_inner css=\u00bb.vc_custom_1619364854013{padding-top: 6vw !important;padding-bottom: 6vw !important;padding-left: 5vw !important;}\u00bb offset=\u00bbvc_col-lg-offset-2 vc_col-lg-8&#8243;][vc_column_text el_class=\u00bbbrand_color\u00bb]<\/p>\n<h2 style=\"text-align: right;\">La clave de lo que creemos<\/h2>\n<p>[\/vc_column_text]<div class=\"barberry-button-container b-button_inline b-button-1897790084\"><a href=\"https:\/\/peugada.pt\/es\/sobre-nosotros\/\" class=\"shortcode_tdl barberry_custom_link\" target=\"\" rel=\"\" title=\"\" style=\"color:#51a761;border-color:#51a761\">Saber m\u00e1s<\/a><\/div>\n    \n    [\/vc_column_inner][\/vc_row_inner][\/vc_column][vc_column width=\u00bb1\/2&#8243; css=\u00bb.vc_custom_1618933367691{padding-top: 0px !important;background-position: center !important;background-repeat: no-repeat !important;background-size: cover !important;}\u00bb][vc_row_inner content_placement=\u00bbtop\u00bb gap=\u00bb35&#8243; css=\u00bb.vc_custom_1618933955784{padding-bottom: 22px !important;}\u00bb][vc_column_inner width=\u00bb1\/2&#8243;][vc_column_text el_class=\u00bbresponsive_low_margin\u00bb]<\/p>\n<h5>Dise\u00f1o intemporal, calidad duradera<\/h5>\n<p>[\/vc_column_text][\/vc_column_inner][vc_column_inner width=\u00bb1\/2&#8243;][vc_column_text el_class=\u00bbresponsive_low_margin\u00bb]<\/p>\n<h5>Materiales y proceso de fabricaci\u00f3n de bajo impacto<\/h5>\n<p>[\/vc_column_text][\/vc_column_inner][\/vc_row_inner][vc_row_inner content_placement=\u00bbtop\u00bb gap=\u00bb35&#8243;][vc_column_inner width=\u00bb1\/2&#8243;][vc_column_text el_class=\u00bbresponsive_low_margin\u00bb]<\/p>\n<h5>Impacto positivo en la econom\u00eda local<\/h5>\n<p>[\/vc_column_text][\/vc_column_inner][vc_column_inner width=\u00bb1\/2&#8243;][vc_column_text el_class=\u00bbresponsive_low_margin\u00bb]<\/p>\n<h5>Minimizar el impacto en la entrega de paquetes<\/h5>\n<p>[\/vc_column_text][\/vc_column_inner][\/vc_row_inner][\/vc_column][\/vc_row]<\/p>\n<\/section>","protected":false},"excerpt":{"rendered":"<p>[vc_row full_width=\u00bbstretch_row_content_no_spaces\u00bb el_class=\u00bbhome-slider\u00bb][vc_column][vc_row_inner][vc_column_inner offset=\u00bbvc_hidden-sm vc_hidden-xs\u00bb][vc_empty_space height=\u00bb4vw\u00bb][\/vc_column_inner][\/vc_row_inner][vc_row_inner][vc_column_inner offset=\u00bbvc_hidden-lg vc_hidden-md\u00bb][vc_empty_space height=\u00bb40px\u00bb][\/vc_column_inner][\/vc_row_inner][\/vc_column][\/vc_row][vc_row full_width=\u00bbstretch_row\u00bb css_animation=\u00bbnone\u00bb][vc_column css_animation=\u00bbnone\u00bb][vc_row_inner][vc_column_inner offset=\u00bbvc_col-lg-offset-3 vc_col-lg-6&#8243;][vc_column_text] Noticias [\/vc_column_text][\/vc_column_inner][\/vc_row_inner][vc_row_inner][vc_column_inner offset=\u00bbvc_col-lg-offset-3 vc_col-lg-6&#8243;][\/vc_column_inner][\/vc_row_inner][vc_empty_space height=\u00bb22px\u00bb][\/vc_column][\/vc_row][vc_row full_width=\u00bbstretch_row\u00bb\u2026<\/p>\n","protected":false},"author":1,"featured_media":0,"parent":0,"menu_order":0,"comment_status":"closed","ping_status":"closed","template":"","meta":{"_acf_changed":false,"_seopress_robots_primary_cat":"0","_seopress_titles_title":"%%sitename%% %%sep%% %%sitedesc%%:: Nueva colecci\u00f3n | Env\u00edo gratuito","_seopress_titles_desc":"Peugada es una tienda de calzado vegano de marcas ecol\u00f3gicas con producci\u00f3n sostenible y local. \u2713 Zapatos veganos. \u2713 Env\u00edo gratuito.","_seopress_robots_index":"","footnotes":""},"class_list":["post-6109","page","type-page","status-publish","hentry"],"acf":[],"_links":{"self":[{"href":"https:\/\/peugada.pt\/es\/wp-json\/wp\/v2\/pages\/6109","targetHints":{"allow":["GET"]}}],"collection":[{"href":"https:\/\/peugada.pt\/es\/wp-json\/wp\/v2\/pages"}],"about":[{"href":"https:\/\/peugada.pt\/es\/wp-json\/wp\/v2\/types\/page"}],"author":[{"embeddable":true,"href":"https:\/\/peugada.pt\/es\/wp-json\/wp\/v2\/users\/1"}],"replies":[{"embeddable":true,"href":"https:\/\/peugada.pt\/es\/wp-json\/wp\/v2\/comments?post=6109"}],"version-history":[{"count":24,"href":"https:\/\/peugada.pt\/es\/wp-json\/wp\/v2\/pages\/6109\/revisions"}],"predecessor-version":[{"id":9989,"href":"https:\/\/peugada.pt\/es\/wp-json\/wp\/v2\/pages\/6109\/revisions\/9989"}],"wp:attachment":[{"href":"https:\/\/peugada.pt\/es\/wp-json\/wp\/v2\/media?parent=6109"}],"curies":[{"name":"wp","href":"https:\/\/api.w.org\/{rel}","templated":true}]}}