{"id":9575,"date":"2022-04-01T15:27:13","date_gmt":"2022-09-24T11:03:56","guid":{"rendered":"https:\/\/peugada.pt\/colecao\/flamingos-life-rancho-v-3-olive-ivory\/"},"modified":"2022-11-20T18:02:19","modified_gmt":"2022-11-20T18:02:19","slug":"flamingos-life-rancho-v-3-olive-ivory","status":"publish","type":"product","link":"https:\/\/peugada.pt\/de\/colecao\/flamingos-life-rancho-v-3-olive-ivory\/","title":{"rendered":"Flamingos&#8216; Life :: Rancho V.3 Olive Ivory"},"content":{"rendered":"<section class=\"wpb-content-wrapper\"><p>[vc_row full_width=&#8220;stretch_row_content_no_spaces&#8220; content_placement=&#8220;middle&#8220; css=&#8220;.vc_custom_1659219936475{background-color: #e3e2de !important;background-position: center !important;background-repeat: no-repeat !important;background-size: cover !important;}&#8220; el_class=&#8220;row_columns_reverse_mobile&#8220;][vc_column width=&#8220;1\/2&#8243;][vc_row_inner][vc_column_inner offset=&#8220;vc_col-lg-offset-2 vc_col-lg-9 vc_col-xs-offset-1 vc_col-xs-10&#8243;][vc_column_text]<\/p>\n<h2>Vegane Turnschuhe aus Baumwolle von Flamingos&#8216; Life<\/h2>\n<p>[\/vc_column_text][vc_column_text]Die <strong>Rancho V.3<\/strong> von Flamingos&#8217;s Life sind leichte vegane Turnschuhe aus Bio-Baumwolle.<\/p>\n<p>Sie sind sehr bequem und weich zum Laufen.<\/p>\n<p>Das Produkt wird in Spanien hergestellt, wobei die Materialien von Partnern aus einem Umkreis von 40 km bezogen werden, wodurch die Auswirkungen der Produktion auf den Kohlenstoffaussto\u00df minimiert werden.[\/vc_column_text][\/vc_column_inner][\/vc_row_inner][\/vc_column][vc_column width=&#8220;1\/2&#8243;][vc_row_inner][vc_column_inner offset=&#8220;vc_col-lg-10&#8243;][vc_single_image image=&#8220;8546&#8243; img_size=&#8220;full&#8220; alignment=&#8220;center&#8220;][\/vc_column_inner][\/vc_row_inner][\/vc_column][\/vc_row][vc_row full_width=&#8220;stretch_row_content_no_spaces&#8220; content_placement=&#8220;middle&#8220; css=&#8220;.vc_custom_1648403405623{padding-top: 42px !important;padding-bottom: 42px !important;}&#8220;][vc_column width=&#8220;1\/2&#8243;][vc_row_inner][vc_column_inner offset=&#8220;vc_col-lg-offset-2 vc_col-lg-10&#8243;][vc_single_image image=&#8220;8550&#8243; img_size=&#8220;full&#8220; alignment=&#8220;center&#8220;][\/vc_column_inner][\/vc_row_inner][\/vc_column][vc_column width=&#8220;1\/2&#8243;][vc_row_inner][vc_column_inner offset=&#8220;vc_col-lg-offset-2 vc_col-lg-8 vc_col-xs-offset-1 vc_col-xs-10&#8243;][vc_column_text]<\/p>\n<h2>Stoff aus Bio-Baumwolle<\/h2>\n<p>Die Au\u00dfenseite des Schuhs besteht aus Bio-Baumwolle.<\/p>\n<p>Die Schn\u00fcrsenkel sind aus Bio-Baumwolle gefertigt.[\/vc_column_text][vc_column_text]<img alt=\"\" loading=\"lazy\" decoding=\"async\" class=\"alignnone wp-image-4799\" src=\"https:\/\/peugada.pt\/wp-content\/uploads\/2021\/04\/global-organic-textile-standard-gots.jpeg\" alt=\"\" width=\"55\" height=\"55\" srcset=\"https:\/\/peugada.pt\/wp-content\/uploads\/2021\/04\/global-organic-textile-standard-gots.jpeg 162w, https:\/\/peugada.pt\/wp-content\/uploads\/2021\/04\/global-organic-textile-standard-gots-150x150.jpeg 150w\" sizes=\"auto, (max-width: 55px) 100vw, 55px\" \/> <img alt=\"\" loading=\"lazy\" decoding=\"async\" class=\"alignnone wp-image-4798\" src=\"https:\/\/peugada.pt\/wp-content\/uploads\/2021\/04\/USDA.jpeg\" alt=\"\" width=\"55\" height=\"55\" srcset=\"https:\/\/peugada.pt\/wp-content\/uploads\/2021\/04\/USDA.jpeg 158w, https:\/\/peugada.pt\/wp-content\/uploads\/2021\/04\/USDA-150x150.jpeg 150w\" sizes=\"auto, (max-width: 55px) 100vw, 55px\" \/>[\/vc_column_text][\/vc_column_inner][\/vc_row_inner][\/vc_column][\/vc_row][vc_row full_width=&#8220;stretch_row_content_no_spaces&#8220; content_placement=&#8220;middle&#8220; el_class=&#8220;row_columns_reverse_mobile&#8220; css=&#8220;.vc_custom_1648404590174{padding-bottom: 42px !important;}&#8220;][vc_column width=&#8220;1\/2&#8243;][vc_row_inner][vc_column_inner width=&#8220;5\/6&#8243; offset=&#8220;vc_col-lg-offset-2 vc_col-lg-8 vc_col-md-offset-1 vc_col-md-10 vc_col-sm-offset-1 vc_col-xs-offset-1 vc_col-xs-10&#8243;][vc_column_text]<\/p>\n<h2>Innenfutter aus Bambus<strong><br \/>\n<\/strong><\/h2>\n<p>Das Innenfutter besteht aus Bambus und ist in einem hellen Farbton gehalten.[\/vc_column_text][\/vc_column_inner][\/vc_row_inner][\/vc_column][vc_column width=&#8220;1\/2&#8243;][vc_row_inner][vc_column_inner offset=&#8220;vc_col-lg-10&#8243;][vc_single_image image=&#8220;8554&#8243; img_size=&#8220;full&#8220; alignment=&#8220;center&#8220;][\/vc_column_inner][\/vc_row_inner][\/vc_column][\/vc_row][vc_row full_width=&#8220;stretch_row_content_no_spaces&#8220; content_placement=&#8220;middle&#8220; css=&#8220;.vc_custom_1648412937952{padding-bottom: 42px !important;}&#8220;][vc_column width=&#8220;1\/2&#8243;][vc_row_inner][vc_column_inner offset=&#8220;vc_col-lg-offset-2 vc_col-lg-10&#8243;][vc_single_image image=&#8220;8562&#8243; img_size=&#8220;full&#8220; alignment=&#8220;center&#8220;][\/vc_column_inner][\/vc_row_inner][\/vc_column][vc_column width=&#8220;1\/2&#8243;][vc_row_inner][vc_column_inner offset=&#8220;vc_col-lg-offset-2 vc_col-lg-8 vc_col-xs-offset-1 vc_col-xs-10&#8243;][vc_column_text]<\/p>\n<h2>Sohle aus Naturkautschuk<\/h2>\n<p>Die gro\u00dfz\u00fcgige H\u00f6he der Naturkautschuksohle sorgt f\u00fcr einen Gehkomfort, der es erlaubt, diese Schuhe auch \u00fcber lange Strecken zu tragen.<\/p>\n<p>Die Sohle ist gen\u00e4ht und mit dem Schuh verklebt, so dass Sie langlebige Turnschuhe haben.[\/vc_column_text][\/vc_column_inner][\/vc_row_inner][\/vc_column][\/vc_row][vc_row full_width=&#8220;stretch_row_content_no_spaces&#8220; content_placement=&#8220;middle&#8220; el_class=&#8220;row_columns_reverse_mobile&#8220; css=&#8220;.vc_custom_1648404590174{padding-bottom: 42px !important;}&#8220;][vc_column width=&#8220;1\/2&#8243;][vc_row_inner][vc_column_inner width=&#8220;5\/6&#8243; offset=&#8220;vc_col-lg-offset-2 vc_col-lg-8 vc_col-md-offset-1 vc_col-md-10 vc_col-sm-offset-1 vc_col-xs-offset-1 vc_col-xs-10&#8243;][vc_column_text]<\/p>\n<h2>Einlegesohle aus Kork und Naturkautschuk<\/h2>\n<p>Die Sohlen bestehen zu 50% aus Kork und zu 50% aus Naturkautschuk.<\/p>\n<p>Die Innensohle ist herausnehmbar.[\/vc_column_text][\/vc_column_inner][\/vc_row_inner][\/vc_column][vc_column width=&#8220;1\/2&#8243;][vc_row_inner][vc_column_inner offset=&#8220;vc_col-lg-10&#8243;][vc_single_image image=&#8220;8558&#8243; img_size=&#8220;full&#8220; alignment=&#8220;center&#8220;][\/vc_column_inner][\/vc_row_inner][\/vc_column][\/vc_row][vc_row full_width=&#8220;stretch_row_content_no_spaces&#8220; content_placement=&#8220;middle&#8220; css=&#8220;.vc_custom_1648412937952{padding-bottom: 42px !important;}&#8220;][vc_column width=&#8220;1\/2&#8243;][vc_row_inner][vc_column_inner offset=&#8220;vc_col-lg-offset-2 vc_col-lg-10&#8243;][vc_single_image image=&#8220;8566&#8243; img_size=&#8220;full&#8220; alignment=&#8220;center&#8220;][\/vc_column_inner][\/vc_row_inner][\/vc_column][vc_column width=&#8220;1\/2&#8243;][vc_row_inner][vc_column_inner offset=&#8220;vc_col-lg-offset-2 vc_col-lg-8 vc_col-xs-offset-1 vc_col-xs-10&#8243;][vc_column_text]<\/p>\n<h2>Ethisch hergestellt in Spanien<\/h2>\n<p>Diese veganen Turnschuhe werden vor Ort in Elche, Spanien, hergestellt. Die Materiallieferanten befinden sich in unmittelbarer N\u00e4he des Werks (im Umkreis von 40 km), wodurch die Auswirkungen der Produktion auf den Kohlenstoffaussto\u00df minimiert werden.<\/p>\n<p>Die Schuhe werden in einer Pappschachtel geliefert, die zu 85 % aus recycelten Materialien besteht.[\/vc_column_text][\/vc_column_inner][\/vc_row_inner][\/vc_column][\/vc_row]<\/p>\n<\/section>","protected":false},"excerpt":{"rendered":"<p>Verwenden Sie Ihre \u00fcbliche Gr\u00f6\u00dfe.<br \/>\nWenn Sie normalerweise zwischen zwei Gr\u00f6\u00dfen liegen, w\u00e4hlen Sie die kleinere.<\/p>\n","protected":false},"featured_media":8560,"template":"","meta":{"_acf_changed":false,"_seopress_robots_primary_cat":"0","_seopress_titles_title":"","_seopress_titles_desc":"","_seopress_robots_index":""},"product_cat":[418],"product_tag":[],"class_list":["post-9575","product","type-product","status-publish","has-post-thumbnail","hentry","product_cat-turnschuhe"],"acf":[],"_links":{"self":[{"href":"https:\/\/peugada.pt\/de\/wp-json\/wp\/v2\/product\/9575","targetHints":{"allow":["GET"]}}],"collection":[{"href":"https:\/\/peugada.pt\/de\/wp-json\/wp\/v2\/product"}],"about":[{"href":"https:\/\/peugada.pt\/de\/wp-json\/wp\/v2\/types\/product"}],"wp:featuredmedia":[{"embeddable":true,"href":"https:\/\/peugada.pt\/de\/wp-json\/wp\/v2\/media\/8560"}],"wp:attachment":[{"href":"https:\/\/peugada.pt\/de\/wp-json\/wp\/v2\/media?parent=9575"}],"wp:term":[{"taxonomy":"product_cat","embeddable":true,"href":"https:\/\/peugada.pt\/de\/wp-json\/wp\/v2\/product_cat?post=9575"},{"taxonomy":"product_tag","embeddable":true,"href":"https:\/\/peugada.pt\/de\/wp-json\/wp\/v2\/product_tag?post=9575"}],"curies":[{"name":"wp","href":"https:\/\/api.w.org\/{rel}","templated":true}]}}