{"id":9531,"date":"2022-07-15T19:48:50","date_gmt":"2022-09-24T10:46:24","guid":{"rendered":"https:\/\/peugada.pt\/colecao\/wayz-the-sonder-white-green-almond-milk\/"},"modified":"2022-09-24T11:46:25","modified_gmt":"2022-09-24T10:46:25","slug":"wayz-the-sonder-white-green-almond-milk","status":"publish","type":"product","link":"https:\/\/peugada.pt\/de\/colecao\/wayz-the-sonder-white-green-almond-milk\/","title":{"rendered":"Wayz :: The Sonder &#8211; White Green Almond Milk"},"content":{"rendered":"<section class=\"wpb-content-wrapper\"><p>[vc_row full_width=&#8220;stretch_row_content_no_spaces&#8220; content_placement=&#8220;middle&#8220; css=&#8220;.vc_custom_1652643597126{background-color: #f2f1ed !important;background-position: center !important;background-repeat: no-repeat !important;background-size: cover !important;}&#8220; el_class=&#8220;row_columns_reverse_mobile&#8220;][vc_column width=&#8220;1\/2&#8243;][vc_row_inner][vc_column_inner offset=&#8220;vc_col-lg-offset-2 vc_col-lg-10 vc_col-xs-offset-1 vc_col-xs-10&#8243;][vc_column_text]<\/p>\n<h2>The Sonder,<br \/>\nerneuert und noch besser<\/h2>\n<p>[\/vc_column_text][vc_column_text]Die urspr\u00fcnglichen <strong>The Sonder<\/strong>, f\u00fcr die Wayz bekannt geworden ist, sind noch besser dank einer neuen Produktion, in der die Marke die Gelegenheit nutzte, um Anpassungen in einigen Details zu machen.<\/p>\n<p>In puncto <strong>Komfort<\/strong> wird die anf\u00e4ngliche H\u00e4rte der Materialien durch ein weiches Innenfutter und eine weiche Innensohle vom ersten Tragen an kompensiert. Nach einiger Zeit der Nutzung kommt der Sonder in Schwung und man fragt sich, wie so robuste Turnschuhe so bequem sein k\u00f6nnen.<\/p>\n<p>Auf diese Weise haben wir die perfekte Kombination aus zeitlosem Design mit Pers\u00f6nlichkeit, Haltbarkeit, Nachhaltigkeit und Komfort.[\/vc_column_text][\/vc_column_inner][\/vc_row_inner][\/vc_column][vc_column width=&#8220;1\/2&#8243;][vc_row_inner][vc_column_inner offset=&#8220;vc_col-lg-offset-1 vc_col-lg-10&#8243;][vc_single_image image=&#8220;8256&#8243; img_size=&#8220;full&#8220; alignment=&#8220;center&#8220;][\/vc_column_inner][\/vc_row_inner][\/vc_column][\/vc_row][vc_row full_width=&#8220;stretch_row_content_no_spaces&#8220; content_placement=&#8220;middle&#8220; css=&#8220;.vc_custom_1648403405623{padding-top: 42px !important;padding-bottom: 42px !important;}&#8220;][vc_column width=&#8220;1\/2&#8243;][vc_row_inner][vc_column_inner offset=&#8220;vc_col-lg-offset-2 vc_col-lg-10&#8243;][vc_single_image image=&#8220;8280&#8243; img_size=&#8220;full&#8220; alignment=&#8220;center&#8220;][\/vc_column_inner][\/vc_row_inner][\/vc_column][vc_column width=&#8220;1\/2&#8243;][vc_row_inner][vc_column_inner offset=&#8220;vc_col-lg-offset-2 vc_col-lg-8 vc_col-xs-offset-1 vc_col-xs-10&#8243;][vc_column_text]<\/p>\n<h2>\u00d6kologische Materialien<\/h2>\n<p>[\/vc_column_text][vc_column_text]F\u00fcr das \u00c4u\u00dfere wird pflanzliches Leder verwendet, das ohne den Einsatz von Metallen gegerbt wurde, um ihm seinen Farbton zu verleihen. Dieser Rohstoff wird immer aus den Abf\u00e4llen der Fleischindustrie gewonnen. Auf diese Weise ist es m\u00f6glich, dieses Material auf umweltfreundliche Weise zu verwenden, um einen Schuh zu erhalten, der extrem haltbar ist und den F\u00fc\u00dfen eine nat\u00fcrliche Atmung erm\u00f6glicht.<\/p>\n<p>Es werden auch aus dem Meer gesammelte Kunststoffe verwendet, die nach dem Recycling und der Beimischung von recycelter Baumwolle ein einzigartiges Obermaterial bilden, sowohl was die Haptik als auch die Flexibilit\u00e4t des Schuhs beim t\u00e4glichen Gebrauch betrifft.[\/vc_column_text][\/vc_column_inner][\/vc_row_inner][\/vc_column][\/vc_row][vc_row full_width=&#8220;stretch_row_content_no_spaces&#8220; content_placement=&#8220;middle&#8220; el_class=&#8220;row_columns_reverse_mobile&#8220; css=&#8220;.vc_custom_1648404590174{padding-bottom: 42px !important;}&#8220;][vc_column width=&#8220;1\/2&#8243;][vc_row_inner][vc_column_inner width=&#8220;5\/6&#8243; offset=&#8220;vc_col-lg-offset-2 vc_col-lg-8 vc_col-md-offset-1 vc_col-md-10 vc_col-sm-offset-1 vc_col-xs-offset-1 vc_col-xs-10&#8243;][vc_column_text]<\/p>\n<h2>Recycelte Sohle mit gutem Grip<strong><br \/>\n<\/strong><\/h2>\n<p>Die Sohle wird aus recyceltem Gummi aus alten Schuhen und Produktionsabf\u00e4llen hergestellt.<\/p>\n<p>Die Sohle ist gen\u00e4ht, um The Sonder (noch) haltbarer zu machen.<\/p>\n<p>Das Profil der Sohle wurde so gestaltet, dass es einen guten Halt auf dem Boden bietet und den Verschlei\u00df minimiert.[\/vc_column_text][\/vc_column_inner][\/vc_row_inner][\/vc_column][vc_column width=&#8220;1\/2&#8243;][vc_row_inner][vc_column_inner offset=&#8220;vc_col-lg-10&#8243;][vc_single_image image=&#8220;8288&#8243; img_size=&#8220;full&#8220; alignment=&#8220;center&#8220;][\/vc_column_inner][\/vc_row_inner][\/vc_column][\/vc_row][vc_row full_width=&#8220;stretch_row_content_no_spaces&#8220; content_placement=&#8220;middle&#8220; css=&#8220;.vc_custom_1648412937952{padding-bottom: 42px !important;}&#8220;][vc_column width=&#8220;1\/2&#8243;][vc_row_inner][vc_column_inner offset=&#8220;vc_col-lg-offset-2 vc_col-lg-10&#8243;][vc_single_image image=&#8220;8284&#8243; img_size=&#8220;full&#8220; alignment=&#8220;center&#8220;][\/vc_column_inner][\/vc_row_inner][\/vc_column][vc_column width=&#8220;1\/2&#8243;][vc_row_inner][vc_column_inner offset=&#8220;vc_col-lg-offset-2 vc_col-lg-8 vc_col-xs-offset-1 vc_col-xs-10&#8243;][vc_column_text]<\/p>\n<h2>Innenfutter und Innensohle<\/h2>\n<p>[\/vc_column_text][vc_column_text]Die Verwendung von hypoallergenem Leder und der Gerbungsprozess, um ihm Farbe zu verleihen, ohne dass Metalle verwendet werden. Das Leder stammt immer aus Abf\u00e4llen der Fleischindustrie.<\/p>\n<p>Diese Materialkombination im Innenfutter und in der Einlegesohle erm\u00f6glicht die Regulierung der Fu\u00dftemperatur durch die nat\u00fcrliche Atmungsaktivit\u00e4t der F\u00fc\u00dfe. Das hei\u00dft auch, <del>keine F\u00fc\u00dfe<\/del> und unerw\u00fcnschten Ger\u00fcche <del>mehr<\/del>.[\/vc_column_text][\/vc_column_inner][\/vc_row_inner][\/vc_column][\/vc_row][vc_row full_width=&#8220;stretch_row_content_no_spaces&#8220; content_placement=&#8220;middle&#8220; el_class=&#8220;row_columns_reverse_mobile&#8220; css=&#8220;.vc_custom_1648404590174{padding-bottom: 42px !important;}&#8220;][vc_column width=&#8220;1\/2&#8243;][vc_row_inner][vc_column_inner width=&#8220;5\/6&#8243; offset=&#8220;vc_col-lg-offset-2 vc_col-lg-8 vc_col-md-offset-1 vc_col-md-10 vc_col-sm-offset-1 vc_col-xs-offset-1 vc_col-xs-10&#8243;][vc_column_text]<\/p>\n<h2>Ethisch gestaltet und hergestellt in Portugal<strong><br \/>\n<\/strong><\/h2>\n<p>Der Sonder wird in der Region <strong>Porto<\/strong> in <strong>Portugal<\/strong> entworfen und hergestellt <strong>,<\/strong> wobei die Materialien von der Iberischen Halbinsel stammen.<\/p>\n<p>Die Marke Wayz arbeitet nur mit Familienbetrieben zusammen, die \u00fcber gro\u00dfe Erfahrung in der Herstellung von Qualit\u00e4tsschuhen verf\u00fcgen und deren Mitarbeiter fair bezahlt werden und gute Arbeitsbedingungen haben.[\/vc_column_text][\/vc_column_inner][\/vc_row_inner][\/vc_column][vc_column width=&#8220;1\/2&#8243;][vc_row_inner][vc_column_inner offset=&#8220;vc_col-lg-10&#8243;][vc_single_image image=&#8220;8276&#8243; img_size=&#8220;full&#8220; alignment=&#8220;center&#8220;][\/vc_column_inner][\/vc_row_inner][\/vc_column][\/vc_row]<\/p>\n<\/section>","protected":false},"excerpt":{"rendered":"<p>[vc_row full_width=&#8220;stretch_row_content_no_spaces&#8220; content_placement=&#8220;middle&#8220; css=&#8220;.vc_custom_1652643597126{background-color: #f2f1ed !important;background-position: center !important;background-repeat: no-repeat !important;background-size: cover !important;}&#8220; el_class=&#8220;row_columns_reverse_mobile&#8220;][vc_column width=&#8220;1\/2&#8243;][vc_row_inner][vc_column_inner offset=&#8220;vc_col-lg-offset-2 vc_col-lg-10 vc_col-xs-offset-1 vc_col-xs-10&#8243;][vc_column_text] The Sonder,\u2026<\/p>\n","protected":false},"featured_media":8270,"template":"","meta":{"_acf_changed":false,"_seopress_robots_primary_cat":"0","_seopress_titles_title":"","_seopress_titles_desc":"","_seopress_robots_index":""},"product_cat":[418],"product_tag":[],"class_list":["post-9531","product","type-product","status-publish","has-post-thumbnail","hentry","product_cat-turnschuhe"],"acf":[],"_links":{"self":[{"href":"https:\/\/peugada.pt\/de\/wp-json\/wp\/v2\/product\/9531","targetHints":{"allow":["GET"]}}],"collection":[{"href":"https:\/\/peugada.pt\/de\/wp-json\/wp\/v2\/product"}],"about":[{"href":"https:\/\/peugada.pt\/de\/wp-json\/wp\/v2\/types\/product"}],"wp:featuredmedia":[{"embeddable":true,"href":"https:\/\/peugada.pt\/de\/wp-json\/wp\/v2\/media\/8270"}],"wp:attachment":[{"href":"https:\/\/peugada.pt\/de\/wp-json\/wp\/v2\/media?parent=9531"}],"wp:term":[{"taxonomy":"product_cat","embeddable":true,"href":"https:\/\/peugada.pt\/de\/wp-json\/wp\/v2\/product_cat?post=9531"},{"taxonomy":"product_tag","embeddable":true,"href":"https:\/\/peugada.pt\/de\/wp-json\/wp\/v2\/product_tag?post=9531"}],"curies":[{"name":"wp","href":"https:\/\/api.w.org\/{rel}","templated":true}]}}