{"id":9504,"date":"2022-05-15T16:10:09","date_gmt":"2022-09-24T10:32:00","guid":{"rendered":"https:\/\/peugada.pt\/colecao\/wayz-the-hedonist-white-grey-green\/"},"modified":"2022-09-24T12:06:50","modified_gmt":"2022-09-24T11:06:50","slug":"wayz-the-hedonist-white-grey-green","status":"publish","type":"product","link":"https:\/\/peugada.pt\/de\/colecao\/wayz-the-hedonist-white-grey-green\/","title":{"rendered":"Wayz :: The Hedonist &#8211; White Grey Green"},"content":{"rendered":"<section class=\"wpb-content-wrapper\"><p>[vc_row full_width=&#8220;stretch_row_content_no_spaces&#8220; content_placement=&#8220;middle&#8220; css=&#8220;.vc_custom_1652629329108{background-color: #e2cab0 !important;background-position: center !important;background-repeat: no-repeat !important;background-size: cover !important;}&#8220; el_class=&#8220;row_columns_reverse_mobile&#8220;][vc_column width=&#8220;1\/2&#8243;][vc_row_inner][vc_column_inner offset=&#8220;vc_col-lg-offset-2 vc_col-lg-10 vc_col-xs-offset-1 vc_col-xs-10&#8243;][vc_column_text]<\/p>\n<h2>The Hedonist<\/h2>\n<p>[\/vc_column_text][vc_column_text]Das neueste Modell von Wayz, <strong>The Hedonist<\/strong>, ist das Ergebnis der gesammelten Erfahrung der Marke bei der Herstellung und der Auswahl umweltfreundlicher Materialien. Das Ergebnis ist ein erstaunlich leichtes <strong>Design<\/strong>.<\/p>\n<p>In puncto <strong>Komfort<\/strong> wird die anf\u00e4ngliche H\u00e4rte der Materialien durch ein weiches Innenfutter und eine weiche Innensohle vom ersten Tragen an kompensiert. Nach einiger Zeit des Gebrauchs zeigt sich die \u00fcberlegene Qualit\u00e4t von The Hedonist in ihrer Gesamtheit, wobei die Flexibilit\u00e4t zur Gem\u00fctlichkeit beitr\u00e4gt, die sich am ganzen Fu\u00df bemerkbar macht.<\/p>\n<p>Auf diese Weise ist es gelungen, ein Paar umweltfreundliche Turnschuhe zu schaffen, die robust und widerstandsf\u00e4hig sind, eine lange Lebensdauer haben und dennoch \u00e4u\u00dferst bequem sind.[\/vc_column_text][\/vc_column_inner][\/vc_row_inner][\/vc_column][vc_column width=&#8220;1\/2&#8243;][vc_row_inner][vc_column_inner offset=&#8220;vc_col-lg-offset-1 vc_col-lg-10&#8243;][vc_single_image image=&#8220;8221&#8243; img_size=&#8220;full&#8220; alignment=&#8220;center&#8220;][\/vc_column_inner][\/vc_row_inner][\/vc_column][\/vc_row][vc_row full_width=&#8220;stretch_row_content_no_spaces&#8220; content_placement=&#8220;middle&#8220; css=&#8220;.vc_custom_1648403405623{padding-top: 42px !important;padding-bottom: 42px !important;}&#8220;][vc_column width=&#8220;1\/2&#8243;][vc_row_inner][vc_column_inner offset=&#8220;vc_col-lg-offset-2 vc_col-lg-10&#8243;][vc_single_image image=&#8220;8230&#8243; img_size=&#8220;full&#8220; alignment=&#8220;center&#8220;][\/vc_column_inner][\/vc_row_inner][\/vc_column][vc_column width=&#8220;1\/2&#8243;][vc_row_inner][vc_column_inner offset=&#8220;vc_col-lg-offset-2 vc_col-lg-8 vc_col-xs-offset-1 vc_col-xs-10&#8243;][vc_column_text]<\/p>\n<h2>\u00d6kologische Materialien<\/h2>\n<p>[\/vc_column_text][vc_column_text]F\u00fcr das \u00c4u\u00dfere wird pflanzliches Leder verwendet, das ohne Verwendung von Metallen gegerbt wurde, um den Farbton zu erhalten. Dieser Rohstoff wird immer aus den Abf\u00e4llen der Fleischindustrie gewonnen. Auf diese Weise ist es m\u00f6glich, dieses Material auf umweltfreundliche Weise zu verwenden, um einen Schuh zu erhalten, der extrem haltbar ist und den F\u00fc\u00dfen eine nat\u00fcrliche Atmung erm\u00f6glicht.<\/p>\n<p>Es werden auch aus dem Meer gesammelte Kunststoffe verwendet, die nach dem Recycling und der Beimischung von recycelter Baumwolle ein einzigartiges Obermaterial bilden, sowohl was die Haptik als auch die Flexibilit\u00e4t des Schuhs beim t\u00e4glichen Gebrauch betrifft.[\/vc_column_text][\/vc_column_inner][\/vc_row_inner][\/vc_column][\/vc_row][vc_row full_width=&#8220;stretch_row_content_no_spaces&#8220; content_placement=&#8220;middle&#8220; el_class=&#8220;row_columns_reverse_mobile&#8220; css=&#8220;.vc_custom_1648404590174{padding-bottom: 42px !important;}&#8220;][vc_column width=&#8220;1\/2&#8243;][vc_row_inner][vc_column_inner width=&#8220;5\/6&#8243; offset=&#8220;vc_col-lg-offset-2 vc_col-lg-8 vc_col-md-offset-1 vc_col-md-10 vc_col-sm-offset-1 vc_col-xs-offset-1 vc_col-xs-10&#8243;][vc_column_text]<\/p>\n<h2>Recycelte Sohle mit gutem Grip<strong><br \/>\n<\/strong><\/h2>\n<p>Die Sohle wird aus recyceltem Gummi aus alten Schuhen und Produktionsabf\u00e4llen hergestellt.<\/p>\n<p>Die Sohle ist gen\u00e4ht, um The Hedonist (noch) haltbarer zu machen.<\/p>\n<p>Das Profil der Sohle ist so konzipiert, dass es einen guten Halt auf dem Boden bietet und nicht schon nach einem halben Dutzend Monaten abgenutzt ist.[\/vc_column_text][\/vc_column_inner][\/vc_row_inner][\/vc_column][vc_column width=&#8220;1\/2&#8243;][vc_row_inner][vc_column_inner offset=&#8220;vc_col-lg-10&#8243;][vc_single_image image=&#8220;8226&#8243; img_size=&#8220;full&#8220; alignment=&#8220;center&#8220;][\/vc_column_inner][\/vc_row_inner][\/vc_column][\/vc_row][vc_row full_width=&#8220;stretch_row_content_no_spaces&#8220; content_placement=&#8220;middle&#8220; css=&#8220;.vc_custom_1648412937952{padding-bottom: 42px !important;}&#8220;][vc_column width=&#8220;1\/2&#8243;][vc_row_inner][vc_column_inner offset=&#8220;vc_col-lg-offset-2 vc_col-lg-10&#8243;][vc_single_image image=&#8220;8204&#8243; img_size=&#8220;full&#8220; alignment=&#8220;center&#8220;][\/vc_column_inner][\/vc_row_inner][\/vc_column][vc_column width=&#8220;1\/2&#8243;][vc_row_inner][vc_column_inner offset=&#8220;vc_col-lg-offset-2 vc_col-lg-8 vc_col-xs-offset-1 vc_col-xs-10&#8243;][vc_column_text]<\/p>\n<h2>Innenfutter und Innensohle<\/h2>\n<p>[\/vc_column_text][vc_column_text]Bei der Gerbung wird hypoallergenes, metallfreies Leder verwendet, um ihm seine Farbe zu geben. Das Leder stammt immer von Abf\u00e4llen aus der Fleischindustrie.<\/p>\n<p>Diese Materialkombination im Innenfutter und in der Einlegesohle sorgt f\u00fcr eine geregelte Temperatur beim Tragen des Schuhs, da sie den F\u00fc\u00dfen eine nat\u00fcrliche Atmung erm\u00f6glicht. Das hei\u00dft, keine\u2026 unerw\u00fcnschten Ger\u00fcche mehr.[\/vc_column_text][\/vc_column_inner][\/vc_row_inner][\/vc_column][\/vc_row][vc_row full_width=&#8220;stretch_row_content_no_spaces&#8220; content_placement=&#8220;middle&#8220; el_class=&#8220;row_columns_reverse_mobile&#8220; css=&#8220;.vc_custom_1648404590174{padding-bottom: 42px !important;}&#8220;][vc_column width=&#8220;1\/2&#8243;][vc_row_inner][vc_column_inner width=&#8220;5\/6&#8243; offset=&#8220;vc_col-lg-offset-2 vc_col-lg-8 vc_col-md-offset-1 vc_col-md-10 vc_col-sm-offset-1 vc_col-xs-offset-1 vc_col-xs-10&#8243;][vc_column_text]<\/p>\n<h2>Ethisch gestaltet und hergestellt in Portugal<strong><br \/>\n<\/strong><\/h2>\n<p>Der Hedonist wird in der Region <strong>Porto, Portugal<\/strong>, entworfen und hergestellt, mit Materiallieferanten von der Iberischen Halbinsel.<\/p>\n<p>Die Marke Wayz arbeitet nur mit Familienbetrieben zusammen, die \u00fcber gro\u00dfe Erfahrung in der Herstellung von Qualit\u00e4tsschuhen verf\u00fcgen und deren Mitarbeiter fair bezahlt werden und gute Arbeitsbedingungen haben.[\/vc_column_text][\/vc_column_inner][\/vc_row_inner][\/vc_column][vc_column width=&#8220;1\/2&#8243;][vc_row_inner][vc_column_inner offset=&#8220;vc_col-lg-10&#8243;][vc_single_image image=&#8220;7875&#8243; img_size=&#8220;full&#8220; alignment=&#8220;center&#8220;][\/vc_column_inner][\/vc_row_inner][\/vc_column][\/vc_row]<\/p>\n<\/section>","protected":false},"excerpt":{"rendered":"<p>[vc_row full_width=&#8220;stretch_row_content_no_spaces&#8220; content_placement=&#8220;middle&#8220; css=&#8220;.vc_custom_1652629329108{background-color: #e2cab0 !important;background-position: center !important;background-repeat: no-repeat !important;background-size: cover !important;}&#8220; el_class=&#8220;row_columns_reverse_mobile&#8220;][vc_column width=&#8220;1\/2&#8243;][vc_row_inner][vc_column_inner offset=&#8220;vc_col-lg-offset-2 vc_col-lg-10 vc_col-xs-offset-1 vc_col-xs-10&#8243;][vc_column_text] The Hedonist\u2026<\/p>\n","protected":false},"featured_media":8202,"template":"","meta":{"_acf_changed":false,"_seopress_robots_primary_cat":"0","_seopress_titles_title":"","_seopress_titles_desc":"","_seopress_robots_index":""},"product_cat":[418],"product_tag":[],"class_list":["post-9504","product","type-product","status-publish","has-post-thumbnail","hentry","product_cat-turnschuhe"],"acf":[],"_links":{"self":[{"href":"https:\/\/peugada.pt\/de\/wp-json\/wp\/v2\/product\/9504","targetHints":{"allow":["GET"]}}],"collection":[{"href":"https:\/\/peugada.pt\/de\/wp-json\/wp\/v2\/product"}],"about":[{"href":"https:\/\/peugada.pt\/de\/wp-json\/wp\/v2\/types\/product"}],"wp:featuredmedia":[{"embeddable":true,"href":"https:\/\/peugada.pt\/de\/wp-json\/wp\/v2\/media\/8202"}],"wp:attachment":[{"href":"https:\/\/peugada.pt\/de\/wp-json\/wp\/v2\/media?parent=9504"}],"wp:term":[{"taxonomy":"product_cat","embeddable":true,"href":"https:\/\/peugada.pt\/de\/wp-json\/wp\/v2\/product_cat?post=9504"},{"taxonomy":"product_tag","embeddable":true,"href":"https:\/\/peugada.pt\/de\/wp-json\/wp\/v2\/product_tag?post=9504"}],"curies":[{"name":"wp","href":"https:\/\/api.w.org\/{rel}","templated":true}]}}