{"id":9468,"date":"2022-04-04T15:55:06","date_gmt":"2022-09-24T10:17:37","guid":{"rendered":"https:\/\/peugada.pt\/colecao\/wayz-the-grit-cream-2\/"},"modified":"2022-11-20T17:59:25","modified_gmt":"2022-11-20T17:59:25","slug":"wayz-the-grit-cream-2","status":"publish","type":"product","link":"https:\/\/peugada.pt\/de\/colecao\/wayz-the-grit-cream-2\/","title":{"rendered":"Wayz :: The Grit &#8211; Cream"},"content":{"rendered":"<section class=\"wpb-content-wrapper\"><p>[vc_row full_width=&#8220;stretch_row_content_no_spaces&#8220; content_placement=&#8220;middle&#8220; css=&#8220;.vc_custom_1648404757439{background-color: #dcd8cf !important;background-position: center !important;background-repeat: no-repeat !important;background-size: cover !important;}&#8220; el_class=&#8220;row_columns_reverse_mobile&#8220;][vc_column width=&#8220;1\/2&#8243;][vc_row_inner][vc_column_inner offset=&#8220;vc_col-lg-offset-2 vc_col-lg-10 vc_col-xs-offset-1 vc_col-xs-10&#8243;][vc_column_text]<\/p>\n<h2>The Grit,<br \/>\nPers\u00f6nlichkeit und Komfort<\/h2>\n<p>[\/vc_column_text][vc_column_text]Ich war schon lange auf der Suche nach leichten Turnschuhen, die ein pers\u00f6nliches Design haben, aber trotzdem robust und bequem sind.<\/p>\n<p>Die Suche hatte ein Ende, als ich The Grit von Wayz fand. Die gro\u00dfz\u00fcgige Sohle, die im Fersenbereich und im Kn\u00f6chelbereich eingearbeitet ist, erm\u00f6glicht ein sicheres Gehen mit maximalem Komfort auf jedem Terrain.<\/p>\n<p>\u00c4sthetisch sind sie unverwechselbar und sehen mit Schuhen noch besser aus.<\/p>\n<p>Die Grit sind vegane Turnschuhe, sie bestehen aus hochwertigen recycelten Materialien und sind handgefertigt, damit sie jahrelang halten.[\/vc_column_text][\/vc_column_inner][\/vc_row_inner][\/vc_column][vc_column width=&#8220;1\/2&#8243;][vc_row_inner][vc_column_inner offset=&#8220;vc_col-lg-10&#8243;][vc_single_image image=&#8220;7863&#8243; img_size=&#8220;full&#8220; alignment=&#8220;center&#8220;][\/vc_column_inner][\/vc_row_inner][\/vc_column][\/vc_row][vc_row full_width=&#8220;stretch_row_content_no_spaces&#8220; content_placement=&#8220;middle&#8220; css=&#8220;.vc_custom_1648403405623{padding-top: 42px !important;padding-bottom: 42px !important;}&#8220;][vc_column width=&#8220;1\/2&#8243;][vc_row_inner][vc_column_inner offset=&#8220;vc_col-lg-offset-2 vc_col-lg-10&#8243;][vc_single_image image=&#8220;7856&#8243; img_size=&#8220;full&#8220; alignment=&#8220;center&#8220;][\/vc_column_inner][\/vc_row_inner][\/vc_column][vc_column width=&#8220;1\/2&#8243;][vc_row_inner][vc_column_inner offset=&#8220;vc_col-lg-offset-2 vc_col-lg-8 vc_col-xs-offset-1 vc_col-xs-10&#8243;][vc_column_text]<\/p>\n<h2>Au\u00dfenseite und Futter aus recycelter Baumwolle<\/h2>\n<p>[\/vc_column_text][vc_column_text]Das Obermaterial des Schuhs besteht aus recycelter Baumwolle mit Doppeln\u00e4hten, kombiniert mit recyceltem Gummi f\u00fcr Noten.<\/p>\n<p>Der Innenraum ist mit einem ebenfalls recycelten Baumwollfutter ausgestattet, das so gearbeitet ist, dass der Fu\u00df atmen kann. Dies ist eines der Details, die daf\u00fcr sorgen, dass der Grit Ihre F\u00fc\u00dfe den ganzen Tag \u00fcber k\u00fchl und bequem h\u00e4lt.[\/vc_column_text][\/vc_column_inner][\/vc_row_inner][\/vc_column][\/vc_row][vc_row full_width=&#8220;stretch_row_content_no_spaces&#8220; content_placement=&#8220;middle&#8220; el_class=&#8220;row_columns_reverse_mobile&#8220; css=&#8220;.vc_custom_1648404590174{padding-bottom: 42px !important;}&#8220;][vc_column width=&#8220;1\/2&#8243;][vc_row_inner][vc_column_inner width=&#8220;5\/6&#8243; offset=&#8220;vc_col-lg-offset-2 vc_col-lg-8 vc_col-md-offset-1 vc_col-md-10 vc_col-sm-offset-1 vc_col-xs-offset-1 vc_col-xs-10&#8243;][vc_column_text]<\/p>\n<h2>Recycelte Sohle<strong><br \/>\n<\/strong><\/h2>\n<p>Verwendung von 70% recycelter Sohle aus alten Schuhen und Produktionsabf\u00e4llen.<\/p>\n<p>Die Farbpunkte auf der Sohle sind kleine St\u00fccke aus recyceltem Gummi, die absichtlich zur\u00fcckgelassen wurden. Diese Farbpunkte verleihen dem Design eine lebendige Note und machen jedes Paar The Grit optisch anders als alle anderen Paare.[\/vc_column_text][\/vc_column_inner][\/vc_row_inner][\/vc_column][vc_column width=&#8220;1\/2&#8243;][vc_row_inner][vc_column_inner offset=&#8220;vc_col-lg-10&#8243;][vc_single_image image=&#8220;7836&#8243; img_size=&#8220;full&#8220; alignment=&#8220;center&#8220;][\/vc_column_inner][\/vc_row_inner][\/vc_column][\/vc_row][vc_row full_width=&#8220;stretch_row_content_no_spaces&#8220; content_placement=&#8220;middle&#8220; css=&#8220;.vc_custom_1648412937952{padding-bottom: 42px !important;}&#8220;][vc_column width=&#8220;1\/2&#8243;][vc_row_inner][vc_column_inner offset=&#8220;vc_col-lg-offset-2 vc_col-lg-10&#8243;][vc_single_image image=&#8220;7871&#8243; img_size=&#8220;full&#8220; alignment=&#8220;center&#8220;][\/vc_column_inner][\/vc_row_inner][\/vc_column][vc_column width=&#8220;1\/2&#8243;][vc_row_inner][vc_column_inner offset=&#8220;vc_col-lg-offset-2 vc_col-lg-8 vc_col-xs-offset-1 vc_col-xs-10&#8243;][vc_column_text]<\/p>\n<h2>Recycelte Einlegesohle<\/h2>\n<p>[\/vc_column_text][vc_column_text]Wenn Sie den Grit anziehen, bemerken Sie sofort das tadellose Gef\u00fchl der Einlegesohle auf der Sohle.<\/p>\n<p>Die Wahl des Materials ist weitgehend verantwortungsbewusst, mit einer Einlegesohle aus recyceltem PU (p<span class=\"VIiyi\" lang=\"pt\"><br \/>\n  <span class=\"JLqJ4b ChMk0b\" data-language-for-alternatives=\"pt\" data-language-to-translate-into=\"en\" data-phrase-index=\"0\" data-number-of-phrases=\"1\">oliurethan<\/span><br \/>\n<\/span>), die mit einem Baumwollstoff \u00fcberzogen sind, der zum hohen Komfort der Turnschuhe beitr\u00e4gt.<\/p>\n<p>Die Innensohle ist herausnehmbar.[\/vc_column_text][\/vc_column_inner][\/vc_row_inner][\/vc_column][\/vc_row][vc_row full_width=&#8220;stretch_row_content_no_spaces&#8220; content_placement=&#8220;middle&#8220; el_class=&#8220;row_columns_reverse_mobile&#8220; css=&#8220;.vc_custom_1648404590174{padding-bottom: 42px !important;}&#8220;][vc_column width=&#8220;1\/2&#8243;][vc_row_inner][vc_column_inner width=&#8220;5\/6&#8243; offset=&#8220;vc_col-lg-offset-2 vc_col-lg-8 vc_col-md-offset-1 vc_col-md-10 vc_col-sm-offset-1 vc_col-xs-offset-1 vc_col-xs-10&#8243;][vc_column_text]<\/p>\n<h2>Vor Ort entworfen und hergestellt<strong><br \/>\n<\/strong><\/h2>\n<p>Der Grit wurde in <strong>Porto, Portugal<\/strong>, entworfen, wobei die Material- und Produktionslieferanten in der N\u00e4he der Region angesiedelt sind.<\/p>\n<p>Die Marke Wayz arbeitet nur mit Familienbetrieben zusammen, die \u00fcber gro\u00dfe Erfahrung in der Herstellung von Qualit\u00e4tsschuhen verf\u00fcgen und deren Mitarbeiter fair bezahlt werden und gute Arbeitsbedingungen haben.[\/vc_column_text][\/vc_column_inner][\/vc_row_inner][\/vc_column][vc_column width=&#8220;1\/2&#8243;][vc_row_inner][vc_column_inner offset=&#8220;vc_col-lg-10&#8243;][vc_single_image image=&#8220;7875&#8243; img_size=&#8220;full&#8220; alignment=&#8220;center&#8220;][\/vc_column_inner][\/vc_row_inner][\/vc_column][\/vc_row][vc_row full_width=&#8220;stretch_row_content_no_spaces&#8220; content_placement=&#8220;middle&#8220; css=&#8220;.vc_custom_1648412937952{padding-bottom: 42px !important;}&#8220;][vc_column width=&#8220;1\/2&#8243;][vc_row_inner][vc_column_inner offset=&#8220;vc_col-lg-offset-2 vc_col-lg-10&#8243;][vc_single_image image=&#8220;7879&#8243; img_size=&#8220;full&#8220; alignment=&#8220;center&#8220;][\/vc_column_inner][\/vc_row_inner][\/vc_column][vc_column width=&#8220;1\/2&#8243;][vc_row_inner][vc_column_inner offset=&#8220;vc_col-lg-offset-2 vc_col-lg-8 vc_col-xs-offset-1 vc_col-xs-10&#8243;][vc_column_text]<\/p>\n<h2>Schn\u00fcrsenkel und recycelte Schachtel<\/h2>\n<p>[\/vc_column_text][vc_column_text]Die Schn\u00fcrsenkel sind robust und aus recyceltem Polyester hergestellt.<\/p>\n<p>Die Trainer werden in einer recycelten Schachtel geliefert, die so wenig Material wie m\u00f6glich enth\u00e4lt.[\/vc_column_text][\/vc_column_inner][\/vc_row_inner][\/vc_column][\/vc_row]<\/p>\n<\/section>","protected":false},"excerpt":{"rendered":"<p>[vc_row full_width=&#8220;stretch_row_content_no_spaces&#8220; content_placement=&#8220;middle&#8220; css=&#8220;.vc_custom_1648404757439{background-color: #dcd8cf !important;background-position: center !important;background-repeat: no-repeat !important;background-size: cover !important;}&#8220; el_class=&#8220;row_columns_reverse_mobile&#8220;][vc_column width=&#8220;1\/2&#8243;][vc_row_inner][vc_column_inner offset=&#8220;vc_col-lg-offset-2 vc_col-lg-10 vc_col-xs-offset-1 vc_col-xs-10&#8243;][vc_column_text] The Grit,\u2026<\/p>\n","protected":false},"featured_media":7802,"template":"","meta":{"_acf_changed":false,"_seopress_robots_primary_cat":"0","_seopress_titles_title":"","_seopress_titles_desc":"","_seopress_robots_index":""},"product_cat":[418],"product_tag":[],"class_list":["post-9468","product","type-product","status-publish","has-post-thumbnail","hentry","product_cat-turnschuhe"],"acf":[],"_links":{"self":[{"href":"https:\/\/peugada.pt\/de\/wp-json\/wp\/v2\/product\/9468","targetHints":{"allow":["GET"]}}],"collection":[{"href":"https:\/\/peugada.pt\/de\/wp-json\/wp\/v2\/product"}],"about":[{"href":"https:\/\/peugada.pt\/de\/wp-json\/wp\/v2\/types\/product"}],"wp:featuredmedia":[{"embeddable":true,"href":"https:\/\/peugada.pt\/de\/wp-json\/wp\/v2\/media\/7802"}],"wp:attachment":[{"href":"https:\/\/peugada.pt\/de\/wp-json\/wp\/v2\/media?parent=9468"}],"wp:term":[{"taxonomy":"product_cat","embeddable":true,"href":"https:\/\/peugada.pt\/de\/wp-json\/wp\/v2\/product_cat?post=9468"},{"taxonomy":"product_tag","embeddable":true,"href":"https:\/\/peugada.pt\/de\/wp-json\/wp\/v2\/product_tag?post=9468"}],"curies":[{"name":"wp","href":"https:\/\/api.w.org\/{rel}","templated":true}]}}