{"id":9415,"date":"2022-09-24T10:43:40","date_gmt":"2022-09-24T09:43:40","guid":{"rendered":"https:\/\/peugada.pt\/colecao\/beflamboyant-black-coco-2\/"},"modified":"2022-09-24T10:43:40","modified_gmt":"2022-09-24T09:43:40","slug":"beflamboyant-black-coco-2","status":"publish","type":"product","link":"https:\/\/peugada.pt\/de\/colecao\/beflamboyant-black-coco-2\/","title":{"rendered":"Beflamboyant :: Black Coco"},"content":{"rendered":"<section class=\"wpb-content-wrapper\"><p>[vc_row full_width=&#8220;stretch_row_content_no_spaces&#8220; content_placement=&#8220;middle&#8220; css=&#8220;.vc_custom_1658076713705{background-color: #f2f1ed !important;background-position: center !important;background-repeat: no-repeat !important;background-size: cover !important;}&#8220; el_class=&#8220;row_columns_reverse_mobile&#8220;][vc_column width=&#8220;1\/2&#8243;][vc_row_inner][vc_column_inner offset=&#8220;vc_col-lg-offset-2 vc_col-lg-9 vc_col-xs-offset-1 vc_col-xs-10&#8243;][vc_column_text]<\/p>\n<h2>Markanter und unverwechselbarer Stil<\/h2>\n<p>[\/vc_column_text][vc_column_text]Die <strong>Black Coco sind vegane<\/strong>, vom Stiefel inspirierte <strong>Schuhe<\/strong>. Ein markanter und unverwechselbarer Stil.<\/p>\n<p>Sie sind flexibel und leicht am Fu\u00df, vor allem dank der innovativen Verwendung eines netzartigen Materials an der Seite des Schuhs, das aus zertifiziertem, recyceltem Plastik aus dem Meer besteht.<\/p>\n<p>Sie sind vegane Turnschuhe, die in <strong>Portugal<\/strong> aus recycelten und nachhaltigen pflanzlichen Materialien hergestellt werden.[\/vc_column_text][\/vc_column_inner][\/vc_row_inner][\/vc_column][vc_column width=&#8220;1\/2&#8243;][vc_row_inner][vc_column_inner offset=&#8220;vc_col-lg-10&#8243;][vc_single_image image=&#8220;8469&#8243; img_size=&#8220;full&#8220; alignment=&#8220;center&#8220;][\/vc_column_inner][\/vc_row_inner][\/vc_column][\/vc_row][vc_row full_width=&#8220;stretch_row_content_no_spaces&#8220; content_placement=&#8220;middle&#8220; css=&#8220;.vc_custom_1648403405623{padding-top: 42px !important;padding-bottom: 42px !important;}&#8220;][vc_column width=&#8220;1\/2&#8243;][vc_row_inner][vc_column_inner offset=&#8220;vc_col-lg-offset-2 vc_col-lg-10&#8243;][vc_single_image image=&#8220;8461&#8243; img_size=&#8220;full&#8220; alignment=&#8220;center&#8220;][\/vc_column_inner][\/vc_row_inner][\/vc_column][vc_column width=&#8220;1\/2&#8243;][vc_row_inner][vc_column_inner offset=&#8220;vc_col-lg-offset-2 vc_col-lg-8 vc_col-xs-offset-1 vc_col-xs-10&#8243;][vc_column_text]<\/p>\n<h2>\u00c4u\u00dferes aus recyceltem und nachhaltigem Material<\/h2>\n<p>Das \u00c4u\u00dfere des Schuhs besteht aus Maisabf\u00e4llen, wobei mehr als die H\u00e4lfte (63 %) aus biologischem Anbau stammt.<\/p>\n<p>Die Seite des Schuhs besteht aus zertifiziertem recyceltem Kunststoff aus dem Meer, der in Form eines Netzes pr\u00e4sentiert wird, das eine Leichtigkeit und Flexibilit\u00e4t verleiht, die bei dieser Art von Schuh vom ersten Gebrauch an schwer zu finden ist.<\/p>\n<p>Die Schn\u00fcrsenkel sind aus recyceltem PET-Kunststoff hergestellt.[\/vc_column_text][\/vc_column_inner][\/vc_row_inner][\/vc_column][\/vc_row][vc_row full_width=&#8220;stretch_row_content_no_spaces&#8220; content_placement=&#8220;middle&#8220; el_class=&#8220;row_columns_reverse_mobile&#8220; css=&#8220;.vc_custom_1648404590174{padding-bottom: 42px !important;}&#8220;][vc_column width=&#8220;1\/2&#8243;][vc_row_inner][vc_column_inner width=&#8220;5\/6&#8243; offset=&#8220;vc_col-lg-offset-2 vc_col-lg-8 vc_col-md-offset-1 vc_col-md-10 vc_col-sm-offset-1 vc_col-xs-offset-1 vc_col-xs-10&#8243;][vc_column_text]<\/p>\n<h2>Innenfutter aus recyceltem Bambus<strong><br \/>\n<\/strong><\/h2>\n<p>Das Innenfutter besteht aus recyceltem Bambus und f\u00fchlt sich weich an, was den Fu\u00dfkomfort erh\u00f6ht.[\/vc_column_text][\/vc_column_inner][\/vc_row_inner][\/vc_column][vc_column width=&#8220;1\/2&#8243;][vc_row_inner][vc_column_inner offset=&#8220;vc_col-lg-10&#8243;][vc_single_image image=&#8220;8465&#8243; img_size=&#8220;full&#8220; alignment=&#8220;center&#8220;][\/vc_column_inner][\/vc_row_inner][\/vc_column][\/vc_row][vc_row full_width=&#8220;stretch_row_content_no_spaces&#8220; content_placement=&#8220;middle&#8220; css=&#8220;.vc_custom_1648412937952{padding-bottom: 42px !important;}&#8220;][vc_column width=&#8220;1\/2&#8243;][vc_row_inner][vc_column_inner offset=&#8220;vc_col-lg-offset-2 vc_col-lg-10&#8243;][vc_single_image image=&#8220;7932&#8243; img_size=&#8220;full&#8220; alignment=&#8220;center&#8220;][\/vc_column_inner][\/vc_row_inner][\/vc_column][vc_column width=&#8220;1\/2&#8243;][vc_row_inner][vc_column_inner offset=&#8220;vc_col-lg-offset-2 vc_col-lg-8 vc_col-xs-offset-1 vc_col-xs-10&#8243;][vc_column_text]<\/p>\n<h2>Recycelte Einlegesohle<\/h2>\n<p>[\/vc_column_text][vc_column_text]Die Einlegesohlen sind vollst\u00e4ndig aus recycelten Materialien mit Aktivkohle pflanzlichen Ursprungs hergestellt.<\/p>\n<p>Sie passen sich perfekt an die Form des Schuhs an und sind einer der Hauptgr\u00fcnde daf\u00fcr, dass wir immer bequem kilometerweit laufen k\u00f6nnen.<\/p>\n<p>Die Innensohle ist herausnehmbar.[\/vc_column_text][\/vc_column_inner][\/vc_row_inner][\/vc_column][\/vc_row][vc_row full_width=&#8220;stretch_row_content_no_spaces&#8220; content_placement=&#8220;middle&#8220; el_class=&#8220;row_columns_reverse_mobile&#8220; css=&#8220;.vc_custom_1648404590174{padding-bottom: 42px !important;}&#8220;][vc_column width=&#8220;1\/2&#8243;][vc_row_inner][vc_column_inner width=&#8220;5\/6&#8243; offset=&#8220;vc_col-lg-offset-2 vc_col-lg-8 vc_col-md-offset-1 vc_col-md-10 vc_col-sm-offset-1 vc_col-xs-offset-1 vc_col-xs-10&#8243;][vc_column_text]<\/p>\n<h2>Seezunge aus Reisspelzen<strong><br \/>\n<\/strong><\/h2>\n<p>Die Sohle besteht aus recyceltem Gummi und Reisspelzen, die ein ausgewogenes Verh\u00e4ltnis zwischen Robustheit und Flexibilit\u00e4t bieten, wie es f\u00fcr diese Art von Schuh erforderlich ist.<\/p>\n<p>Die Sohle ist gen\u00e4ht, um die Haltbarkeit zu erh\u00f6hen.[\/vc_column_text][\/vc_column_inner][\/vc_row_inner][\/vc_column][vc_column width=&#8220;1\/2&#8243;][vc_row_inner][vc_column_inner offset=&#8220;vc_col-lg-10&#8243;][vc_single_image image=&#8220;8457&#8243; img_size=&#8220;full&#8220; alignment=&#8220;center&#8220;][\/vc_column_inner][\/vc_row_inner][\/vc_column][\/vc_row][vc_row full_width=&#8220;stretch_row_content_no_spaces&#8220; content_placement=&#8220;middle&#8220; css=&#8220;.vc_custom_1648412937952{padding-bottom: 42px !important;}&#8220;][vc_column width=&#8220;1\/2&#8243;][vc_row_inner][vc_column_inner offset=&#8220;vc_col-lg-offset-2 vc_col-lg-10&#8243;][vc_single_image image=&#8220;7940&#8243; img_size=&#8220;full&#8220; alignment=&#8220;center&#8220;][\/vc_column_inner][\/vc_row_inner][\/vc_column][vc_column width=&#8220;1\/2&#8243;][vc_row_inner][vc_column_inner offset=&#8220;vc_col-lg-offset-2 vc_col-lg-8 vc_col-xs-offset-1 vc_col-xs-10&#8243;][vc_column_text]<\/p>\n<h2>Ethisch hergestellt in Portugal<\/h2>\n<p>[\/vc_column_text][vc_column_text]Diese Turnschuhe werden in Felgueiras, Portugal, von einem Unternehmen hergestellt, das faire L\u00f6hne und Arbeitsbedingungen garantiert.<\/p>\n<p>Die Materiallieferanten sind zertifiziert und m\u00fcssen dank ihrer Lage zwischen Portugal, Spanien und Italien keine Kontinente \u00fcberqueren.[\/vc_column_text][\/vc_column_inner][\/vc_row_inner][\/vc_column][\/vc_row]<\/p>\n<\/section>","protected":false},"excerpt":{"rendered":"<p>[vc_row full_width=&#8220;stretch_row_content_no_spaces&#8220; content_placement=&#8220;middle&#8220; css=&#8220;.vc_custom_1658076713705{background-color: #f2f1ed !important;background-position: center !important;background-repeat: no-repeat !important;background-size: cover !important;}&#8220; el_class=&#8220;row_columns_reverse_mobile&#8220;][vc_column width=&#8220;1\/2&#8243;][vc_row_inner][vc_column_inner offset=&#8220;vc_col-lg-offset-2 vc_col-lg-9 vc_col-xs-offset-1 vc_col-xs-10&#8243;][vc_column_text] Markanter und\u2026<\/p>\n","protected":false},"featured_media":8459,"template":"","meta":{"_acf_changed":false,"_seopress_robots_primary_cat":"0","_seopress_titles_title":"%%title%% %%sep%% 15% Rabatt - Kostenloser Versand | %%sitename%%","_seopress_titles_desc":"Beflamboyant Black Coco vegane Schuhe. \u2713 Auf Lager. \u2713 15% Rabatt. \u2713 Kostenloser Versand innerhalb von 24h. \u2713 Kostenloser Umtausch und R\u00fcckgabe","_seopress_robots_index":""},"product_cat":[420],"product_tag":[],"class_list":["post-9415","product","type-product","status-publish","has-post-thumbnail","hentry","product_cat-schuhe"],"acf":[],"_links":{"self":[{"href":"https:\/\/peugada.pt\/de\/wp-json\/wp\/v2\/product\/9415","targetHints":{"allow":["GET"]}}],"collection":[{"href":"https:\/\/peugada.pt\/de\/wp-json\/wp\/v2\/product"}],"about":[{"href":"https:\/\/peugada.pt\/de\/wp-json\/wp\/v2\/types\/product"}],"wp:featuredmedia":[{"embeddable":true,"href":"https:\/\/peugada.pt\/de\/wp-json\/wp\/v2\/media\/8459"}],"wp:attachment":[{"href":"https:\/\/peugada.pt\/de\/wp-json\/wp\/v2\/media?parent=9415"}],"wp:term":[{"taxonomy":"product_cat","embeddable":true,"href":"https:\/\/peugada.pt\/de\/wp-json\/wp\/v2\/product_cat?post=9415"},{"taxonomy":"product_tag","embeddable":true,"href":"https:\/\/peugada.pt\/de\/wp-json\/wp\/v2\/product_tag?post=9415"}],"curies":[{"name":"wp","href":"https:\/\/api.w.org\/{rel}","templated":true}]}}