{"id":9379,"date":"2022-09-24T10:37:05","date_gmt":"2022-09-24T09:37:05","guid":{"rendered":"https:\/\/peugada.pt\/colecao\/beflamboyant-manimal-oak-2\/"},"modified":"2022-09-24T10:37:06","modified_gmt":"2022-09-24T09:37:06","slug":"beflamboyant-manimal-oak-2","status":"publish","type":"product","link":"https:\/\/peugada.pt\/de\/colecao\/beflamboyant-manimal-oak-2\/","title":{"rendered":"Beflamboyant :: Manimal Oak"},"content":{"rendered":"<section class=\"wpb-content-wrapper\"><p>[vc_row full_width=&#8220;stretch_row_content_no_spaces&#8220; content_placement=&#8220;middle&#8220; css=&#8220;.vc_custom_1658076713705{background-color: #f2f1ed !important;background-position: center !important;background-repeat: no-repeat !important;background-size: cover !important;}&#8220; el_class=&#8220;row_columns_reverse_mobile&#8220;][vc_column width=&#8220;1\/2&#8243;][vc_row_inner][vc_column_inner offset=&#8220;vc_col-lg-offset-2 vc_col-lg-9 vc_col-xs-offset-1 vc_col-xs-10&#8243;][vc_column_text]<\/p>\n<h2>Manimal,<br \/>\nLeicht und handlich<\/h2>\n<p>[\/vc_column_text][vc_column_text]<strong>Die veganen Turnschuhe von Manimal<\/strong> zeichnen sich durch ein leichtes Profil aus, das beim Tragen einen minimalistischen und praktischen Look vermittelt.<\/p>\n<p>Sie verf\u00fcgen \u00fcber eine gro\u00dfz\u00fcgige Sohle, die f\u00fcr Komfort sorgt, und ein weiches Innenfutter aus recyceltem Bambus, das sich um den gesamten Fu\u00df legt.<\/p>\n<p>Sie sind vegane Turnschuhe, die in <strong>Portugal<\/strong> aus recycelten und nachhaltigen pflanzlichen Materialien hergestellt werden.[\/vc_column_text][\/vc_column_inner][\/vc_row_inner][\/vc_column][vc_column width=&#8220;1\/2&#8243;][vc_row_inner][vc_column_inner offset=&#8220;vc_col-lg-10&#8243;][vc_single_image image=&#8220;8434&#8243; img_size=&#8220;full&#8220; alignment=&#8220;center&#8220;][\/vc_column_inner][\/vc_row_inner][\/vc_column][\/vc_row][vc_row full_width=&#8220;stretch_row_content_no_spaces&#8220; content_placement=&#8220;middle&#8220; css=&#8220;.vc_custom_1648403405623{padding-top: 42px !important;padding-bottom: 42px !important;}&#8220;][vc_column width=&#8220;1\/2&#8243;][vc_row_inner][vc_column_inner offset=&#8220;vc_col-lg-offset-2 vc_col-lg-10&#8243;][vc_single_image image=&#8220;6822&#8243; img_size=&#8220;full&#8220; alignment=&#8220;center&#8220;][\/vc_column_inner][\/vc_row_inner][\/vc_column][vc_column width=&#8220;1\/2&#8243;][vc_row_inner][vc_column_inner offset=&#8220;vc_col-lg-offset-2 vc_col-lg-8 vc_col-xs-offset-1 vc_col-xs-10&#8243;][vc_column_text]<\/p>\n<h2>\u00c4u\u00dferes aus recyceltem und nachhaltigem Material<\/h2>\n<p>Das \u00c4u\u00dfere des Schuhs besteht aus Maisabf\u00e4llen, wobei mehr als die H\u00e4lfte (63 %) aus biologischem Anbau stammt.<\/p>\n<p>Die Farbakzente werden aus recyceltem PET-Kunststoff hergestellt.<\/p>\n<p>Die Schn\u00fcrsenkel sind aus recycelter Baumwolle hergestellt.[\/vc_column_text][\/vc_column_inner][\/vc_row_inner][\/vc_column][\/vc_row][vc_row full_width=&#8220;stretch_row_content_no_spaces&#8220; content_placement=&#8220;middle&#8220; el_class=&#8220;row_columns_reverse_mobile&#8220; css=&#8220;.vc_custom_1648404590174{padding-bottom: 42px !important;}&#8220;][vc_column width=&#8220;1\/2&#8243;][vc_row_inner][vc_column_inner width=&#8220;5\/6&#8243; offset=&#8220;vc_col-lg-offset-2 vc_col-lg-8 vc_col-md-offset-1 vc_col-md-10 vc_col-sm-offset-1 vc_col-xs-offset-1 vc_col-xs-10&#8243;][vc_column_text]<\/p>\n<h2>Innenfutter aus recyceltem Bambus<strong><br \/>\n<\/strong><\/h2>\n<p>Das Innenfutter besteht aus recyceltem Bambus und f\u00fchlt sich weich an, was den Fu\u00dfkomfort erh\u00f6ht.[\/vc_column_text][\/vc_column_inner][\/vc_row_inner][\/vc_column][vc_column width=&#8220;1\/2&#8243;][vc_row_inner][vc_column_inner offset=&#8220;vc_col-lg-10&#8243;][vc_single_image image=&#8220;8430&#8243; img_size=&#8220;full&#8220; alignment=&#8220;center&#8220;][\/vc_column_inner][\/vc_row_inner][\/vc_column][\/vc_row][vc_row full_width=&#8220;stretch_row_content_no_spaces&#8220; content_placement=&#8220;middle&#8220; css=&#8220;.vc_custom_1648412937952{padding-bottom: 42px !important;}&#8220;][vc_column width=&#8220;1\/2&#8243;][vc_row_inner][vc_column_inner offset=&#8220;vc_col-lg-offset-2 vc_col-lg-10&#8243;][vc_single_image image=&#8220;7932&#8243; img_size=&#8220;full&#8220; alignment=&#8220;center&#8220;][\/vc_column_inner][\/vc_row_inner][\/vc_column][vc_column width=&#8220;1\/2&#8243;][vc_row_inner][vc_column_inner offset=&#8220;vc_col-lg-offset-2 vc_col-lg-8 vc_col-xs-offset-1 vc_col-xs-10&#8243;][vc_column_text]<\/p>\n<h2>Recycelte Einlegesohle<\/h2>\n<p>[\/vc_column_text][vc_column_text]Die Einlegesohlen sind vollst\u00e4ndig aus recycelten Materialien mit Aktivkohle pflanzlichen Ursprungs hergestellt.<\/p>\n<p>Sie passen sich perfekt an die Form des Schuhs an und sind einer der Hauptgr\u00fcnde daf\u00fcr, dass wir immer bequem kilometerweit laufen k\u00f6nnen.<\/p>\n<p>Die Innensohle ist herausnehmbar.[\/vc_column_text][\/vc_column_inner][\/vc_row_inner][\/vc_column][\/vc_row][vc_row full_width=&#8220;stretch_row_content_no_spaces&#8220; content_placement=&#8220;middle&#8220; el_class=&#8220;row_columns_reverse_mobile&#8220; css=&#8220;.vc_custom_1648404590174{padding-bottom: 42px !important;}&#8220;][vc_column width=&#8220;1\/2&#8243;][vc_row_inner][vc_column_inner width=&#8220;5\/6&#8243; offset=&#8220;vc_col-lg-offset-2 vc_col-lg-8 vc_col-md-offset-1 vc_col-md-10 vc_col-sm-offset-1 vc_col-xs-offset-1 vc_col-xs-10&#8243;][vc_column_text]<\/p>\n<h2>Recycelte Sohle<strong><br \/>\n<\/strong><\/h2>\n<p>Die Sohle ist aus recyceltem Gummi hergestellt. Trotz seines leichten Aussehens verf\u00fcgt der Schuh \u00fcber eine gut dimensionierte Sohle, die auch bei l\u00e4ngerem Gehen f\u00fcr Komfort sorgt.<\/p>\n<p>Die Sohle ist gen\u00e4ht, um die Haltbarkeit zu erh\u00f6hen.[\/vc_column_text][\/vc_column_inner][\/vc_row_inner][\/vc_column][vc_column width=&#8220;1\/2&#8243;][vc_row_inner][vc_column_inner offset=&#8220;vc_col-lg-10&#8243;][vc_single_image image=&#8220;6825&#8243; img_size=&#8220;full&#8220; alignment=&#8220;center&#8220;][\/vc_column_inner][\/vc_row_inner][\/vc_column][\/vc_row][vc_row full_width=&#8220;stretch_row_content_no_spaces&#8220; content_placement=&#8220;middle&#8220; css=&#8220;.vc_custom_1648412937952{padding-bottom: 42px !important;}&#8220;][vc_column width=&#8220;1\/2&#8243;][vc_row_inner][vc_column_inner offset=&#8220;vc_col-lg-offset-2 vc_col-lg-10&#8243;][vc_single_image image=&#8220;7940&#8243; img_size=&#8220;full&#8220; alignment=&#8220;center&#8220;][\/vc_column_inner][\/vc_row_inner][\/vc_column][vc_column width=&#8220;1\/2&#8243;][vc_row_inner][vc_column_inner offset=&#8220;vc_col-lg-offset-2 vc_col-lg-8 vc_col-xs-offset-1 vc_col-xs-10&#8243;][vc_column_text]<\/p>\n<h2>Ethisch hergestellt in Portugal<\/h2>\n<p>[\/vc_column_text][vc_column_text]Diese Turnschuhe werden in Felgueiras, Portugal, von einem Unternehmen hergestellt, das faire L\u00f6hne und Arbeitsbedingungen garantiert.<\/p>\n<p>Die Materiallieferanten sind zertifiziert und m\u00fcssen dank ihrer Lage zwischen Portugal, Spanien und Italien keine Kontinente \u00fcberqueren.[\/vc_column_text][\/vc_column_inner][\/vc_row_inner][\/vc_column][\/vc_row]<\/p>\n<\/section>","protected":false},"excerpt":{"rendered":"<p>[vc_row full_width=&#8220;stretch_row_content_no_spaces&#8220; content_placement=&#8220;middle&#8220; css=&#8220;.vc_custom_1658076713705{background-color: #f2f1ed !important;background-position: center !important;background-repeat: no-repeat !important;background-size: cover !important;}&#8220; el_class=&#8220;row_columns_reverse_mobile&#8220;][vc_column width=&#8220;1\/2&#8243;][vc_row_inner][vc_column_inner offset=&#8220;vc_col-lg-offset-2 vc_col-lg-9 vc_col-xs-offset-1 vc_col-xs-10&#8243;][vc_column_text] Manimal, Leicht\u2026<\/p>\n","protected":false},"featured_media":9380,"template":"","meta":{"_acf_changed":false,"_seopress_robots_primary_cat":"0","_seopress_titles_title":"%%title%% %%sep%% 15% Rabatt - Kostenloser Versand | %%sitename%%","_seopress_titles_desc":"Beflamboyant Manimal Oak vegane Turnschuhe. \u2713 Auf Lager. \u2713 15% Rabatt. \u2713 Kostenloser Versand innerhalb von 24h. \u2713 Kostenloser Umtausch und R\u00fcckgabe.","_seopress_robots_index":""},"product_cat":[418],"product_tag":[],"class_list":["post-9379","product","type-product","status-publish","has-post-thumbnail","hentry","product_cat-turnschuhe"],"acf":[],"_links":{"self":[{"href":"https:\/\/peugada.pt\/de\/wp-json\/wp\/v2\/product\/9379","targetHints":{"allow":["GET"]}}],"collection":[{"href":"https:\/\/peugada.pt\/de\/wp-json\/wp\/v2\/product"}],"about":[{"href":"https:\/\/peugada.pt\/de\/wp-json\/wp\/v2\/types\/product"}],"wp:featuredmedia":[{"embeddable":true,"href":"https:\/\/peugada.pt\/de\/wp-json\/wp\/v2\/media\/9380"}],"wp:attachment":[{"href":"https:\/\/peugada.pt\/de\/wp-json\/wp\/v2\/media?parent=9379"}],"wp:term":[{"taxonomy":"product_cat","embeddable":true,"href":"https:\/\/peugada.pt\/de\/wp-json\/wp\/v2\/product_cat?post=9379"},{"taxonomy":"product_tag","embeddable":true,"href":"https:\/\/peugada.pt\/de\/wp-json\/wp\/v2\/product_tag?post=9379"}],"curies":[{"name":"wp","href":"https:\/\/api.w.org\/{rel}","templated":true}]}}