{"id":9288,"date":"2022-09-27T19:23:29","date_gmt":"2022-08-22T15:24:34","guid":{"rendered":"https:\/\/peugada.pt\/colecao\/lemon-jelly-schwarzer-frankie\/"},"modified":"2022-11-20T17:31:54","modified_gmt":"2022-11-20T17:31:54","slug":"lemon-jelly-schwarzer-frankie","status":"publish","type":"product","link":"https:\/\/peugada.pt\/de\/colecao\/lemon-jelly-schwarzer-frankie\/","title":{"rendered":"Lemon Jelly :: Schwarzer Frankie"},"content":{"rendered":"<section class=\"wpb-content-wrapper\"><p>[vc_row content_placement=&#8220;middle&#8220;][vc_column width=&#8220;1\/2&#8243;][vc_column_text]Die veganen Stiefel von Frankie haben das klassische Design, f\u00fcr das Lemon Jelly bekannt ist, und duften leicht nach Zitrone.<\/p>\n<p>Einmal angezogen, geben sie einen <em>weichen <\/em>Stil <em>und <\/em>wenn man sie anzieht, f\u00fchlt sich der Fu\u00df ganz gem\u00fctlich an, was sie zu recht bequemen Stiefeln macht.[\/vc_column_text][vc_column_text]<img alt=\"\" loading=\"lazy\" decoding=\"async\" class=\"alignnone size-full wp-image-4424\" src=\"https:\/\/peugada.pt\/wp-content\/uploads\/2021\/04\/logo_peta02-e1633186847613.png\" alt=\"\" width=\"150\" height=\"63\">[\/vc_column_text][\/vc_column][vc_column width=&#8220;1\/2&#8243;][vc_single_image image=&#8220;6755&#8243; img_size=&#8220;full&#8220; alignment=&#8220;center&#8220;][\/vc_column][\/vc_row][vc_row][vc_column width=&#8220;1\/2&#8243;][vc_column_text]<\/p>\n<h4>Reinigung Pflege<\/h4>\n<p>[\/vc_column_text][vc_column_text]Sehr leicht zu reinigen, einfach ein weiches, feuchtes wei\u00dfes Tuch verwenden. Verwenden Sie keine scharfen Reinigungsmittel oder \u00e4tzende Reiniger.[\/vc_column_text][\/vc_column][vc_column width=&#8220;1\/2&#8243;][\/vc_column][\/vc_row]<\/p>\n<\/section>","protected":false},"excerpt":{"rendered":"<p>[vc_row content_placement=&#8220;middle&#8220;][vc_column width=&#8220;1\/2&#8243;][vc_column_text]Die veganen Stiefel von Frankie haben das klassische Design, f\u00fcr das Lemon Jelly bekannt ist, und duften leicht\u2026<\/p>\n","protected":false},"featured_media":9289,"template":"","meta":{"_acf_changed":false,"_seopress_robots_primary_cat":"0","_seopress_titles_title":"%%title%% %%sep%% 15% Rabatt - Kostenloser Versand | %%sitename%%","_seopress_titles_desc":"Lemon Jelly Frankie schwarze vegane Stiefel. \u2713 Auf Lager. \u2713 Mit 15% Rabatt. \u2713 Kostenloser Versand innerhalb von 24h. \u2713 Kostenloser Umtausch und R\u00fcckgabe.","_seopress_robots_index":""},"product_cat":[423],"product_tag":[],"class_list":["post-9288","product","type-product","status-publish","has-post-thumbnail","hentry","product_cat-boots-de"],"acf":[],"_links":{"self":[{"href":"https:\/\/peugada.pt\/de\/wp-json\/wp\/v2\/product\/9288","targetHints":{"allow":["GET"]}}],"collection":[{"href":"https:\/\/peugada.pt\/de\/wp-json\/wp\/v2\/product"}],"about":[{"href":"https:\/\/peugada.pt\/de\/wp-json\/wp\/v2\/types\/product"}],"wp:featuredmedia":[{"embeddable":true,"href":"https:\/\/peugada.pt\/de\/wp-json\/wp\/v2\/media\/9289"}],"wp:attachment":[{"href":"https:\/\/peugada.pt\/de\/wp-json\/wp\/v2\/media?parent=9288"}],"wp:term":[{"taxonomy":"product_cat","embeddable":true,"href":"https:\/\/peugada.pt\/de\/wp-json\/wp\/v2\/product_cat?post=9288"},{"taxonomy":"product_tag","embeddable":true,"href":"https:\/\/peugada.pt\/de\/wp-json\/wp\/v2\/product_tag?post=9288"}],"curies":[{"name":"wp","href":"https:\/\/api.w.org\/{rel}","templated":true}]}}