{"id":9237,"date":"2022-08-21T14:28:43","date_gmt":"2022-08-21T13:28:43","guid":{"rendered":"https:\/\/peugada.pt\/colecao\/beflamboyant-ux-68-leopard-2\/"},"modified":"2022-08-21T14:28:43","modified_gmt":"2022-08-21T13:28:43","slug":"beflamboyant-ux-68-leopard-2","status":"publish","type":"product","link":"https:\/\/peugada.pt\/de\/colecao\/beflamboyant-ux-68-leopard-2\/","title":{"rendered":"Beflamboyant :: UX-68 Leopard"},"content":{"rendered":"<section class=\"wpb-content-wrapper\"><p>[vc_row full_width=&#8220;stretch_row_content_no_spaces&#8220; content_placement=&#8220;middle&#8220; css=&#8220;.vc_custom_1656762282467{background-color: #f2f1ed !important;background-position: center !important;background-repeat: no-repeat !important;background-size: cover !important;}&#8220; el_class=&#8220;row_columns_reverse_mobile&#8220;][vc_column width=&#8220;1\/2&#8243;][vc_row_inner][vc_column_inner offset=&#8220;vc_col-lg-offset-2 vc_col-lg-9 vc_col-xs-offset-1 vc_col-xs-10&#8243;][vc_column_text]<\/p>\n<h2>Turnschuhe im Stil der 90er Jahre,<br \/>\nneu gestaltet<\/h2>\n<p>[\/vc_column_text][vc_column_text]Die <strong>UX-68<\/strong> von Beflamboyant sind vegane Turnschuhe mit einem auff\u00e4lligen Design, das von den 90er Jahren inspiriert ist.<\/p>\n<p>Dieses Modell zeichnet sich durch eine gro\u00dfe Gem\u00fctlichkeit am Fu\u00df, vor allem im Kn\u00f6chelbereich, aus, was vor allem dem Innenfutter aus recyceltem Bambus zu verdanken ist.<\/p>\n<p>Robust, aber leicht und flexibel in der Bewegung des Fu\u00dfes beim Gehen, dank der recycelten Einlegesohle und dem Material der neuesten Generation auf Maisbasis (63 % biologisch).[\/vc_column_text][\/vc_column_inner][\/vc_row_inner][\/vc_column][vc_column width=&#8220;1\/2&#8243;][vc_row_inner][vc_column_inner offset=&#8220;vc_col-lg-10&#8243;][vc_single_image image=&#8220;8400&#8243; img_size=&#8220;full&#8220; alignment=&#8220;center&#8220;][\/vc_column_inner][\/vc_row_inner][\/vc_column][\/vc_row][vc_row full_width=&#8220;stretch_row_content_no_spaces&#8220; content_placement=&#8220;middle&#8220; css=&#8220;.vc_custom_1648403405623{padding-top: 42px !important;padding-bottom: 42px !important;}&#8220;][vc_column width=&#8220;1\/2&#8243;][vc_row_inner][vc_column_inner offset=&#8220;vc_col-lg-offset-2 vc_col-lg-10&#8243;][vc_single_image image=&#8220;4955&#8243; img_size=&#8220;full&#8220; alignment=&#8220;center&#8220;][\/vc_column_inner][\/vc_row_inner][\/vc_column][vc_column width=&#8220;1\/2&#8243;][vc_row_inner][vc_column_inner offset=&#8220;vc_col-lg-offset-2 vc_col-lg-8 vc_col-xs-offset-1 vc_col-xs-10&#8243;][vc_column_text]<\/p>\n<h2>Drau\u00dfen mit Maisabf\u00e4llen<\/h2>\n<p>Das \u00c4u\u00dfere des Obermaterials dieser veganen Turnschuhe besteht zu 63 % aus biologisch erzeugten Maisabf\u00e4llen.<\/p>\n<p>Die Schn\u00fcrsenkel sind aus Bio-Baumwolle gefertigt.[\/vc_column_text][\/vc_column_inner][\/vc_row_inner][\/vc_column][\/vc_row][vc_row full_width=&#8220;stretch_row_content_no_spaces&#8220; content_placement=&#8220;middle&#8220; el_class=&#8220;row_columns_reverse_mobile&#8220; css=&#8220;.vc_custom_1648404590174{padding-bottom: 42px !important;}&#8220;][vc_column width=&#8220;1\/2&#8243;][vc_row_inner][vc_column_inner width=&#8220;5\/6&#8243; offset=&#8220;vc_col-lg-offset-2 vc_col-lg-8 vc_col-md-offset-1 vc_col-md-10 vc_col-sm-offset-1 vc_col-xs-offset-1 vc_col-xs-10&#8243;][vc_column_text]<\/p>\n<h2>Recyceltes Innenfutter<strong><br \/>\n<\/strong><\/h2>\n<p>F\u00fcr das Innenfutter wird recycelter Bambus verwendet, der so verarbeitet ist, dass er sich sehr weich anf\u00fchlt.[\/vc_column_text][\/vc_column_inner][\/vc_row_inner][\/vc_column][vc_column width=&#8220;1\/2&#8243;][vc_row_inner][vc_column_inner offset=&#8220;vc_col-lg-10&#8243;][vc_single_image image=&#8220;4963&#8243; img_size=&#8220;full&#8220; alignment=&#8220;center&#8220;][\/vc_column_inner][\/vc_row_inner][\/vc_column][\/vc_row][vc_row full_width=&#8220;stretch_row_content_no_spaces&#8220; content_placement=&#8220;middle&#8220; css=&#8220;.vc_custom_1648412937952{padding-bottom: 42px !important;}&#8220;][vc_column width=&#8220;1\/2&#8243;][vc_row_inner][vc_column_inner offset=&#8220;vc_col-lg-offset-2 vc_col-lg-10&#8243;][vc_single_image image=&#8220;4956&#8243; img_size=&#8220;full&#8220; alignment=&#8220;center&#8220;][\/vc_column_inner][\/vc_row_inner][\/vc_column][vc_column width=&#8220;1\/2&#8243;][vc_row_inner][vc_column_inner offset=&#8220;vc_col-lg-offset-2 vc_col-lg-8 vc_col-xs-offset-1 vc_col-xs-10&#8243;][vc_column_text]<\/p>\n<h2>Superbequeme recycelte Einlegesohle<\/h2>\n<p>[\/vc_column_text][vc_column_text]Die Einlegesohlen sind vollst\u00e4ndig aus recycelten Materialien mit Aktivkohle pflanzlichen Ursprungs hergestellt.<\/p>\n<p>Diese Kombination von Materialien in der Einlegesohle, die sich perfekt an die Form des Schuhs anpasst, ist einer der Hauptgr\u00fcnde daf\u00fcr, dass wir immer sehr bequem gehen oder kilometerlang laufen k\u00f6nnen.<\/p>\n<p>Die Innensohle ist herausnehmbar.[\/vc_column_text][\/vc_column_inner][\/vc_row_inner][\/vc_column][\/vc_row][vc_row full_width=&#8220;stretch_row_content_no_spaces&#8220; content_placement=&#8220;middle&#8220; el_class=&#8220;row_columns_reverse_mobile&#8220; css=&#8220;.vc_custom_1648404590174{padding-bottom: 42px !important;}&#8220;][vc_column width=&#8220;1\/2&#8243;][vc_row_inner][vc_column_inner width=&#8220;5\/6&#8243; offset=&#8220;vc_col-lg-offset-2 vc_col-lg-8 vc_col-md-offset-1 vc_col-md-10 vc_col-sm-offset-1 vc_col-xs-offset-1 vc_col-xs-10&#8243;][vc_column_text]<\/p>\n<h2>Recycelte Gummisohle<strong><br \/>\n<\/strong><\/h2>\n<p>Die Sohle ist aus recyceltem Gummi, mit einer gro\u00dfz\u00fcgigen H\u00f6he f\u00fcr einen sicheren und bequemen Gang.<\/p>\n<p>Die Sohle ist gen\u00e4ht, um die Haltbarkeit zu erh\u00f6hen.[\/vc_column_text][\/vc_column_inner][\/vc_row_inner][\/vc_column][vc_column width=&#8220;1\/2&#8243;][vc_row_inner][vc_column_inner offset=&#8220;vc_col-lg-10&#8243;][vc_single_image image=&#8220;8392&#8243; img_size=&#8220;full&#8220; alignment=&#8220;center&#8220;][\/vc_column_inner][\/vc_row_inner][\/vc_column][\/vc_row][vc_row full_width=&#8220;stretch_row_content_no_spaces&#8220; content_placement=&#8220;middle&#8220; css=&#8220;.vc_custom_1648412937952{padding-bottom: 42px !important;}&#8220;][vc_column width=&#8220;1\/2&#8243;][vc_row_inner][vc_column_inner offset=&#8220;vc_col-lg-offset-2 vc_col-lg-10&#8243;][vc_single_image image=&#8220;7940&#8243; img_size=&#8220;full&#8220; alignment=&#8220;center&#8220;][\/vc_column_inner][\/vc_row_inner][\/vc_column][vc_column width=&#8220;1\/2&#8243;][vc_row_inner][vc_column_inner offset=&#8220;vc_col-lg-offset-2 vc_col-lg-8 vc_col-xs-offset-1 vc_col-xs-10&#8243;][vc_column_text]<\/p>\n<h2>Ethisch hergestellt in Portugal<\/h2>\n<p>[\/vc_column_text][vc_column_text]Diese Turnschuhe werden in Felgueiras, Portugal, von einem Unternehmen hergestellt, das faire L\u00f6hne und Arbeitsbedingungen garantiert.<\/p>\n<p>Die Materiallieferanten sind zertifiziert und m\u00fcssen dank ihrer Lage zwischen Portugal, Spanien und Italien keine Kontinente \u00fcberqueren.[\/vc_column_text][\/vc_column_inner][\/vc_row_inner][\/vc_column][\/vc_row]<\/p>\n<\/section>","protected":false},"excerpt":{"rendered":"<p>[vc_row full_width=&#8220;stretch_row_content_no_spaces&#8220; content_placement=&#8220;middle&#8220; css=&#8220;.vc_custom_1656762282467{background-color: #f2f1ed !important;background-position: center !important;background-repeat: no-repeat !important;background-size: cover !important;}&#8220; el_class=&#8220;row_columns_reverse_mobile&#8220;][vc_column width=&#8220;1\/2&#8243;][vc_row_inner][vc_column_inner offset=&#8220;vc_col-lg-offset-2 vc_col-lg-9 vc_col-xs-offset-1 vc_col-xs-10&#8243;][vc_column_text] Turnschuhe im\u2026<\/p>\n","protected":false},"featured_media":9238,"template":"","meta":{"_acf_changed":false,"_seopress_robots_primary_cat":"0","_seopress_titles_title":"%%title%% %%sep%% 15% Rabatt - Kostenloser Versand | %%sitename%%","_seopress_titles_desc":"Beflamboyant UX-68 Leopard vegane Turnschuhe. \u2713 Auf Lager. \u2713 15% Rabatt. \u2713 Kostenloser Versand innerhalb von 24h. \u2713 Kostenloser Umtausch und R\u00fcckgabe.","_seopress_robots_index":""},"product_cat":[418],"product_tag":[],"class_list":["post-9237","product","type-product","status-publish","has-post-thumbnail","hentry","product_cat-turnschuhe"],"acf":[],"_links":{"self":[{"href":"https:\/\/peugada.pt\/de\/wp-json\/wp\/v2\/product\/9237","targetHints":{"allow":["GET"]}}],"collection":[{"href":"https:\/\/peugada.pt\/de\/wp-json\/wp\/v2\/product"}],"about":[{"href":"https:\/\/peugada.pt\/de\/wp-json\/wp\/v2\/types\/product"}],"wp:featuredmedia":[{"embeddable":true,"href":"https:\/\/peugada.pt\/de\/wp-json\/wp\/v2\/media\/9238"}],"wp:attachment":[{"href":"https:\/\/peugada.pt\/de\/wp-json\/wp\/v2\/media?parent=9237"}],"wp:term":[{"taxonomy":"product_cat","embeddable":true,"href":"https:\/\/peugada.pt\/de\/wp-json\/wp\/v2\/product_cat?post=9237"},{"taxonomy":"product_tag","embeddable":true,"href":"https:\/\/peugada.pt\/de\/wp-json\/wp\/v2\/product_tag?post=9237"}],"curies":[{"name":"wp","href":"https:\/\/api.w.org\/{rel}","templated":true}]}}