{"id":9146,"date":"2021-04-06T15:20:23","date_gmt":"2022-08-21T13:05:41","guid":{"rendered":"https:\/\/peugada.pt\/colecao\/natural-world-old-lavanda-102e-grun\/"},"modified":"2022-08-21T14:05:42","modified_gmt":"2022-08-21T13:05:42","slug":"natural-world-old-lavanda-102e-grun","status":"publish","type":"product","link":"https:\/\/peugada.pt\/de\/colecao\/natural-world-old-lavanda-102e-grun\/","title":{"rendered":"Natural World :: Old Lavanda 102E Gr\u00fcn"},"content":{"rendered":"<section class=\"wpb-content-wrapper\"><p>[vc_row content_placement=&#8220;middle&#8220;][vc_column width=&#8220;1\/2&#8243;][vc_column_text]Old Lavanda ist ein klassischer femininer Trainer, modern und aktuell. Sie sind perfekt f\u00fcr den Alltag, da sie sehr leicht und flexibel sind und gleichzeitig einen hohen Tragekomfort bieten.<\/p>\n<p>Die hier gezeigte Farbe ist gr\u00fcn und l\u00e4sst sich mit jedem Kleidungsst\u00fcck kombinieren.<\/p>\n<p>Sie sind umweltfreundlich und atmungsaktiv. Geliefert in einer recycelten Box.<\/p>\n<ul>\n<li>Hergestellt aus 100% Bio-Baumwolle.<\/li>\n<li>Sohle aus Naturkautschuk.<\/li>\n<\/ul>\n<p>[\/vc_column_text][vc_column_text]<img alt=\"\" loading=\"lazy\" decoding=\"async\" class=\"alignnone wp-image-4427\" src=\"https:\/\/peugada.pt\/wp-content\/uploads\/2021\/04\/logo-100-coton-organico.png\" alt=\"\" width=\"85\" height=\"89\">[\/vc_column_text][\/vc_column][vc_column width=&#8220;1\/2&#8243;][vc_single_image image=&#8220;4307&#8243; img_size=&#8220;full&#8220; alignment=&#8220;center&#8220; onclick=&#8220;link_image&#8220;][\/vc_column][\/vc_row][vc_row][vc_column][vc_column_text]<\/p>\n<h4>Reinigung und Pflege<\/h4>\n<p>[\/vc_column_text][vc_column_text]Maschinenwaschbar bei maximal 30\u00ba.[\/vc_column_text][\/vc_column][\/vc_row]<\/p>\n<\/section>","protected":false},"excerpt":{"rendered":"<p>Old Lavanda ist ein klassischer Damenturnschuh, der sehr flexibel und bequem ist und sich perfekt f\u00fcr den Alltag eignet. Hier wird sie in ihrer gr\u00fcnen Farbe pr\u00e4sentiert.<\/p>\n","protected":false},"featured_media":9154,"template":"","meta":{"_acf_changed":false,"_seopress_robots_primary_cat":"0","_seopress_titles_title":"%%title%% %%sep%% 15% Rabatt - Kostenloser Versand | %%sitename%%","_seopress_titles_desc":"Natural World Old Lavanda Green vegane Turnschuhe. \u2713 Auf Lager. \u2713 15% Rabatt. \u2713 Kostenloser Versand innerhalb von 24h. \u2713 Kostenloser Umtausch und R\u00fcckgabe.","_seopress_robots_index":""},"product_cat":[418],"product_tag":[],"class_list":["post-9146","product","type-product","status-publish","has-post-thumbnail","hentry","product_cat-turnschuhe"],"acf":[],"_links":{"self":[{"href":"https:\/\/peugada.pt\/de\/wp-json\/wp\/v2\/product\/9146","targetHints":{"allow":["GET"]}}],"collection":[{"href":"https:\/\/peugada.pt\/de\/wp-json\/wp\/v2\/product"}],"about":[{"href":"https:\/\/peugada.pt\/de\/wp-json\/wp\/v2\/types\/product"}],"wp:featuredmedia":[{"embeddable":true,"href":"https:\/\/peugada.pt\/de\/wp-json\/wp\/v2\/media\/9154"}],"wp:attachment":[{"href":"https:\/\/peugada.pt\/de\/wp-json\/wp\/v2\/media?parent=9146"}],"wp:term":[{"taxonomy":"product_cat","embeddable":true,"href":"https:\/\/peugada.pt\/de\/wp-json\/wp\/v2\/product_cat?post=9146"},{"taxonomy":"product_tag","embeddable":true,"href":"https:\/\/peugada.pt\/de\/wp-json\/wp\/v2\/product_tag?post=9146"}],"curies":[{"name":"wp","href":"https:\/\/api.w.org\/{rel}","templated":true}]}}