{"id":9084,"date":"2021-04-19T20:38:00","date_gmt":"2022-08-21T12:37:39","guid":{"rendered":"https:\/\/peugada.pt\/colecao\/natural-world-old-murray-679e-grau\/"},"modified":"2022-08-21T13:37:40","modified_gmt":"2022-08-21T12:37:40","slug":"natural-world-old-murray-679e-grau","status":"publish","type":"product","link":"https:\/\/peugada.pt\/de\/colecao\/natural-world-old-murray-679e-grau\/","title":{"rendered":"Natural World :: Old Murray 679E Grau"},"content":{"rendered":"<section class=\"wpb-content-wrapper\"><p>[vc_row content_placement=&#8220;middle&#8220;][vc_column width=&#8220;1\/2&#8243;][vc_column_text]Die Old Murray Alpercatas sind eine Kombination aus Komfort, Qualit\u00e4t und Umweltbewusstsein. Mit ihrem modernen Design f\u00fcr die moderne Frau l\u00e4sst sie sich mit praktisch jedem Stil kombinieren. Ohne jemals die Nachhaltigkeit au\u00dfer Acht zu lassen.<\/p>\n<p>Sie werden vor Ort aus 100 % umweltfreundlichen Materialien hergestellt.<\/p>\n<ul>\n<li>Das Oberteil ist aus nat\u00fcrlicher Baumwolle gefertigt.<\/li>\n<li>Jute-Sohle, die weltweit als die &#8222;goldene Faser&#8220; bekannt ist.<\/li>\n<li>100% Bio-Baumwolle.<\/li>\n<\/ul>\n<p>[\/vc_column_text][vc_column_text]<img alt=\"\" loading=\"lazy\" decoding=\"async\" class=\"alignnone wp-image-4427\" src=\"https:\/\/peugada.pt\/wp-content\/uploads\/2021\/04\/logo-100-coton-organico.png\" alt=\"\" width=\"85\" height=\"89\">[\/vc_column_text][\/vc_column][vc_column width=&#8220;1\/2&#8243;][vc_single_image image=&#8220;3972&#8243; img_size=&#8220;full&#8220; alignment=&#8220;center&#8220; onclick=&#8220;link_image&#8220;][\/vc_column][\/vc_row][vc_row][vc_column][vc_row_inner][vc_column_inner][vc_column_text]<\/p>\n<h4>Reinigung Pflege<\/h4>\n<p>[\/vc_column_text][vc_column_text]Nur sanft b\u00fcrsten, nicht aussp\u00fclen.[\/vc_column_text][\/vc_column_inner][\/vc_row_inner][\/vc_column][\/vc_row]<\/p>\n<\/section>","protected":false},"excerpt":{"rendered":"<p>Old Murray Espadrilles von Natural World sind sehr bequem und perfekt f\u00fcr die h\u00f6heren Temperaturen zu dieser Jahreszeit.<\/p>\n","protected":false},"featured_media":9085,"template":"","meta":{"_acf_changed":false,"_seopress_robots_primary_cat":"0","_seopress_titles_title":"%%title%% %%sep%% 15% Rabatt - Kostenloser Versand | %%sitename%%","_seopress_titles_desc":"Natural World Old Murray Grau vegane Turnschuhe. \u2713 Auf Lager. \u2713 15% Rabatt. \u2713 Kostenloser Versand innerhalb von 24h. \u2713 Kostenloser Umtausch und R\u00fcckgabe.","_seopress_robots_index":""},"product_cat":[424],"product_tag":[],"class_list":["post-9084","product","type-product","status-publish","has-post-thumbnail","hentry","product_cat-espadrilles-de"],"acf":[],"_links":{"self":[{"href":"https:\/\/peugada.pt\/de\/wp-json\/wp\/v2\/product\/9084","targetHints":{"allow":["GET"]}}],"collection":[{"href":"https:\/\/peugada.pt\/de\/wp-json\/wp\/v2\/product"}],"about":[{"href":"https:\/\/peugada.pt\/de\/wp-json\/wp\/v2\/types\/product"}],"wp:featuredmedia":[{"embeddable":true,"href":"https:\/\/peugada.pt\/de\/wp-json\/wp\/v2\/media\/9085"}],"wp:attachment":[{"href":"https:\/\/peugada.pt\/de\/wp-json\/wp\/v2\/media?parent=9084"}],"wp:term":[{"taxonomy":"product_cat","embeddable":true,"href":"https:\/\/peugada.pt\/de\/wp-json\/wp\/v2\/product_cat?post=9084"},{"taxonomy":"product_tag","embeddable":true,"href":"https:\/\/peugada.pt\/de\/wp-json\/wp\/v2\/product_tag?post=9084"}],"curies":[{"name":"wp","href":"https:\/\/api.w.org\/{rel}","templated":true}]}}