{"id":9039,"date":"2022-08-21T13:26:15","date_gmt":"2022-08-21T12:26:15","guid":{"rendered":"https:\/\/peugada.pt\/colecao\/lemon-jelly-enyd-01-schwarz\/"},"modified":"2022-08-21T13:26:16","modified_gmt":"2022-08-21T12:26:16","slug":"lemon-jelly-enyd-01-schwarz","status":"publish","type":"product","link":"https:\/\/peugada.pt\/de\/colecao\/lemon-jelly-enyd-01-schwarz\/","title":{"rendered":"Lemon Jelly :: ENYD 01 Schwarz"},"content":{"rendered":"<section class=\"wpb-content-wrapper\"><p>[vc_row content_placement=&#8220;middle&#8220;][vc_column width=&#8220;1\/2&#8243;][vc_column_text]Diese ENYD sind Plateausandalen von Lemmon Jelly, die hier in Schwarz pr\u00e4sentiert werden. Anspruchsvoll und l\u00e4ssig zugleich, sind sie ein Muss f\u00fcr unsere Garderobe, da sie immer aktuell sind.<\/p>\n<p>Detail mit gepr\u00e4gter Innensohle und Logo in Gold.<\/p>\n<p>Leicht, bequem und nachhaltig.<\/p>\n<ul>\n<li>5-cm-Keil.<\/li>\n<li>7mm EVA-Einlegesohle.<\/li>\n<li>Innensohle mit Musteraufdruck.<\/li>\n<\/ul>\n<p>[\/vc_column_text][vc_column_text]<img alt=\"\" loading=\"lazy\" decoding=\"async\" class=\"alignnone wp-image-4424\" src=\"https:\/\/peugada.pt\/wp-content\/uploads\/2021\/04\/logo_peta02.png\" alt=\"\" width=\"130\" height=\"55\">[\/vc_column_text][\/vc_column][vc_column width=&#8220;1\/2&#8243;][vc_single_image image=&#8220;3936&#8243; img_size=&#8220;full&#8220; alignment=&#8220;center&#8220; onclick=&#8220;link_image&#8220;][\/vc_column][\/vc_row][vc_row][vc_column][vc_column_text]<\/p>\n<h4>Reinigung Pflege<\/h4>\n<p>[\/vc_column_text][vc_row_inner][vc_column_inner width=&#8220;1\/2&#8243;][vc_column_text]Sehr leicht zu reinigen, einfach ein weiches, feuchtes wei\u00dfes Tuch verwenden. Verwenden Sie keine scharfen Reinigungsmittel oder \u00e4tzende Reiniger.[\/vc_column_text][\/vc_column_inner][vc_column_inner width=&#8220;1\/2&#8243;][\/vc_column_inner][\/vc_row_inner][\/vc_column][\/vc_row]<\/p>\n<\/section>","protected":false},"excerpt":{"rendered":"<p>Die ENDY 01 in Schwarz von Lemon Jelly, leichte und weiche Sandalen, die Sie mit au\u00dfergew\u00f6hnlichem Komfort \u00fcberraschen werden.<\/p>\n","protected":false},"featured_media":9040,"template":"","meta":{"_acf_changed":false,"_seopress_robots_primary_cat":"0","_seopress_titles_title":"%%title%% %%sep%% 15% Rabatt - Kostenloser Versand | %%sitename%%","_seopress_titles_desc":"Lemon Jelly ENYD 01 Schwarze vegane Sandalen. \u2713 Auf Lager. \u2713 15% Rabatt. \u2713 Kostenloser Versand innerhalb von 24h. \u2713 Kostenloser Umtausch und R\u00fcckgabe.","_seopress_robots_index":""},"product_cat":[421],"product_tag":[],"class_list":["post-9039","product","type-product","status-publish","has-post-thumbnail","hentry","product_cat-sandalen"],"acf":[],"_links":{"self":[{"href":"https:\/\/peugada.pt\/de\/wp-json\/wp\/v2\/product\/9039","targetHints":{"allow":["GET"]}}],"collection":[{"href":"https:\/\/peugada.pt\/de\/wp-json\/wp\/v2\/product"}],"about":[{"href":"https:\/\/peugada.pt\/de\/wp-json\/wp\/v2\/types\/product"}],"wp:featuredmedia":[{"embeddable":true,"href":"https:\/\/peugada.pt\/de\/wp-json\/wp\/v2\/media\/9040"}],"wp:attachment":[{"href":"https:\/\/peugada.pt\/de\/wp-json\/wp\/v2\/media?parent=9039"}],"wp:term":[{"taxonomy":"product_cat","embeddable":true,"href":"https:\/\/peugada.pt\/de\/wp-json\/wp\/v2\/product_cat?post=9039"},{"taxonomy":"product_tag","embeddable":true,"href":"https:\/\/peugada.pt\/de\/wp-json\/wp\/v2\/product_tag?post=9039"}],"curies":[{"name":"wp","href":"https:\/\/api.w.org\/{rel}","templated":true}]}}