{"id":9908,"date":"2022-11-27T15:17:53","date_gmt":"2022-11-27T15:17:53","guid":{"rendered":"https:\/\/peugada.pt\/alternative-streitbeilegung\/"},"modified":"2022-11-27T15:17:53","modified_gmt":"2022-11-27T15:17:53","slug":"alternative-streitbeilegung","status":"publish","type":"page","link":"https:\/\/peugada.pt\/de\/alternative-streitbeilegung\/","title":{"rendered":"Alternative Streitbeilegung"},"content":{"rendered":"\n<p>Im Falle einer Verbraucherstreitigkeit im Sinne des Gesetzes Nr. 144\/2015 vom 8. September kann sich der Verbraucher an die zust\u00e4ndige alternative Stelle zur Beilegung von Verbraucherstreitigkeiten wenden.<\/p>\n\n<p>Unbeschadet der Bestimmungen der Gesetze, Satzungen und Verordnungen, an die die alternativen Einrichtungen zur Beilegung von Verbraucherstreitigkeiten gebunden sind, gilt die alternative Einrichtung zur Beilegung von Verbraucherstreitigkeiten des Ortes, an dem der Vertrag \u00fcber den Kauf und Verkauf von Waren oder die Erbringung von Dienstleistungen geschlossen wurde, oder alternativ die alternative Einrichtung zur Beilegung von Verbraucherstreitigkeiten, die f\u00fcr den betreffenden Sektor zust\u00e4ndig ist, falls eine solche vorhanden ist, als zust\u00e4ndig f\u00fcr die Beilegung.<\/p>\n\n<p>Gibt es an dem Ort, an dem der Vertrag unterzeichnet wurde, keine zust\u00e4ndige alternative Streitbeilegungsstelle oder halten sich die vorhandenen Stellen aufgrund des Vertragswertes nicht f\u00fcr zust\u00e4ndig, kann sich der Verbraucher an das Nationale Zentrum f\u00fcr die Information und Schlichtung von Verbraucherkonflikten in Lissabon wenden und dabei folgende Angaben machen<br\/><br\/><strong>ADR-Einrichtung:<\/strong><br\/>Nationales Zentrum f\u00fcr Information und Schlichtung von Verbraucherkonflikten (CNIACC)<br\/>Telefon: 21 384 74 84 (von 15 Uhr bis 16 Uhr)<br\/>E-Mail: cniacc@fd.unl.pt<br\/>Facebook: <a rel=\"noreferrer noopener\" href=\"http:\/\/www.facebook.com\/cniacc\" target=\"_blank\">www.facebook.com\/cniacc<\/a><br\/>Mail: Nova University Law School<br\/>Campus Campolide<br\/>1099-032 Lissabon.<br\/><br\/>F\u00fcr weitere Informationen: Verbraucherportal <a rel=\"noreferrer noopener\" href=\"http:\/\/www.consumidor.pt\/\" target=\"_blank\">www.consumidor.pt.<\/a><\/p>\n","protected":false},"excerpt":{"rendered":"<p>Im Falle einer Verbraucherstreitigkeit im Sinne des Gesetzes Nr. 144\/2015 vom 8. September kann sich der Verbraucher an die zust\u00e4ndige\u2026<\/p>\n","protected":false},"author":1,"featured_media":0,"parent":0,"menu_order":0,"comment_status":"closed","ping_status":"closed","template":"","meta":{"_acf_changed":false,"_seopress_robots_primary_cat":"0","_seopress_titles_title":"","_seopress_titles_desc":"","_seopress_robots_index":"yes","footnotes":""},"class_list":["post-9908","page","type-page","status-publish","hentry"],"acf":[],"_links":{"self":[{"href":"https:\/\/peugada.pt\/de\/wp-json\/wp\/v2\/pages\/9908","targetHints":{"allow":["GET"]}}],"collection":[{"href":"https:\/\/peugada.pt\/de\/wp-json\/wp\/v2\/pages"}],"about":[{"href":"https:\/\/peugada.pt\/de\/wp-json\/wp\/v2\/types\/page"}],"author":[{"embeddable":true,"href":"https:\/\/peugada.pt\/de\/wp-json\/wp\/v2\/users\/1"}],"replies":[{"embeddable":true,"href":"https:\/\/peugada.pt\/de\/wp-json\/wp\/v2\/comments?post=9908"}],"version-history":[{"count":1,"href":"https:\/\/peugada.pt\/de\/wp-json\/wp\/v2\/pages\/9908\/revisions"}],"predecessor-version":[{"id":9909,"href":"https:\/\/peugada.pt\/de\/wp-json\/wp\/v2\/pages\/9908\/revisions\/9909"}],"wp:attachment":[{"href":"https:\/\/peugada.pt\/de\/wp-json\/wp\/v2\/media?parent=9908"}],"curies":[{"name":"wp","href":"https:\/\/api.w.org\/{rel}","templated":true}]}}