{"id":9905,"date":"2022-11-27T15:16:21","date_gmt":"2022-11-27T15:16:21","guid":{"rendered":"https:\/\/peugada.pt\/ueber-uns\/"},"modified":"2022-11-27T15:16:21","modified_gmt":"2022-11-27T15:16:21","slug":"ueber-uns","status":"publish","type":"page","link":"https:\/\/peugada.pt\/de\/ueber-uns\/","title":{"rendered":"\u00dcber Uns"},"content":{"rendered":"<section class=\"wpb-content-wrapper\"><p>[vc_row full_width=&#8220;stretch_row_content_no_spaces&#8220; full_height=&#8220;yes&#8220; content_placement=&#8220;middle&#8220;][vc_column css=&#8220;.vc_custom_1618750840104{background-image: url(https:\/\/peugada.pt\/wp-content\/uploads\/2021\/04\/photo-1618343734289-343e69750e00.jpg?id=4420) !important;background-position: center !important;background-repeat: no-repeat !important;background-size: cover !important;}&#8220; offset=&#8220;vc_col-lg-6 vc_col-md-4&#8243;][vc_row_inner][vc_column_inner offset=&#8220;vc_hidden-sm vc_hidden-xs&#8220;][vc_empty_space height=&#8220;100vh&#8220;][\/vc_column_inner][\/vc_row_inner][vc_row_inner][vc_column_inner offset=&#8220;vc_hidden-lg vc_hidden-md vc_hidden-xs&#8220;][vc_empty_space height=&#8220;64vh&#8220;][\/vc_column_inner][\/vc_row_inner][vc_row_inner][vc_column_inner offset=&#8220;vc_hidden-lg vc_hidden-md vc_hidden-sm&#8220;][vc_empty_space height=&#8220;50vh&#8220;][\/vc_column_inner][\/vc_row_inner][\/vc_column][vc_column offset=&#8220;vc_col-lg-6 vc_col-md-8&#8243;][vc_row_inner][vc_column_inner offset=&#8220;vc_hidden-lg vc_hidden-md&#8220;][vc_empty_space][\/vc_column_inner][\/vc_row_inner][vc_row_inner][vc_column_inner offset=&#8220;vc_col-lg-offset-1 vc_col-lg-10&#8243; css=&#8220;.vc_custom_1618750427356{padding-right: 15% !important;padding-left: 15% !important;}&#8220;][vc_column_text]<\/p>\n<h2>Es war einmal in Coxos Strand<\/h2>\n<p>[\/vc_column_text][vc_column_text]<em>Gehen Sie auf Ihre eigene Fahrt? Was ist das?  <\/em><\/p>\n<p><em>Der Druck meiner Mutter folgt darauf, wo ich meine F\u00fc\u00dfe hinstelle.<\/em><\/p>\n<p>Wer die Gegend um Ericeira kennt, wei\u00df, dass der Weg vom Strand zur Ba\u00eda dos Coxos durch die Felsen nicht einfach ist.<br \/>\nUnd so wurde Peugada geboren, der Name, der eine einfache Idee verwirklicht: ein Gesch\u00e4ft f\u00fcr diejenigen, die wie ich wissen, dass ein bisschen von allem zu haben gleichbedeutend sein kann mit nichts zu haben.[\/vc_column_text][\/vc_column_inner][\/vc_row_inner][\/vc_column][\/vc_row][vc_row css=&#8220;.vc_custom_1618763551491{padding-top: 52px !important;padding-bottom: 32px !important;}&#8220;][vc_column offset=&#8220;vc_col-lg-offset-1 vc_col-lg-10&#8243;][vc_row_inner][vc_column_inner width=&#8220;1\/2&#8243;][vc_column_text el_class=&#8220;brand_color responsive_force_left&#8220;]<\/p>\n<h2 style=\"text-align: right;\">Leidenschaftliche, praktische und junggebliebene Frauen<\/h2>\n<p>[\/vc_column_text][\/vc_column_inner][vc_column_inner width=&#8220;1\/2&#8243;][vc_column_text]<\/p>\n<div class=\"page\" title=\"Page 3\">\n<div class=\"layoutArea\">\n<div class=\"column\">\n<p style=\"text-align: left;\">Immer mehr Turnschuhe und praktisches Schuhwerk geh\u00f6ren zum Alltag der Frauen, und zwar nicht nur, wie fr\u00fcher \u00fcblich, in der j\u00fcngeren Altersgruppe, sondern mehr denn je in den \u00e4lteren Altersgruppen.<\/p>\n<p style=\"text-align: left;\">Schuhe f\u00fcr jede Gelegenheit, Sie m\u00fcssen nur Ihr Outfit anpassen, und wir k\u00f6nnen jeden <em>Look<\/em> erreichen, ob elegant oder leger.<\/p>\n<\/div>\n<\/div>\n<\/div>\n<p>[\/vc_column_text][\/vc_column_inner][\/vc_row_inner][\/vc_column][\/vc_row][vc_row][vc_column width=&#8220;1\/4&#8243;][vc_column_text el_class=&#8220;responsive_force_left responsive_low_margin&#8220;]<\/p>\n<h4 style=\"text-align: right;\">Zeitloses Design, dauerhafte Qualit\u00e4t<\/h4>\n<p>[\/vc_column_text][\/vc_column][vc_column width=&#8220;1\/4&#8243;][vc_column_text]Modelle mit einem Design jenseits des schnelllebigen Modezyklus und einer Material- und Fertigungsqualit\u00e4t, die auf Langlebigkeit ausgerichtet ist.[\/vc_column_text][\/vc_column][vc_column width=&#8220;1\/4&#8243;][vc_column_text el_class=&#8220;responsive_force_left responsive_low_margin&#8220;]<\/p>\n<h4 style=\"text-align: right;\">Unempfindliche Materialien<\/h4>\n<p>[\/vc_column_text][\/vc_column][vc_column width=&#8220;1\/4&#8243;][vc_column_text]Marken, die sich auf die Produktion mit nachhaltigen und recycelten Materialien konzentrieren, um die Auswirkungen der Produktion auf den Planeten zu verringern.[\/vc_column_text][\/vc_column][\/vc_row][vc_row css=&#8220;.vc_custom_1618766156786{padding-top: 32px !important;padding-bottom: 52px !important;}&#8220;][vc_column width=&#8220;1\/4&#8243;][vc_column_text el_class=&#8220;responsive_force_left responsive_low_margin&#8220;]<\/p>\n<h4 style=\"text-align: right;\">Positive Auswirkungen auf die lokale Wirtschaft<\/h4>\n<p>[\/vc_column_text][\/vc_column][vc_column width=&#8220;1\/4&#8243;][vc_column_text]Marken mit Produktion in Portugal oder Spanien, die einen positiven Beitrag zur lokalen Wirtschaft und zur Kreislaufwirtschaft leisten.[\/vc_column_text][\/vc_column][vc_column width=&#8220;1\/4&#8243;][vc_column_text el_class=&#8220;responsive_force_left responsive_low_margin&#8220;]<\/p>\n<h4 style=\"text-align: right;\">Minimierung der Auswirkungen auf die Paketzustellung<\/h4>\n<p>[\/vc_column_text][\/vc_column][vc_column width=&#8220;1\/4&#8243;][vc_column_text]Unser Umweltbewusstsein setzt sich im Versandprozess fort, indem wir recycelte und biologisch abbaubare Materialien verwenden und die f\u00fcr den Versand ben\u00f6tigte Kubikfl\u00e4che auf ein Minimum reduzieren.[\/vc_column_text][\/vc_column][\/vc_row]<\/p>\n<\/section>","protected":false},"excerpt":{"rendered":"<p>[vc_row full_width=&#8220;stretch_row_content_no_spaces&#8220; full_height=&#8220;yes&#8220; content_placement=&#8220;middle&#8220;][vc_column css=&#8220;.vc_custom_1618750840104{background-image: url(https:\/\/peugada.pt\/wp-content\/uploads\/2021\/04\/photo-1618343734289-343e69750e00.jpg?id=4420) !important;background-position: center !important;background-repeat: no-repeat !important;background-size: cover !important;}&#8220; offset=&#8220;vc_col-lg-6 vc_col-md-4&#8243;][vc_row_inner][vc_column_inner offset=&#8220;vc_hidden-sm vc_hidden-xs&#8220;][vc_empty_space height=&#8220;100vh&#8220;][\/vc_column_inner][\/vc_row_inner][vc_row_inner][vc_column_inner offset=&#8220;vc_hidden-lg vc_hidden-md\u2026<\/p>\n","protected":false},"author":2,"featured_media":0,"parent":0,"menu_order":0,"comment_status":"closed","ping_status":"closed","template":"","meta":{"_acf_changed":false,"_seopress_robots_primary_cat":"0","_seopress_titles_title":"%%title%% %%sep%% %%sitename%% %%sep%% %%sitedesc%% | 15% Rabatt","_seopress_titles_desc":"Peugada ist ein umweltbewusster veganer Markenschuhladen mit nachhaltiger, lokaler Produktion \ud83c\udf31. Kostenloser versand.","_seopress_robots_index":"","footnotes":""},"class_list":["post-9905","page","type-page","status-publish","hentry"],"acf":[],"_links":{"self":[{"href":"https:\/\/peugada.pt\/de\/wp-json\/wp\/v2\/pages\/9905","targetHints":{"allow":["GET"]}}],"collection":[{"href":"https:\/\/peugada.pt\/de\/wp-json\/wp\/v2\/pages"}],"about":[{"href":"https:\/\/peugada.pt\/de\/wp-json\/wp\/v2\/types\/page"}],"author":[{"embeddable":true,"href":"https:\/\/peugada.pt\/de\/wp-json\/wp\/v2\/users\/2"}],"replies":[{"embeddable":true,"href":"https:\/\/peugada.pt\/de\/wp-json\/wp\/v2\/comments?post=9905"}],"version-history":[{"count":2,"href":"https:\/\/peugada.pt\/de\/wp-json\/wp\/v2\/pages\/9905\/revisions"}],"predecessor-version":[{"id":9907,"href":"https:\/\/peugada.pt\/de\/wp-json\/wp\/v2\/pages\/9905\/revisions\/9907"}],"wp:attachment":[{"href":"https:\/\/peugada.pt\/de\/wp-json\/wp\/v2\/media?parent=9905"}],"curies":[{"name":"wp","href":"https:\/\/api.w.org\/{rel}","templated":true}]}}