{"id":9903,"date":"2022-11-27T15:16:01","date_gmt":"2022-11-27T15:16:01","guid":{"rendered":"https:\/\/peugada.pt\/datenschutzbestimmungen\/"},"modified":"2022-11-27T15:16:01","modified_gmt":"2022-11-27T15:16:01","slug":"datenschutzbestimmungen","status":"publish","type":"page","link":"https:\/\/peugada.pt\/de\/datenschutzbestimmungen\/","title":{"rendered":"Datenschutzbestimmungen"},"content":{"rendered":"\n<h3 class=\"wp-block-heading\">1. Geltungsbereich der Datenschutzrichtlinie<\/h3>\n\n<p>Peugada<em>(Susana Teresa Alves Neves<\/em>) wendet die vorliegende Datenschutzrichtlinie auf seine Website an und respektiert die Privatsph\u00e4re der pers\u00f6nlichen Daten seiner Nutzer, indem sie dar\u00fcber informiert, wie sie gesammelt, behandelt und verwendet werden, sowie \u00fcber die Zwecke, f\u00fcr die sie verwendet werden, wobei ihre Weitergabe an Dritte ausdr\u00fccklich untersagt ist.<br\/>Peugada beh\u00e4lt sich das Recht vor, seine Datenschutzbestimmungen jederzeit zu aktualisieren.<\/p>\n\n<h3 class=\"wp-block-heading\">2. Wie und wann pers\u00f6nliche Daten gesammelt werden<\/h3>\n\n<p>Die personenbezogenen Daten der Nutzer der Website werden erhoben, wenn sie in das Abonnement des Online-Newsletters auf der Website einwilligen. Die Daten werden auch erhoben, um auf Kontaktnachrichten zu antworten und um Bestellungen zu bearbeiten, die \u00fcber unsere Website w\u00e4hrend der Kaufabwicklung oder bei einem Kauf per Telefon oder E-Mail aufgegeben werden.<\/p>\n\n<h3 class=\"wp-block-heading\">3. Zwecke der Verarbeitung personenbezogener Daten<\/h3>\n\n<p>Die personenbezogenen Daten der Nutzer der Website werden zum Zweck der Entwicklung von Vertragsbeziehungen, der Verbreitung von kommerziellen Informationen \u00fcber unsere Produkte, Kampagnen und der Auftragsabwicklung verarbeitet und ausschlie\u00dflich f\u00fcr diese Zwecke verwendet.<\/p>\n\n<p>Personenbezogene Daten werden ohne Ihre vorherige Benachrichtigung oder gegebenenfalls Ihre ausdr\u00fcckliche Zustimmung nicht f\u00fcr andere als die in dieser Datenschutzrichtlinie beschriebenen Zwecke verwendet.<\/p>\n\n<p>Die rechtlichen Gr\u00fcnde, die die Verarbeitung Ihrer personenbezogenen Daten durch Peugada garantieren, sind die folgenden:<\/p>\n\n<p>a) Zustimmung durch Abonnement des Newsletters;<br\/>b) Die personenbezogenen Daten sind f\u00fcr die Erf\u00fcllung eines Vertrags\/den Abschluss eines Kaufs erforderlich;<br\/>c) Die personenbezogenen Daten sind erforderlich, um einer gesetzlichen Verpflichtung nachzukommen, der Peugada unterliegt;<br\/>d) Die personenbezogenen Daten sind zur Wahrung der berechtigten Interessen von Peugada erforderlich, sofern diese gegen\u00fcber den Interessen oder Rechten, Freiheiten und Garantien der betroffenen Person \u00fcberwiegen.<\/p>\n\n<h3 class=\"wp-block-heading\">4. Zeitpunkt der Aufbewahrung der personenbezogenen Daten<\/h3>\n\n<p>Die pers\u00f6nlichen Daten der Nutzer der Internetseite werden f\u00fcr den Zeitraum gesammelt und gespeichert, der f\u00fcr die Erf\u00fcllung der vorgesehenen Zwecke notwendig ist, wobei das Recht auf Abbestellung des Newsletters garantiert wird und die anderen Daten 2 Jahre nach der letzten Nutzung aus der Datenbank von Peugada gel\u00f6scht werden.<\/p>\n\n<h3 class=\"wp-block-heading\">5. Wer hat Zugang zu pers\u00f6nlichen Daten<\/h3>\n\n<p>Die pers\u00f6nlichen Daten der Nutzer der Website werden von der Person verwaltet, die von Peugada intern zu diesem Zweck ernannt wurde, es sei denn, es wird eine Einwilligung eingeholt oder dies ist zur Erf\u00fcllung gesetzlicher Verpflichtungen erforderlich.<\/p>\n\n<h3 class=\"wp-block-heading\">6. Wo werden personenbezogene Daten gespeichert?<\/h3>\n\n<p>Die personenbezogenen Daten der Nutzer der Internetseite werden auf den Servern von Peugada gespeichert, die sich in der Europ\u00e4ischen Union befinden und f\u00fcr die Sicherheits- und Schutzmechanismen garantiert werden, um die Einhaltung der geltenden Datenschutzgesetze zu gew\u00e4hrleisten, wobei derselbe Grundsatz f\u00fcr die Daten im Zusammenhang mit den Newsletter-Abonnements gilt.<\/p>\n\n<h3 class=\"wp-block-heading\">7. Rechte der betroffenen Person<\/h3>\n\n<p>Die Nutzer der Website haben das Recht, von Peugada Zugang zu ihren personenbezogenen Daten zu verlangen, sowie die Berichtigung, Einschr\u00e4nkung oder Beseitigung der Verarbeitung, von der die betroffene Person betroffen ist, oder Widerspruch gegen die Verarbeitung einzulegen, sowie das Recht auf Daten\u00fcbertragbarkeit und auch das Recht, die Einwilligung jederzeit zu widerrufen, ohne dass die Rechtm\u00e4\u00dfigkeit der auf der Grundlage der zuvor erteilten Einwilligung erfolgten Verarbeitung beeintr\u00e4chtigt wird, und dies alles gem\u00e4\u00df den Bestimmungen der Allgemeinen Datenschutzverordnung (DSGVO). Sie haben auch das Recht, eine Beschwerde bei der Aufsichtsbeh\u00f6rde (CNPD &#8211; Comiss\u00e3o Nacional de Prote\u00e7\u00e3o de Dados) einzureichen. Wenn Sie eines Ihrer Rechte aus\u00fcben oder einfach nur Informationen anfordern m\u00f6chten, m\u00fcssen Sie Ihre Anfrage an die E-Mail-Adresse geral@peugada.pt richten.<\/p>\n\n<p>Ihre Privatsph\u00e4re ist f\u00fcr uns sehr wichtig. Peugada garantiert, dass sie angesichts der Bedeutung dieser Angelegenheit aktiv Ma\u00dfnahmen ergriffen hat, die den besten Praktiken entsprechen, um die Vertraulichkeit und Sicherheit Ihrer pers\u00f6nlichen Daten zu gew\u00e4hrleisten, so dass Sie im Falle einer Verletzung sofort informiert werden.<\/p>\n\n<h3 class=\"wp-block-heading\">8. Cookies<\/h3>\n\n<h4 class=\"wp-block-heading\">8.1. Was sind Cookies?<\/h4>\n\n<p><em>Cookies<\/em> sind kleine Textdateien, die von den von Ihnen besuchten Websites im Browser Ihres Computers gespeichert werden. Sie werden h\u00e4ufig von Websites verwendet, um sie funktionsf\u00e4hig zu machen oder ihre Leistung zu verbessern, indem sie den Eigent\u00fcmern der Website Informationen \u00fcber Sie zur Verf\u00fcgung stellen. Die von den Cookies gespeicherten Informationen geben Aufschluss \u00fcber Ihre Nutzungspr\u00e4ferenzen und nicht \u00fcber Ihre pers\u00f6nlichen Daten.<\/p>\n\n<h4 class=\"wp-block-heading\">8.2. Wozu werden Cookies verwendet?<\/h4>\n\n<p>Cookies sind unerl\u00e4sslich, um ein schnelleres und effizienteres Surfen zu erm\u00f6glichen, indem beispielsweise die wiederholte Eingabe der gleichen Informationen vermieden wird.<\/p>\n\n<h4 class=\"wp-block-heading\">8.3. Welche Art von Cookies verwenden wir?<\/h4>\n\n<p><strong>Streng notwendige Cookies:<\/strong> Diese Cookies erm\u00f6glichen es Ihnen, auf der Website zu surfen und die von Peugada zur Verf\u00fcgung gestellten Anwendungen und Dienste zu nutzen, wie z. B. den Zugang zu sicheren Bereichen der Website. Ohne diese Cookies k\u00f6nnen die Dienste nicht bereitgestellt werden.<\/p>\n\n<p><strong>Analytische Cookies:<\/strong> Diese erm\u00f6glichen es, aggregierte Daten f\u00fcr statistische Analysen und die Verbesserung der Website zu erhalten.<\/p>\n\n<p><strong>Funktionale Cookies:<\/strong> Sie erm\u00f6glichen ein einfaches und individuelles Surfen, da sie die Pr\u00e4ferenzen des Nutzers in Bezug auf die Nutzung der Website speichern, so dass sie nicht bei jedem Besuch neu konfiguriert werden m\u00fcssen.<\/p>\n\n<p><strong>Cookies von Dritten:<\/strong> Auf einigen Seiten der Peugada-Website gibt es Komponenten, die von Dritten bereitgestellt werden (z. B. YouTube-Videos, soziale Netzwerke usw.), die Cookies verwenden, die unabh\u00e4ngig von den von Peugada verwalteten Cookies sind.<\/p>\n\n<p><strong>Werbe-Cookies:<\/strong> Erm\u00f6glicht die gezielte Ausrichtung der Werbung auf die Interessen der einzelnen Nutzer durch Erfassung ihrer Internet-Browsing-Gewohnheiten. Auf diese Weise wird die angebotene Werbung Ihren Bed\u00fcrfnissen entsprechen.<\/p>\n\n<p>Einige der auf den Websites verwendeten Cookies werden automatisch von Ihrem Ger\u00e4t gel\u00f6scht, wenn Sie Ihre Browsersitzung schlie\u00dfen (so genannte &#8222;Session-Cookies&#8220;). Andere Arten von Cookies verbleiben auf Ihrem Computer und erm\u00f6glichen es, Sie bei Ihrem n\u00e4chsten Besuch der Website zu identifizieren (so genannte &#8222;permanente Cookies&#8220;).<\/p>\n\n<p>Peugada garantiert, dass mit diesen Cookies keine pers\u00f6nlichen Informationen gespeichert werden.<\/p>\n\n<h4 class=\"wp-block-heading\">8.4. Wie kann ich Cookies deaktivieren?<\/h4>\n\n<p><strong>Microsoft Internet Explorer \/ Microsoft Edge<\/strong> Es gibt mehrere Stufen der Aktivierung und Deaktivierung von Cookies im Internet Explorer. Weitere Informationen zu den Cookie-Einstellungen im Internet Explorer finden Sie auf der folgenden Microsoft-Seite: http: <a href=\"http:\/\/windows.microsoft.com\/pt-PT\/windows-vista\/Block-or-allow-cookies\">\/\/windows.microsoft.com\/pt-PT\/windows-vista\/Block-or-allow-cookies<\/a><\/p>\n\n<p><strong>Google Chrome<\/strong> Sie haben die volle Kontrolle \u00fcber die Cookie-Berechtigungen in Google Chrome. Standardm\u00e4\u00dfig werden alle Cookies zugelassen, aber Sie k\u00f6nnen diese Einstellung anpassen. Wenn auf der Seite, die Sie gerade aufrufen, Cookies gesetzt oder blockiert wurden, wird unten in der Adressleiste ein Symbol angezeigt. Es gibt verschiedene Stufen der Cookie-Aktivierung und -Deaktivierung in Google Chrome. Weitere Informationen zu den Cookie-Einstellungen in Google Chrome finden Sie auf der folgenden Seite: <a href=\"http:\/\/support.google.com\/chrome\/bin\/answer.py?hl=pt&amp;answer=95647&amp;topic=14666&amp;ctx=topic\">http:\/\/support.google.com\/chrome\/bin\/answer.py?hl=pt&amp;answer=95647&amp;topic=14666&amp;ctx=topic<\/a><\/p>\n\n<p><strong>Mozilla Firefox<\/strong> Um alle Cookies in Mozilla Firefox zu deaktivieren: <a href=\"http:\/\/support.mozilla.org\/pt-PT\/kb\/Activar%20e%20Desactivar%20cookies?redirectlocale=en-US&amp;redirectslug=Enabling+and+disabling+cookies\">http:\/\/support.mozilla.org\/pt-PT\/kb\/Activar and Disable cookies?redirectlocale=de-US&amp;redirectslug=Enabling+and+disabling+cookies<\/a><\/p>\n\n<p><strong>Safari<\/strong> So deaktivieren Sie alle Cookies in Safari: <a href=\"http:\/\/support.apple.com\/kb\/HT1677?viewlocale=pt_PTTodos\">support.apple.com\/kb\/HT1677?viewlocale=de_Everyone<\/a>.<\/p>\n\n<p><strong>Andere Internet-Browser (Browser):<\/strong> Schauen Sie im Hilfe-Men\u00fc des Browsers nach oder wenden Sie sich an den Browser-Anbieter.<\/p>\n\n<h3 class=\"wp-block-heading\">9. F\u00fcr die Verarbeitung personenbezogener Daten verantwortliche Person<\/h3>\n\n<p>Die f\u00fcr die Verarbeitung personenbezogener Daten zust\u00e4ndige Stelle ist <span style=\"text-decoration: underline;\">\n  <strong>\n    <em>Susana Neves bei NIPC 505976218<\/em>\n  <\/strong>\n<\/span> mit Sitz in der Rua Principal N\u00ba32, Azinhaga, 2565-834 , der den Zweck und die Mittel der Verarbeitung bestimmt. F\u00fcr weitere Informationen und Klarstellungen zu diesem Thema k\u00f6nnen Sie sich per E-Mail an geral@peugada.pt wenden.<\/p>\n","protected":false},"excerpt":{"rendered":"<p>1. Geltungsbereich der Datenschutzrichtlinie Peugada(Susana Teresa Alves Neves) wendet die vorliegende Datenschutzrichtlinie auf seine Website an und respektiert die Privatsph\u00e4re\u2026<\/p>\n","protected":false},"author":1,"featured_media":0,"parent":0,"menu_order":0,"comment_status":"closed","ping_status":"closed","template":"","meta":{"_acf_changed":false,"_seopress_robots_primary_cat":"0","_seopress_titles_title":"","_seopress_titles_desc":"","_seopress_robots_index":"yes","footnotes":""},"class_list":["post-9903","page","type-page","status-publish","hentry"],"acf":[],"_links":{"self":[{"href":"https:\/\/peugada.pt\/de\/wp-json\/wp\/v2\/pages\/9903","targetHints":{"allow":["GET"]}}],"collection":[{"href":"https:\/\/peugada.pt\/de\/wp-json\/wp\/v2\/pages"}],"about":[{"href":"https:\/\/peugada.pt\/de\/wp-json\/wp\/v2\/types\/page"}],"author":[{"embeddable":true,"href":"https:\/\/peugada.pt\/de\/wp-json\/wp\/v2\/users\/1"}],"replies":[{"embeddable":true,"href":"https:\/\/peugada.pt\/de\/wp-json\/wp\/v2\/comments?post=9903"}],"version-history":[{"count":1,"href":"https:\/\/peugada.pt\/de\/wp-json\/wp\/v2\/pages\/9903\/revisions"}],"predecessor-version":[{"id":9904,"href":"https:\/\/peugada.pt\/de\/wp-json\/wp\/v2\/pages\/9903\/revisions\/9904"}],"wp:attachment":[{"href":"https:\/\/peugada.pt\/de\/wp-json\/wp\/v2\/media?parent=9903"}],"curies":[{"name":"wp","href":"https:\/\/api.w.org\/{rel}","templated":true}]}}