{"id":9900,"date":"2022-11-27T15:07:00","date_gmt":"2022-11-27T15:07:00","guid":{"rendered":"https:\/\/peugada.pt\/versand-ruecksendungen-und-zahlungen\/"},"modified":"2022-11-27T15:07:01","modified_gmt":"2022-11-27T15:07:01","slug":"versand-ruecksendungen-und-zahlungen","status":"publish","type":"page","link":"https:\/\/peugada.pt\/de\/versand-ruecksendungen-und-zahlungen\/","title":{"rendered":"Versand, R\u00fccksendungen und Zahlungen"},"content":{"rendered":"<section class=\"wpb-content-wrapper\"><p>[vc_row full_width=&#8220;stretch_row_content_no_spaces&#8220; full_height=&#8220;yes&#8220; columns_placement=&#8220;top&#8220; equal_height=&#8220;yes&#8220; content_placement=&#8220;top&#8220;][vc_column css=&#8220;.vc_custom_1617109797738{padding-right: 4vw !important;padding-left: 6.5vw !important;background-color: #f6c845 !important;}&#8220; offset=&#8220;vc_col-lg-4 vc_col-md-5&#8243;][vc_row_inner][vc_column_inner offset=&#8220;vc_hidden-sm vc_hidden-xs&#8220;][vc_empty_space height=&#8220;10vw&#8220;][vc_custom_heading text=&#8220;Informationen zu Versand, Umtausch, R\u00fcckgabe und Zahlung.&#8220; font_container=&#8220;tag:p|font_size:30px|text_align:left|color:%23221019|line_height:40px&#8220; use_theme_fonts=&#8220;yes&#8220;][vc_column_text]Haben Sie weitere Fragen? Sie erreichen uns unter loja@peugada.pt oder +351 916 956 768.[\/vc_column_text][vc_separator color=&#8220;custom&#8220; accent_color=&#8220;#e8b621&#8243;][vc_widget_sidebar sidebar_id=&#8220;sidebar&#8220;][\/vc_column_inner][\/vc_row_inner][vc_row_inner][vc_column_inner offset=&#8220;vc_hidden-lg vc_hidden-md&#8220;][vc_empty_space height=&#8220;102px&#8220;][vc_custom_heading text=&#8220;Informationen zu Versand, Umtausch, R\u00fcckgabe und Zahlung.&#8220; font_container=&#8220;tag:p|font_size:24px|text_align:left|color:%23221019|line_height:36px&#8220; use_theme_fonts=&#8220;yes&#8220;][vc_column_text]Haben Sie weitere Fragen? Sie erreichen uns unter loja@peugada.pt oder +351 916 956 768.[\/vc_column_text][\/vc_column_inner][\/vc_row_inner][\/vc_column][vc_column offset=&#8220;vc_col-lg-8 vc_col-md-7&#8243; css=&#8220;.vc_custom_1545636776711{padding-right: 7vw !important;padding-left: 7vw !important;}&#8220;][vc_row_inner el_id=&#8220;envios&#8220;][vc_column_inner offset=&#8220;vc_hidden-md vc_hidden-sm vc_hidden-xs&#8220;][vc_empty_space height=&#8220;12vw&#8220;][\/vc_column_inner][\/vc_row_inner][vc_row_inner][vc_column_inner offset=&#8220;vc_hidden-lg vc_hidden-sm vc_hidden-xs&#8220;][vc_empty_space height=&#8220;14vw&#8220;][\/vc_column_inner][\/vc_row_inner][vc_row_inner][vc_column_inner offset=&#8220;vc_hidden-lg vc_hidden-md&#8220;][vc_empty_space height=&#8220;40px&#8220;][\/vc_column_inner][\/vc_row_inner][vc_row_inner][vc_column_inner][vc_column_text el_class=&#8220;brand_color2&#8243;]<\/p>\n<h2>Weiterleitung der Bestellung<\/h2>\n<p>[\/vc_column_text][\/vc_column_inner][\/vc_row_inner][vc_row_inner css=&#8220;.vc_custom_1545639505775{margin-bottom: 30px !important;}&#8220;][vc_column_inner width=&#8220;1\/2&#8243; css=&#8220;.vc_custom_1545637744226{padding-right: 30px !important;}&#8220;][vc_column_text el_class=&#8220;fontweight_500&#8243;]<\/p>\n<h4>Wohin wir liefern<\/h4>\n<p>[\/vc_column_text][\/vc_column_inner][vc_column_inner width=&#8220;1\/2&#8243;][vc_column_text el_class=&#8220;fontweight_400&#8243;]Alle L\u00e4nder der Europ\u00e4ischen Union, das Vereinigte K\u00f6nigreich und die Schweiz.[\/vc_column_text][\/vc_column_inner][\/vc_row_inner][vc_row_inner css=&#8220;.vc_custom_1545639505775{margin-bottom: 30px !important;}&#8220;][vc_column_inner width=&#8220;1\/2&#8243; css=&#8220;.vc_custom_1545637744226{padding-right: 30px !important;}&#8220;][vc_column_text el_class=&#8220;fontweight_500&#8243;]<\/p>\n<h4>Wie hoch sind die Versandkosten?<\/h4>\n<p>[\/vc_column_text][\/vc_column_inner][vc_column_inner width=&#8220;1\/2&#8243;][vc_column_text el_class=&#8220;fontweight_400&#8243;]<strong>Portugal Festland + Inseln:<\/strong> 4\u20ac. <span style=\"text-decoration: underline;\">Kostenlos:<\/span> Eink\u00e4ufe \u00fcber 49\u20ac.<br \/>\n<strong>Spanien:<\/strong> 5\u20ac. <span style=\"text-decoration: underline;\">Kostenlos:<\/span> Eink\u00e4ufe \u00fcber 49\u20ac.<br \/>\n<strong>Europ\u00e4ische Union: <\/strong>Bitte beachten Sie <a href=\"#\">diese Tabelle<\/a>.<br \/>\n<strong>Schweiz und Vereinigtes K\u00f6nigreich:<\/strong> \u00a320 (einschlie\u00dflich Zollgeb\u00fchren).[\/vc_column_text][\/vc_column_inner][\/vc_row_inner][vc_row_inner css=&#8220;.vc_custom_1630849331478{margin-bottom: 30px !important;}&#8220; el_id=&#8220;taxas&#8220;][vc_column_inner width=&#8220;1\/2&#8243; css=&#8220;.vc_custom_1545637744226{padding-right: 30px !important;}&#8220;][vc_column_text el_class=&#8220;fontweight_500&#8243;]<\/p>\n<h4>Vereinigtes K\u00f6nigreich und Schweiz<br \/>\nZ\u00f6lle und Einfuhrabgaben<\/h4>\n<p>[\/vc_column_text][\/vc_column_inner][vc_column_inner width=&#8220;1\/2&#8243;][vc_column_text el_class=&#8220;fontweight_400&#8243;]<\/p>\n<p style=\"margin-bottom: 0;\"><strong>Einkaufen &gt; \u00a3100:<\/strong> in den Preisen enthalten.<\/p>\n<h6>Bei Eink\u00e4ufen \u00fcber 100 Euro sind Zoll und Einfuhrumsatzsteuer inbegriffen. Sie m\u00fcssen also NICHT mehr bezahlen als den Gesamtbetrag, den Sie an der Kasse sehen.<\/h6>\n<h6>F\u00fcr den unwahrscheinlichen Fall, dass Sie dennoch zur Zahlung von Z\u00f6llen\/Steuern aufgefordert werden, <a href=\"https:\/\/peugada.pt\/de\/kontakt\/\">kontaktieren Sie uns<\/a> bitte.<\/h6>\n<p><strong>K\u00e4ufe &lt;: <\/strong> Bei K\u00e4ufen unter 100 \u20ac ist der Kunde f\u00fcr die Zahlung von Zoll und Einfuhrumsatzsteuer verantwortlich.[\/vc_column_text][\/vc_column_inner][\/vc_row_inner][vc_row_inner css=&#8220;.vc_custom_1545639513198{margin-bottom: 30px !important;}&#8220;][vc_column_inner width=&#8220;1\/2&#8243; css=&#8220;.vc_custom_1545637744226{padding-right: 30px !important;}&#8220;][vc_column_text el_class=&#8220;fontweight_500&#8243;]<\/p>\n<h4>Lieferzeiten<\/h4>\n<p>[\/vc_column_text][\/vc_column_inner][vc_column_inner width=&#8220;1\/2&#8243;][vc_column_text el_class=&#8220;fontweight_400&#8243;]<strong>Festland Portugal:<\/strong> 1 bis 2 Arbeitstage.<br \/>\n<strong>Azoren und Madeira:<\/strong> 3 bis 7 Arbeitstage.<br \/>\n<strong>Europ\u00e4ische Union:<\/strong> 2 bis 8 Arbeitstage.<br \/>\n<strong>Schweiz und Vereinigtes K\u00f6nigreich:<\/strong> 5 bis 12 Arbeitstage.[\/vc_column_text][\/vc_column_inner][\/vc_row_inner][vc_row_inner][vc_column_inner width=&#8220;1\/2&#8243; css=&#8220;.vc_custom_1545637744226{padding-right: 30px !important;}&#8220;][vc_column_text el_class=&#8220;fontweight_500&#8243;]<\/p>\n<h4>Abholnetzwerk DPD<\/h4>\n<p>[\/vc_column_text][\/vc_column_inner][vc_column_inner width=&#8220;1\/2&#8243;][vc_column_text el_class=&#8220;fontweight_400&#8243;]Holen Sie Ihre Bestellung an einer der mehr als 600 DPD Abholstellen auf dem portugiesischen Festland ab.[\/vc_column_text][\/vc_column_inner][\/vc_row_inner][vc_row_inner css=&#8220;.vc_custom_1545639513198{margin-bottom: 30px !important;}&#8220;][vc_column_inner width=&#8220;1\/2&#8243; css=&#8220;.vc_custom_1545637744226{padding-right: 30px !important;}&#8220;][vc_column_text el_class=&#8220;fontweight_500&#8243;]<\/p>\n<h4>Kostenlose Abholung in 1 Stunde<\/h4>\n<p>[\/vc_column_text][\/vc_column_inner][vc_column_inner width=&#8220;1\/2&#8243;][vc_column_text el_class=&#8220;fontweight_400&#8243;]Erh\u00e4ltlich an unserem Abholpunkt innerhalb von 1 Stunde.<br \/>\n\u00d6ffnungszeiten: T\u00e4glich von 10 bis 21 Uhr.<br \/>\nAdresse: Rua 16 de Agosto 14, Pedra &#8211; Torres Vedras.<br \/>\nGPS: 39.058182, -9.345948.[\/vc_column_text][\/vc_column_inner][\/vc_row_inner][vc_row_inner css=&#8220;.vc_custom_1617745212415{margin-bottom: 30px !important;}&#8220; el_id=&#8220;trocas&#8220;][vc_column_inner css=&#8220;.vc_custom_1545637744226{padding-right: 30px !important;}&#8220;][\/vc_column_inner][\/vc_row_inner][vc_separator color=&#8220;custom&#8220; accent_color=&#8220;#f6c845&#8243;][vc_row_inner][vc_column_inner][vc_column_text el_class=&#8220;brand_color2&#8243; css=&#8220;.vc_custom_1617121110472{padding-top: 22px !important;}&#8220;]<\/p>\n<h2>Austausch<\/h2>\n<p>[\/vc_column_text][\/vc_column_inner][\/vc_row_inner][vc_row_inner css=&#8220;.vc_custom_1545639573691{margin-bottom: 30px !important;}&#8220;][vc_column_inner width=&#8220;1\/2&#8243; css=&#8220;.vc_custom_1545637744226{padding-right: 30px !important;}&#8220;][vc_column_text el_class=&#8220;fontweight_500&#8243;]<\/p>\n<h4>Kostenloser Umtausch<\/h4>\n<p>[\/vc_column_text][\/vc_column_inner][vc_column_inner width=&#8220;1\/2&#8243;][vc_column_text el_class=&#8220;fontweight_400&#8243;]Wir k\u00f6nnen die Nummer oder das Modell kostenlos \u00e4ndern. Wenn wir die von Ihnen gew\u00fcnschte Nummer nicht haben, k\u00f6nnen wir sie gegen ein anderes Modell austauschen oder Ihnen den gezahlten Betrag zur\u00fcckerstatten.<\/p>\n<p>Schicken Sie einfach eine E-Mail an loja@peugada.pt und wir werden den Austauschprozess einleiten.[\/vc_column_text][\/vc_column_inner][\/vc_row_inner][vc_row_inner css=&#8220;.vc_custom_1545639573691{margin-bottom: 30px !important;}&#8220;][vc_column_inner width=&#8220;1\/2&#8243; css=&#8220;.vc_custom_1545637744226{padding-right: 30px !important;}&#8220;][vc_column_text el_class=&#8220;fontweight_500&#8243;]<\/p>\n<h4>30 Tage bis zum Umtausch<\/h4>\n<p>[\/vc_column_text][\/vc_column_inner][vc_column_inner width=&#8220;1\/2&#8243;][vc_column_text el_class=&#8220;fontweight_400&#8243;]Sie haben 30 Tage Zeit, Ihre Artikel umzutauschen &#8211; ab dem Tag, an dem wir Ihre Bestellung versenden.[\/vc_column_text][\/vc_column_inner][\/vc_row_inner][vc_row_inner css=&#8220;.vc_custom_1545639573691{margin-bottom: 30px !important;}&#8220;][vc_column_inner width=&#8220;1\/2&#8243; css=&#8220;.vc_custom_1545637744226{padding-right: 30px !important;}&#8220;][vc_column_text el_class=&#8220;fontweight_500&#8243;]<\/p>\n<h4>Weihnachts-Swaps vom 31. Januar<\/h4>\n<p>[\/vc_column_text][\/vc_column_inner][vc_column_inner width=&#8220;1\/2&#8243;][vc_column_text el_class=&#8220;fontweight_400&#8243;]In der Weihnachtszeit k\u00f6nnen ausnahmsweise alle Eink\u00e4ufe, die nach dem 15. November get\u00e4tigt werden, bis zum 31. Januar des Folgejahres eingel\u00f6st werden.[\/vc_column_text][\/vc_column_inner][\/vc_row_inner][vc_row_inner css=&#8220;.vc_custom_1545639573691{margin-bottom: 30px !important;}&#8220;][vc_column_inner width=&#8220;1\/2&#8243; css=&#8220;.vc_custom_1545637744226{padding-right: 30px !important;}&#8220;][vc_column_text el_class=&#8220;fontweight_500&#8243;]<\/p>\n<h4>Bedingungen f\u00fcr den Austausch<\/h4>\n<p>[\/vc_column_text][\/vc_column_inner][vc_column_inner width=&#8220;1\/2&#8243;][vc_column_text el_class=&#8220;fontweight_400&#8243;]Der Artikel muss keine Gebrauchsspuren aufweisen und alle Merkmale und Etiketten m\u00fcssen intakt sein. Wir empfehlen Ihnen, den Schuh auf einem Teppich oder einem Vorleger auszuprobieren.<\/p>\n<p>Erst wenn wir das Produkt erhalten haben, senden wir Ihnen die Ersatznummer zu. Sie k\u00f6nnen es auch gegen ein anderes Modell eines beliebigen Wertes umtauschen. Wenn Sie sich f\u00fcr den Umtausch in ein g\u00fcnstigeres Modell entscheiden, wird der Differenzbetrag per Bank\u00fcberweisung erstattet, unabh\u00e4ngig von der verwendeten Zahlungsmethode.[\/vc_column_text][\/vc_column_inner][\/vc_row_inner][vc_row_inner][vc_column_inner width=&#8220;1\/2&#8243; css=&#8220;.vc_custom_1545637744226{padding-right: 30px !important;}&#8220;][vc_column_text el_class=&#8220;fontweight_500&#8243;]<\/p>\n<h4>Bei Ihrem ersten Umtausch sind die Versandkosten kostenlos (Portugal + Spanien Festland)<\/h4>\n<p>[\/vc_column_text][\/vc_column_inner][vc_column_inner width=&#8220;1\/2&#8243;][vc_column_text el_class=&#8220;fontweight_400&#8243;]Bei Ihrem ersten Umtausch sind die Versandkosten v\u00f6llig kostenlos. G\u00fcltig f\u00fcr das portugiesische Festland und das spanische Festland.<\/p>\n<p>Alles, was Sie tun m\u00fcssen, ist umpacken und bestellen. Wir werden einen Kurier schicken, um die Ware abzuholen. Sobald wir sie erhalten, senden wir Ihnen die Nummer oder das Modell Ihrer Wahl erneut zu. Immer ohne jegliche Versandkosten.<\/p>\n<p>Sie haben nichts zu verpacken und k\u00f6nnen unsere Verpackungen nicht wiederverwenden? Alles, was Sie brauchen, ist eine geheftete Papiert\u00fcte. Wir legen bereits Aufkleber bei, damit Sie das Paket verschlie\u00dfen k\u00f6nnen.[\/vc_column_text][\/vc_column_inner][\/vc_row_inner][vc_row_inner css=&#8220;.vc_custom_1617745242801{margin-bottom: 30px !important;}&#8220; el_id=&#8220;pagamentos&#8220;][vc_column_inner css=&#8220;.vc_custom_1545637744226{padding-right: 30px !important;}&#8220;][\/vc_column_inner][\/vc_row_inner][vc_separator color=&#8220;custom&#8220; accent_color=&#8220;#f6c845&#8243;][vc_row_inner][vc_column_inner][vc_column_text css=&#8220;.vc_custom_1617111587441{padding-top: 22px !important;}&#8220; el_class=&#8220;brand_color2&#8243;]<\/p>\n<h2>Zahlungen<\/h2>\n<p>[\/vc_column_text][\/vc_column_inner][\/vc_row_inner][vc_row_inner css=&#8220;.vc_custom_1545639768226{margin-bottom: 30px !important;}&#8220;][vc_column_inner width=&#8220;1\/2&#8243; css=&#8220;.vc_custom_1545637744226{padding-right: 30px !important;}&#8220;][vc_column_text el_class=&#8220;fontweight_500&#8243;]<\/p>\n<h4>Verf\u00fcgbare Zahlungsarten<\/h4>\n<p>[\/vc_column_text][\/vc_column_inner][vc_column_inner width=&#8220;1\/2&#8243;][vc_column_text el_class=&#8220;fontweight_400&#8243;]MBWay.<br \/>\nMultibanco-Referenz.<br \/>\nBank\u00fcberweisung.<br \/>\nKreditkarte.<br \/>\nPayPal.[\/vc_column_text][\/vc_column_inner][\/vc_row_inner][vc_row_inner css=&#8220;.vc_custom_1545639768226{margin-bottom: 30px !important;}&#8220;][vc_column_inner width=&#8220;1\/2&#8243; css=&#8220;.vc_custom_1545637744226{padding-right: 30px !important;}&#8220;][vc_column_text el_class=&#8220;fontweight_500&#8243;]<\/p>\n<h4>Zahlung bei Lieferung<\/h4>\n<p>[\/vc_column_text][\/vc_column_inner][vc_column_inner width=&#8220;1\/2&#8243;][vc_column_text el_class=&#8220;fontweight_400&#8243;]Wenn Sie &#8222;Kostenlose Abholung in 1 Stunde&#8220; w\u00e4hlen, k\u00f6nnen Sie auch per Nachnahme bezahlen. Zahlung in bar oder MBWay.[\/vc_column_text][\/vc_column_inner][\/vc_row_inner][vc_row_inner][vc_column_inner width=&#8220;1\/2&#8243; css=&#8220;.vc_custom_1545637744226{padding-right: 30px !important;}&#8220;][vc_column_text el_class=&#8220;fontweight_500&#8243;]<\/p>\n<h4>Benachrichtigung \u00fcber die Zahlung<\/h4>\n<p>[\/vc_column_text][\/vc_column_inner][vc_column_inner width=&#8220;1\/2&#8243;][vc_column_text el_class=&#8220;fontweight_400&#8243;]<strong>Bank\u00fcberweisung:<\/strong> Senden Sie uns eine E-Mail, wenn Sie Ihre Zahlung geleistet haben, um den Versand Ihrer Bestellung zu beschleunigen.<br \/>\n<strong>Andere Zahlungsarten:<\/strong> Wir werden automatisch benachrichtigt, wenn Sie Ihre Zahlung leisten.[\/vc_column_text][\/vc_column_inner][\/vc_row_inner][vc_row_inner el_id=&#8220;devolucoes&#8220; css=&#8220;.vc_custom_1617745157010{margin-bottom: 30px !important;}&#8220;][vc_column_inner css=&#8220;.vc_custom_1545637744226{padding-right: 30px !important;}&#8220;][\/vc_column_inner][\/vc_row_inner][vc_separator color=&#8220;custom&#8220; accent_color=&#8220;#f6c845&#8243;][vc_row_inner][vc_column_inner][vc_column_text css=&#8220;.vc_custom_1617121166319{padding-top: 22px !important;}&#8220; el_class=&#8220;brand_color2&#8243;]<\/p>\n<h2>R\u00fcckgabe<\/h2>\n<p>[\/vc_column_text][\/vc_column_inner][\/vc_row_inner][vc_row_inner css=&#8220;.vc_custom_1545639573691{margin-bottom: 30px !important;}&#8220;][vc_column_inner width=&#8220;1\/2&#8243; css=&#8220;.vc_custom_1545637744226{padding-right: 30px !important;}&#8220;][vc_column_text el_class=&#8220;fontweight_500&#8243;]<\/p>\n<h4>R\u00fcckgabe eines defekten Artikels<\/h4>\n<p>[\/vc_column_text][\/vc_column_inner][vc_column_inner width=&#8220;1\/2&#8243;][vc_column_text el_class=&#8220;fontweight_400&#8243;]Sie haben das Recht, die Artikel zur\u00fcckzusenden, wenn sie M\u00e4ngel oder andere Unstimmigkeiten in Bezug auf die bestellten Artikel aufweisen, und die R\u00fcckgabe muss innerhalb von 14 Tagen nach Erhalt der Bestellung erfolgen. Ihre gesetzlichen Rechte bleiben davon unber\u00fchrt.<br \/>\nWenn Ihre Reklamation berechtigt ist, werden Ihnen der Kaufpreis und die R\u00fccksendekosten erstattet.[\/vc_column_text][\/vc_column_inner][\/vc_row_inner][vc_row_inner css=&#8220;.vc_custom_1545639573691{margin-bottom: 30px !important;}&#8220;][vc_column_inner width=&#8220;1\/2&#8243; css=&#8220;.vc_custom_1545637744226{padding-right: 30px !important;}&#8220;][vc_column_text el_class=&#8220;fontweight_500&#8243;]<\/p>\n<h4>R\u00fcckkehr des Artikels<\/h4>\n<p>[\/vc_column_text][\/vc_column_inner][vc_column_inner width=&#8220;1\/2&#8243;][vc_column_text el_class=&#8220;fontweight_400&#8243;]Sie k\u00f6nnen den Artikel im Rahmen des kostenlosen Widerrufsrechts bis zu 14 Tage nach Erhalt der Bestellung zur\u00fcckgeben, vorausgesetzt, dass:<\/p>\n<p>a) Die Gegenst\u00e4nde sind nicht benutzt worden;<br \/>\nb) Der Artikel beh\u00e4lt seine urspr\u00fcnglichen Merkmale und Etiketten bei;<br \/>\nc) Alle Schuhe wurden vor dem Gebrauch auf einem Teppichboden ausprobiert;<\/p>\n<p>Die durch die R\u00fccksendung der Bestellung entstehenden Kosten gehen zu Lasten des Kunden. Eine E-Mail sollte an <a href=\"mailto:loja@peugada.pt\">loja@peugada.pt<\/a> geschickt werden, um die R\u00fccksendung der Bestellung zu beantragen.<\/p>\n<p>Sobald wir den zur\u00fcckgesandten Artikel erhalten, analysieren und best\u00e4tigen wir seinen Erhaltungszustand und erstatten gegebenenfalls innerhalb einer Frist von h\u00f6chstens f\u00fcnfzehn Tagen den vom Kunden gezahlten Betrag, abz\u00fcglich der Kosten f\u00fcr die R\u00fccksendung der Bestellung.[\/vc_column_text][\/vc_column_inner][\/vc_row_inner][vc_empty_space height=&#8220;50px&#8220;][\/vc_column][\/vc_row]<\/p>\n<\/section>","protected":false},"excerpt":{"rendered":"<p>[vc_row full_width=&#8220;stretch_row_content_no_spaces&#8220; full_height=&#8220;yes&#8220; columns_placement=&#8220;top&#8220; equal_height=&#8220;yes&#8220; content_placement=&#8220;top&#8220;][vc_column css=&#8220;.vc_custom_1617109797738{padding-right: 4vw !important;padding-left: 6.5vw !important;background-color: #f6c845 !important;}&#8220; offset=&#8220;vc_col-lg-4 vc_col-md-5&#8243;][vc_row_inner][vc_column_inner offset=&#8220;vc_hidden-sm vc_hidden-xs&#8220;][vc_empty_space height=&#8220;10vw&#8220;][vc_custom_heading text=&#8220;Informationen zu\u2026<\/p>\n","protected":false},"author":1,"featured_media":0,"parent":0,"menu_order":0,"comment_status":"closed","ping_status":"closed","template":"page-peugada.php","meta":{"_acf_changed":false,"_seopress_robots_primary_cat":"0","_seopress_titles_title":"","_seopress_titles_desc":"","_seopress_robots_index":"","footnotes":""},"class_list":["post-9900","page","type-page","status-publish","hentry"],"acf":[],"_links":{"self":[{"href":"https:\/\/peugada.pt\/de\/wp-json\/wp\/v2\/pages\/9900","targetHints":{"allow":["GET"]}}],"collection":[{"href":"https:\/\/peugada.pt\/de\/wp-json\/wp\/v2\/pages"}],"about":[{"href":"https:\/\/peugada.pt\/de\/wp-json\/wp\/v2\/types\/page"}],"author":[{"embeddable":true,"href":"https:\/\/peugada.pt\/de\/wp-json\/wp\/v2\/users\/1"}],"replies":[{"embeddable":true,"href":"https:\/\/peugada.pt\/de\/wp-json\/wp\/v2\/comments?post=9900"}],"version-history":[{"count":2,"href":"https:\/\/peugada.pt\/de\/wp-json\/wp\/v2\/pages\/9900\/revisions"}],"predecessor-version":[{"id":9902,"href":"https:\/\/peugada.pt\/de\/wp-json\/wp\/v2\/pages\/9900\/revisions\/9902"}],"wp:attachment":[{"href":"https:\/\/peugada.pt\/de\/wp-json\/wp\/v2\/media?parent=9900"}],"curies":[{"name":"wp","href":"https:\/\/api.w.org\/{rel}","templated":true}]}}